{"id":805302,"date":"2021-03-18T07:59:00","date_gmt":"2021-03-18T11:59:00","guid":{"rendered":"https:\/\/rankmath.com\/?page_id=805302"},"modified":"2023-08-31T10:32:21","modified_gmt":"2023-08-31T10:32:21","slug":"affiliates","status":"publish","type":"page","link":"https:\/\/rankmath.com\/it\/affiliates\/","title":{"rendered":"Programma di affiliazione Rank Math"},"content":{"rendered":"<div style=\"height:20px\" aria-hidden=\"true\" class=\"wp-block-spacer\"><\/div>\n\n\n<div id=\"rank-math-faq\" class=\"rank-math-block\">\n<div class=\"rank-math-list\">\n<div id=\"faq-question-1616067346704\" class=\"rank-math-list-item\">\n<h3 class=\"rank-math-question\">Esiste una soglia minima di pagamento?<\/h3>\n<div class=\"rank-math-answer\">\n\n<p>S\u00ec, paghiamo i nostri affiliati ogni volta che accumulano guadagni di almeno $200. Se dovessimo inviare i pagamenti al momento di ogni singola vendita, il numero di transazioni sia per te che per noi sfuggirebbe rapidamente di mano. <\/p>\n\n<\/div>\n<\/div>\n<div id=\"faq-question-1616067366571\" class=\"rank-math-list-item\">\n<h3 class=\"rank-math-question\">Devo essere un utente Rank Math?<\/h3>\n<div class=\"rank-math-answer\">\n\n<p>Non necessariamente, tuttavia, consigliamo di utilizzare Rank Math perch\u00e9 pi\u00f9 acquisirai familiarit\u00e0 con Rank Math PRO, pi\u00f9 facile sar\u00e0 per te formulare una raccomandazione onesta e mostrarla nei tuoi contenuti, video di YouTube, ecc. <\/p>\n\n<\/div>\n<\/div>\n<div id=\"faq-question-1616067390363\" class=\"rank-math-list-item\">\n<h3 class=\"rank-math-question\">Per quanto tempo un cliente sar\u00e0 attribuito al mio account?<\/h3>\n<div class=\"rank-math-answer\">\n\n<p>A volte un cliente pu\u00f2 richiedere un paio di riprese per effettuare l&#039;acquisto. Tuttavia, ci assicureremo che un referral venga attribuito al tuo account se effettuano un acquisto per 60 giorni. <\/p>\n\n<\/div>\n<\/div>\n<div id=\"faq-question-1616067544300\" class=\"rank-math-list-item\">\n<h3 class=\"rank-math-question\">Quando vengo pagato?<\/h3>\n<div class=\"rank-math-answer\">\n\n<p>Come risultato della nostra politica di rimborso di 30 giorni, dopo tale periodo di grazia, ti pagheremo entro 30 giorni (supponendo che tu soddisfi la soglia minima di pagamento) <\/p>\n\n<\/div>\n<\/div>\n<div id=\"faq-question-1616087158921\" class=\"rank-math-list-item\">\n<h3 class=\"rank-math-question\">Ho bisogno di un sito Web per promuovere Rank Math?<\/h3>\n<div class=\"rank-math-answer\">\n\n<p>No, non \u00e8 necessario un sito web per promuovere Rank Math e utilizzare il nostro programma di affiliazione. Se svolgi attivit\u00e0 di marketing a pagamento (previa approvazione da parte nostra), email marketing o guest blogging, puoi richiedere di diventare un affiliato. Tieni presente che non consentiamo il PPC, n\u00e9 direttamente n\u00e9 tramite una pagina di destinazione. <\/p>\n\n<\/div>\n<\/div>\n<div id=\"faq-question-1616087241681\" class=\"rank-math-list-item\">\n<h3 class=\"rank-math-question\">Posso vedere le statistiche e i guadagni?<\/h3>\n<div class=\"rank-math-answer\">\n\n<p>S\u00ec, avrai accesso alla nostra dashboard di affiliazione dove potrai monitorare le tue campagne, monitorare le statistiche e vedere crescere i tuoi guadagni. <\/p>\n\n<\/div>\n<\/div>\n<div id=\"faq-question-1616087296362\" class=\"rank-math-list-item\">\n<h3 class=\"rank-math-question\">Posso acquistare utilizzando il mio link?<\/h3>\n<div class=\"rank-math-answer\">\n\n<p>No, non puoi utilizzare il tuo link per effettuare un acquisto. Il tuo acquisto non sar\u00e0 idoneo per la commissione.<\/p>\n\n<\/div>\n<\/div>\n<div id=\"faq-question-1616087442536\" class=\"rank-math-list-item\">\n<h3 class=\"rank-math-question\">Sto creando un sito Web per qualcuno. Posso segnalarli?<\/h3>\n<div class=\"rank-math-answer\">\n\n<p>Assolutamente. Ti consigliamo di farlo e avrai diritto a guadagnare una commissione. Segnalare a qualcuno di ottenere Rank Math PRO \u00e8 un ottimo modo per guadagnare denaro extra da un cliente esistente. <\/p>\n\n<\/div>\n<\/div>\n<\/div>\n<\/div>\n\n\n<style>\n.entry-title { text-align: center; }\na.wp-block-button__link {\n    text-decoration: none;\n    padding: .667em 1.825em .777em;\n}\n.rank-math-list {\n    display: flex;\n    flex-flow: row wrap;\n    justify-content: space-between;\n}\n.rank-math-list-item {\n    flex: 0 0 49%;\n}\n.rank-math-question {\n    font-size: 1.25rem;\n    font-weight: 600;\n}\n<\/style>","protected":false},"excerpt":{"rendered":"","protected":false},"author":1,"featured_media":805806,"parent":0,"menu_order":0,"comment_status":"closed","ping_status":"closed","template":"page-affiliates.php","meta":{"footnotes":""},"class_list":["post-805302","page","type-page","status-publish","has-post-thumbnail"],"_links":{"self":[{"href":"https:\/\/rankmath.com\/it\/wp-json\/wp\/v2\/pages\/805302","targetHints":{"allow":["GET"]}}],"collection":[{"href":"https:\/\/rankmath.com\/it\/wp-json\/wp\/v2\/pages"}],"about":[{"href":"https:\/\/rankmath.com\/it\/wp-json\/wp\/v2\/types\/page"}],"author":[{"embeddable":true,"href":"https:\/\/rankmath.com\/it\/wp-json\/wp\/v2\/users\/1"}],"replies":[{"embeddable":true,"href":"https:\/\/rankmath.com\/it\/wp-json\/wp\/v2\/comments?post=805302"}],"version-history":[{"count":3,"href":"https:\/\/rankmath.com\/it\/wp-json\/wp\/v2\/pages\/805302\/revisions"}],"predecessor-version":[{"id":1188641,"href":"https:\/\/rankmath.com\/it\/wp-json\/wp\/v2\/pages\/805302\/revisions\/1188641"}],"wp:featuredmedia":[{"embeddable":true,"href":"https:\/\/rankmath.com\/it\/wp-json\/wp\/v2\/media\/805806"}],"wp:attachment":[{"href":"https:\/\/rankmath.com\/it\/wp-json\/wp\/v2\/media?parent=805302"}],"curies":[{"name":"wp","href":"https:\/\/api.w.org\/{rel}","templated":true}]}}