{"id":554356,"date":"2020-06-03T14:00:35","date_gmt":"2020-06-03T18:00:35","guid":{"rendered":"https:\/\/rankmath.com\/?page_id=554356"},"modified":"2025-08-25T06:32:53","modified_gmt":"2025-08-25T06:32:53","slug":"usage-tracking","status":"publish","type":"page","link":"https:\/\/rankmath.com\/it\/usage-tracking\/","title":{"rendered":"Politica di monitoraggio dell&#039;utilizzo del plug-in"},"content":{"rendered":"<p>Per impostazione predefinita, <strong>gli sviluppatori di plugin non ricevono alcun dato di utilizzo da WordPress.org. <\/strong>Questo \u00e8 fantastico perch\u00e9<strong>,<\/strong> nello spirito di WordPress e dell&#039;open-source in generale, significa che le persone hanno il controllo completo dei propri dati. <\/p>\n\n\n\n<p>Detto questo, significa anche che Rank Math non ha informazioni su come le persone interagiscono con il plug-in o identifica situazioni comuni in cui possono sorgere problemi quando si utilizza Rank Math a meno che non ce lo facciano sapere tramite uno dei nostri canali di supporto.<\/p>\n\n\n\n<p>Hence, to improve Rank Math, we offer <strong>optional, <a href=\"https:\/\/rankmath.com\/kb\/usage-tracking\/\" data-type=\"ht_kb\" data-id=\"1579918\">anonymous usage tracking<\/a><\/strong>. Enabling usage tracking is entirely <strong>opt-in<\/strong> and disabled by default. When enabled, this data helps us:\u00a0<\/p>\n\n\n\n<ul class=\"wp-block-list\">\n<li>Understand how Rank Math is used in real-world setups<\/li>\n\n\n\n<li>Identify and resolve bugs more quickly<\/li>\n\n\n\n<li>Prioritize development of features that matter most<\/li>\n\n\n\n<li>Improve compatibility across different server and site environments\u00a0<\/li>\n<\/ul>\n\n\n\n<p>Questo prezioso feedback \u00e8 fondamentale per prendere decisioni informate che portano a una migliore esperienza utente, nuove funzionalit\u00e0, migliore documentazione e, nel complesso, un&#039;esperienza pi\u00f9 piacevole.<\/p>\n\n\n\n<h2 class=\"wp-block-heading\"><strong>Connessione dell&#039;account di Rank Math con il plug-in<\/strong><\/h2>\n\n\n\n<p>When someone connects their Rank Math account with the Rank Math plugin during the initial setup process, we store their website URL and display that in your member area, accessible on rankmath.com, for easy client\/ website management.<\/p>\n\n\n\n<h2 class=\"wp-block-heading\"><strong>Dati della console di ricerca<\/strong><\/h2>\n\n\n\n<p>Noi <strong>non <\/strong>archiviare o elaborare i dati di Google Analytics, Google Search Console o Google AdSense sui nostri server. Il plug-in recupera semplicemente i dati tramite l&#039;API per visualizzarli nell&#039;area di amministrazione di WordPress e <strong>salvalo nel database del tuo sito web<\/strong>.<\/p>\n\n\n\n<h2 class=\"wp-block-heading\"><strong>La tua privacy prima di tutto<\/strong><\/h2>\n\n\n\n<p>Prendiamo molto sul serio la tua privacy e ci assicuriamo che non venga mai utilizzata in modo improprio. Per ulteriori informazioni su come proteggiamo le tue informazioni,&nbsp;<a rel=\"noreferrer noopener\" class=\"rank-math-link rank-math-link\" target=\"_blank\" href=\"https:\/\/rankmath.com\/it\/privacy-policy\/\">leggi la nostra politica sulla privacy qui<\/a>.<\/p>\n\n\n\n<p><em>Last Updated On: 25th Aug, 2025<\/em><\/p>","protected":false},"excerpt":{"rendered":"<p>Per impostazione predefinita, gli sviluppatori di plug-in non ricevono alcun dato di utilizzo da WordPress.org. Questo \u00e8 fantastico perch\u00e9, nello spirito di WordPress e dell&#039;open-source in generale, significa che le persone hanno il controllo completo dei propri dati. Detto questo, significa anche che Rank Math non ha informazioni su come le persone interagiscono con il plug-in o identificano [\u2026]<\/p>","protected":false},"author":37,"featured_media":0,"parent":0,"menu_order":0,"comment_status":"closed","ping_status":"closed","template":"","meta":{"footnotes":""},"class_list":["post-554356","page","type-page","status-publish"],"_links":{"self":[{"href":"https:\/\/rankmath.com\/it\/wp-json\/wp\/v2\/pages\/554356","targetHints":{"allow":["GET"]}}],"collection":[{"href":"https:\/\/rankmath.com\/it\/wp-json\/wp\/v2\/pages"}],"about":[{"href":"https:\/\/rankmath.com\/it\/wp-json\/wp\/v2\/types\/page"}],"author":[{"embeddable":true,"href":"https:\/\/rankmath.com\/it\/wp-json\/wp\/v2\/users\/37"}],"replies":[{"embeddable":true,"href":"https:\/\/rankmath.com\/it\/wp-json\/wp\/v2\/comments?post=554356"}],"version-history":[{"count":4,"href":"https:\/\/rankmath.com\/it\/wp-json\/wp\/v2\/pages\/554356\/revisions"}],"predecessor-version":[{"id":1589985,"href":"https:\/\/rankmath.com\/it\/wp-json\/wp\/v2\/pages\/554356\/revisions\/1589985"}],"wp:attachment":[{"href":"https:\/\/rankmath.com\/it\/wp-json\/wp\/v2\/media?parent=554356"}],"curies":[{"name":"wp","href":"https:\/\/api.w.org\/{rel}","templated":true}]}}