{"id":805672,"date":"2021-03-18T15:18:33","date_gmt":"2021-03-18T19:18:33","guid":{"rendered":"https:\/\/rankmath.com\/?page_id=805672"},"modified":"2024-11-27T17:26:28","modified_gmt":"2024-11-27T17:26:28","slug":"affiliate-terms-and-conditions","status":"publish","type":"page","link":"https:\/\/rankmath.com\/fr\/affiliate-terms-and-conditions\/","title":{"rendered":"Conditions d&#039;utilisation des affili\u00e9s"},"content":{"rendered":"<p>Nous nous r\u00e9servons le droit d&#039;examiner et de mod\u00e9rer toutes les inscriptions d&#039;affili\u00e9s. Veuillez noter que le processus d&#039;examen peut prendre un certain temps car les candidatures sont prises en consid\u00e9ration - nous savons \u00e0 quel point vous devez \u00eatre impatient de devenir affili\u00e9 et nous appr\u00e9cions votre patience.&nbsp;<\/p>\n\n\n\n<p><strong>Comment promouvoir le Rank Math<\/strong><\/p>\n\n\n\n<p>La fa\u00e7on dont vous faites la promotion du Rank Math se refl\u00e8te dans la commission que vous gagnez\u00a0! Nous encourageons l&#039;utilisation de m\u00e9thodes promotionnelles qui ajoutent de la valeur \u00e0 Rank Math et nous apportent des clients l\u00e9gitimes et fid\u00e8les. Nous vous recommandons de cr\u00e9er du contenu \u00e9crit impartial et\/ou des vid\u00e9os sur le SEO et le marketing ou des didacticiels, lorsqu&#039;il est appropri\u00e9 de pr\u00e9senter le Rank Math. En tant qu&#039;affili\u00e9, vous \u00eates tenu de vous conformer \u00e0 toutes les lois applicables en mati\u00e8re de confidentialit\u00e9, y compris le R\u00e8glement g\u00e9n\u00e9ral sur la protection des donn\u00e9es (RGPD) de l&#039;Union europ\u00e9enne. N&#039;oubliez pas que vous ne pouvez pas utiliser les donn\u00e9es personnelles d&#039;un ami ou d&#039;un partenaire commercial sans le consentement appropri\u00e9 lorsque vous faites la promotion publique du Rank Math.<\/p>\n\n\n\n<p><strong>Voici quelques exemples de m\u00e9thodes promotionnelles couramment utilis\u00e9es par les affili\u00e9s les plus performants pour s&#039;inspirer\u00a0:&nbsp;<\/strong><\/p>\n\n\n\n<ul class=\"wp-block-list\">\n<li>Parlez de Rank Math \u00e0 vos clients ou \u00e0 vos amis et donnez-leur votre lien de parrainage d&#039;affili\u00e9 (en leur faisant savoir que vous l&#039;utilisez r\u00e9ellement et que vous pouvez le recommander fortement, mais vous gagnerez une petite commission pour le parrainage)<\/li>\n\n\n\n<li>\u00c9crivez une critique ou un article de blog ou cr\u00e9ez une vid\u00e9o sur un sujet dans SEO et le marketing et mentionnez Rank Math l\u00e0 o\u00f9 cela a du sens, en renvoyant \u00e0 notre site Web avec votre lien de parrainage d&#039;affili\u00e9 et une divulgation appropri\u00e9e.<\/li>\n\n\n\n<li>Atteignez un large public avec vos comptes de r\u00e9seaux sociaux. Tweetez \u00e0 notre sujet sur Twitter avec votre lien de parrainage d&#039;affiliation, publiez sur nous sur Facebook avec votre lien d&#039;affiliation ou communiquez avec vos abonn\u00e9s Linkedin sur le marketing d&#039;affiliation avec votre lien d&#039;affiliation. La promotion sans spam est un excellent moyen d&#039;obtenir plus de r\u00e9f\u00e9rences\u00a0!<\/li>\n\n\n\n<li>R\u00e9digez une critique ou un article de blog sur le marketing d&#039;affiliation ou Rank Math et cr\u00e9ez un lien vers notre site avec votre lien de parrainage.<\/li>\n\n\n\n<li>Offrez de la valeur aux autres en r\u00e9pondant aux questions connexes dans les communaut\u00e9s\/personnellement et demandez-leur d&#039;utiliser votre lien de parrainage s&#039;ils choisissent de faire un achat.&nbsp;<\/li>\n<\/ul>\n\n\n\n<p><strong>Dans le cadre de tout effort de marketing que vous choisissez de faire pour nos produits, veuillez vous assurer que tout le mat\u00e9riel promotionnel respecte les directives suivantes.<\/strong><\/p>\n\n\n\n<ol class=\"wp-block-list\">\n<li>Vous ne devez enfreindre aucune loi ou r\u00e9glementation r\u00e9gissant (i) la publicit\u00e9 fausse ou mensong\u00e8re, (ii) les tirages au sort ou (iii) les jeux d&#039;argent.<\/li>\n\n\n\n<li>Vous ne devez pas offrir d&#039;incitations aux utilisateurs pour qu&#039;ils cliquent sur des publicit\u00e9s ou compl\u00e8tent des offres qui leur rapportent de l&#039;argent, des points, des prix ou les inscrivent automatiquement \u00e0 des concours, des tirages au sort ou des tirages au sort.<\/li>\n\n\n\n<li>Votre mat\u00e9riel promotionnel ne doit contenir aucun d\u00e9nigrement commercial ou contenu calomnieux, diffamatoire ou contrefait\u00a0; et\n<ol class=\"wp-block-list\">\n<li>ne contiennent aucun code lisible par machine qui pourrait \u00eatre involontairement t\u00e9l\u00e9charg\u00e9 sur l&#039;ordinateur d&#039;un destinataire (tel qu&#039;un ver, un virus, un cheval de Troie ou d&#039;autres programmes auto-ex\u00e9cutables) et endommager ou prendre le contr\u00f4le de l&#039;ordinateur du destinataire.<\/li>\n<\/ol>\n<\/li>\n\n\n\n<li>Vos sites Web et\/ou vid\u00e9os ne doivent contenir aucun \u00e9l\u00e9ment\u00a0:\n<ol class=\"wp-block-list\">\n<li>Obsc\u00e8ne ou pornographique\u00a0;<\/li>\n\n\n\n<li>Offensant, blasph\u00e9matoire, haineux, mena\u00e7ant, nuisible, diffamatoire, calomnieux, harcelant ou discriminatoire (qu&#039;il soit fond\u00e9 sur la race, l&#039;origine ethnique, la croyance, la religion, le sexe, l&#039;orientation sexuelle, le handicap physique ou autre)\u00a0;<\/li>\n\n\n\n<li>Graphiquement violent; ou<\/li>\n\n\n\n<li>Soucieux de tout comportement ill\u00e9gal.<\/li>\n<\/ol>\n<\/li>\n\n\n\n<li>Par-dessus tout, vous devez vous conformer \u00e0 toutes les lois, ordonnances, r\u00e8gles, r\u00e8glements, ordonnances, licences, permis, jugements, d\u00e9cisions ou autres exigences de toute autorit\u00e9 gouvernementale qui a juridiction sur vous, que ces lois, etc., soient actuellement en vigueur. ou entrent en vigueur plus tard pendant la p\u00e9riode o\u00f9 vous \u00eates affili\u00e9, y compris la loi CAN-SPAM de 2003 ainsi que les r\u00e8gles et directives de la FTC concernant les approbations, les divulgations et les t\u00e9moignages.&nbsp;<\/li>\n<\/ol>\n\n\n\n<p><strong>Avis sur les produits<\/strong><\/p>\n\n\n\n<p>Dans le cas o\u00f9 vous cr\u00e9ez une critique de Rank Math, vous devez vous assurer que vous divulguez \u00e0 l&#039;avance que vous recevez un pourcentage de chaque vente effectu\u00e9e. De plus, toutes les mentions doivent refl\u00e9ter les opinions ou exp\u00e9riences honn\u00eates de l&#039;endosseur. Toute divulgation doit \u00eatre claire et visible et non cach\u00e9e. Le principe le plus important est qu&#039;un endossement doit repr\u00e9senter l&#039;exp\u00e9rience et l&#039;opinion exactes de l&#039;endosseur.&nbsp;<\/p>\n\n\n\n<p>Au-del\u00e0, vous devez respecter les consignes suivantes\u00a0:&nbsp;<\/p>\n\n\n\n<ol class=\"wp-block-list\">\n<li>Vous ne pouvez pas parler de votre exp\u00e9rience avec un produit si vous ne l&#039;avez pas essay\u00e9.&nbsp;<\/li>\n\n\n\n<li>Si vous avez \u00e9t\u00e9 pay\u00e9 pour essayer un produit et que vous pensiez que c&#039;\u00e9tait terrible, vous ne pouvez pas dire que c&#039;est g\u00e9nial.<\/li>\n\n\n\n<li>Vous ne pouvez pas faire de r\u00e9clamations sur un produit qui n\u00e9cessiteraient une preuve que vous n&#039;avez pas. Par exemple, vous ne pouvez pas affirmer qu\u2019un produit gu\u00e9rira une maladie particuli\u00e8re s\u2019il n\u2019existe aucune preuve scientifique prouvant sa v\u00e9racit\u00e9.&nbsp;<\/li>\n\n\n\n<li>De plus, ces divulgations doivent \u00eatre faites de mani\u00e8re claire, fr\u00e9quente et visible. De telles divulgations garantissent que les lecteurs peuvent formuler une opinion \u00e9clair\u00e9e sur les informations que vous fournissez en comprenant l&#039;influence possible que votre lien mat\u00e9riel avec notre soci\u00e9t\u00e9 pourrait avoir sur votre approbation de nos produits.&nbsp;<\/li>\n<\/ol>\n\n\n\n<p><strong>Liens dans des articles et\/ou des vid\u00e9os<\/strong><\/p>\n\n\n\n<p>Lorsque vous utilisez votre lien d&#039;affiliation Rank Math dans un article et\/ou dans des vid\u00e9os, vous devez afficher une information parfaitement claire sur la nature de vos liens d&#039;affiliation et le lien mat\u00e9riel que vous entretenez avec notre soci\u00e9t\u00e9. Ces divulgations doivent appara\u00eetre sur la m\u00eame page o\u00f9 les liens apparaissent, et elles doivent \u00eatre claires, visibles et ne n\u00e9cessitent aucune interaction suppl\u00e9mentaire de l&#039;utilisateur pour \u00eatre lues (telles que cliquer sur un lien, faire d\u00e9filer ou survoler un \u00e9l\u00e9ment). Selon la FTC elle-m\u00eame, \u00ab Mettre des divulgations dans des endroits obscurs \u2013 par exemple, des enterrements sur une page \u00c0 propos de nous ou des informations g\u00e9n\u00e9rales, ou derri\u00e8re un lien hypertexte mal \u00e9tiquet\u00e9 ou dans un accord de conditions d&#039;utilisation n&#039;est pas suffisant. La personne moyenne qui visite votre site doit \u00eatre en mesure de remarquer votre divulgation, de la lire et de la comprendre \u00bb.&nbsp;<\/p>\n\n\n\n<p>Et en tant que tel, cela signifie que toutes les divulgations doivent appara\u00eetre dans leur int\u00e9gralit\u00e9 avant ou \u00e0 proximit\u00e9 du lien d&#039;affiliation lui-m\u00eame.&nbsp;<\/p>\n\n\n\n<p>Voici un exemple rapide pour vous\u00a0:&nbsp;<\/p>\n\n\n\n<p><strong><em>Divulgation\u00a0: certains des liens dans cet article\/vid\u00e9o sont <\/em><\/strong>&quot;<strong><em>liens d&#039;affiliation \u00bb \u2013 cela signifie que si vous cliquez sur le lien et choisissez d&#039;effectuer un achat, je recevrai une commission d&#039;affiliation.<\/em><\/strong><\/p>\n\n\n\n<p><strong>Partage sur les r\u00e9seaux sociaux<\/strong><\/p>\n\n\n\n<p>Lors de l&#039;utilisation de votre lien d&#039;affiliation Rank Math sur les r\u00e9seaux sociaux, vous devez \u00e9galement afficher une information claire sur la nature des liens et le lien mat\u00e9riel que vous entretenez avec notre soci\u00e9t\u00e9. Sous la forme de publications sur les r\u00e9seaux sociaux, ces divulgations doivent faire partie de la publication contenant le lien d&#039;affiliation.&nbsp;<\/p>\n\n\n\n<p>Exemple de divulgation Twitter\u00a0:&nbsp;<\/p>\n\n\n\n<p>\u00ab Salut tout le monde, j&#039;ai r\u00e9cemment commenc\u00e9 \u00e0 utiliser le plugin Rank Math SEO sur mon site Web, et cela a \u00e9t\u00e9 vraiment utile ! Si vous souhaitez \u00e9galement le consulter, voici mon lien d&#039;affiliation\u00a0: [ins\u00e9rer le lien d&#039;affiliation]. Divulgation compl\u00e8te\u00a0: je re\u00e7ois une commission si vous effectuez un achat via ce lien. #ad #affili\u00e9\u201d<\/p>\n\n\n\n<p>Dans cet exemple, la divulgation est claire et concise et est incluse dans la publication contenant le lien d\u2019affiliation. En utilisant les hashtags #ad et #affiliate, il est clair pour vos abonn\u00e9s qu&#039;il s&#039;agit d&#039;une publication commerciale et que vous entretenez une relation financi\u00e8re avec Rank Math.<\/p>\n\n\n\n<p>En outre, vous devez respecter les conditions de services, les conditions g\u00e9n\u00e9rales et toutes autres conditions l\u00e9gales applicables entre vous et le r\u00e9seau que vous utilisez.&nbsp;<\/p>\n\n\n\n<p><strong>Comment ne pas promouvoir Rank Math<\/strong><\/p>\n\n\n\n<p>Curating a definitive list of the allowed methods of promotion would be endless because there are tons of opportunities. However, what we can do to put your mind at ease is cover what is absolutely prohibited as a part of Rank Math\u2019s affiliate program. If your promotional methods step outside of these affiliate terms, your referrals may be rejected, and we may disable your affiliate account. We reserve the right to do this and may or may not notify you in the instance that this occurs. Please only use allowed promotional methods and help us help you succeed as an affiliate \u2013&nbsp;we thank you for your understanding &amp; support!&nbsp;<\/p>\n\n\n\n<p>Nous aimons et soutenons notre produit 100%, c&#039;est pourquoi nous sommes d&#039;autant plus attentifs \u00e0 la fa\u00e7on dont il est promu et voulons des affili\u00e9s qui nous soutiennent de mani\u00e8re \u00e9thique\u00a0:&nbsp;<\/p>\n\n\n\n<ul class=\"wp-block-list\">\n<li><strong>Rank Math ne peut pas \u00eatre promu sur les sites Web de coupons<\/strong><br>Les clients qui recherchent un coupon Rank Math sont d\u00e9j\u00e0 sur le march\u00e9 pour Rank Math, donc cette m\u00e9thode n&#039;ajoute aucune valeur \u00e0 Rank Math.<\/li>\n\n\n\n<li><strong>Publicit\u00e9 payante utilisant Rank Math<\/strong>&#039;<strong>La marque\/le nom de marque est interdit<\/strong><br>L&#039;achat d&#039;annonces via n&#039;importe quel service, y compris, mais sans s&#039;y limiter, Google AdWords, la publicit\u00e9 sur les r\u00e9seaux sociaux ou le reciblage des annonces \u00e0 l&#039;aide des mots-cl\u00e9s de notre marque et de votre lien d&#039;affiliation entra\u00eenera la d\u00e9sactivation du compte d&#039;affiliation.<\/li>\n\n\n\n<li><strong>Le marketing au paiement par clic est interdit<\/strong><br>Notre programme d&#039;affiliation ne prend pas en charge les pratiques de marketing Pay Per Click. Abstenez-vous de vous engager dans toute activit\u00e9 li\u00e9e \u00e0 la publicit\u00e9 PPC lors de la promotion de nos produits.<\/li>\n\n\n\n<li><strong>Promouvoir des informations incorrectes ou trompeuses<br><\/strong>Toute activit\u00e9 promotionnelle utilisant des informations incorrectes ou trompeuses entra\u00eenera la d\u00e9sactivation du compte affili\u00e9. Cela inclut de fausses informations destin\u00e9es \u00e0 inciter les clients potentiels \u00e0 cliquer. Si vous n&#039;\u00eates pas s\u00fbr des informations ou des d\u00e9tails corrects pour la promotion du Rank Math, veuillez nous contacter \u2013 nous serons toujours heureux de vous aider.<\/li>\n\n\n\n<li><strong>Tout type de spam est interdit<br><\/strong>Spam in any form \u2013&nbsp;whether it is a link, ad, email, or comment is prohibited. Please respect the posting rules of any 3rd-party websites you use to promote Rank Math. This is not an exhaustive list of spam methods \u2013&nbsp;note that if we deem that your activity is spam, it is spam.<\/li>\n\n\n\n<li><strong>Toute activit\u00e9 ill\u00e9gale ou activit\u00e9 jug\u00e9e offensante par nous est interdite<br><\/strong>Celui-ci va vraiment de soi et entra\u00eenera le rejet des parrainages et\/ou la d\u00e9sactivation de votre compte d&#039;affili\u00e9.<\/li>\n\n\n\n<li><strong>Se faisant passer pour repr\u00e9sentant\/agissant en association avec Rank Math<br><\/strong>Nous sommes tr\u00e8s flatt\u00e9s, mais ne pr\u00e9tendez pas \u00eatre un professionnel associ\u00e9 au Rank Math. Les affili\u00e9s ne sont pas consid\u00e9r\u00e9s comme des employ\u00e9s de Rank Math et n&#039;ont aucun droit d&#039;employ\u00e9. Si vous souhaitez proposer des services d&#039;optimisation Rank Math et utiliser votre lien d&#039;affiliation pour recommander Rank Math PRO, cela est acceptable.<\/li>\n\n\n\n<li><strong>Se faire passer pour Rank Math est strictement interdit<br><\/strong>Cloner notre site Web, copier notre site Web ou utiliser l&#039;un de nos actifs prot\u00e9g\u00e9s par le droit d&#039;auteur et pr\u00e9tendre qu&#039;un site cr\u00e9\u00e9 par vous est un site Web officiel de Rank Math est contraire \u00e0 l&#039;\u00e9thique et interdit (cela inclut l&#039;utilisation de services qui clonent automatiquement des sites Web ou les placent dans des iframes).&nbsp;<\/li>\n<\/ul>\n\n\n\n<p><strong>Rembourser les achats<\/strong><\/p>\n\n\n\n<p>Les r\u00e9f\u00e9rences de plus de 30 jours et en r\u00e8gle (c&#039;est-\u00e0-dire que l&#039;achat n&#039;a pas \u00e9t\u00e9 rembours\u00e9) seront incluses dans chaque paiement de commission (si le solde de la commission totalise $200 ou plus). Si un achat est rembours\u00e9, aucune commission ne sera vers\u00e9e pour cette recommandation.<\/p>\n\n\n\n<p>Nous nous r\u00e9servons le droit de rejeter les commissions d&#039;affiliation pour quelque raison que ce soit. Les refus de commission peuvent survenir pour les raisons suivantes\u00a0:<\/p>\n\n\n\n<ol class=\"wp-block-list\">\n<li>La vente sur laquelle le renvoi \u00e9tait bas\u00e9 a \u00e9t\u00e9 rembours\u00e9e.<\/li>\n\n\n\n<li>La m\u00e9thode par laquelle la r\u00e9f\u00e9rence a \u00e9t\u00e9 g\u00e9n\u00e9r\u00e9e \u00e9tait en violation de nos politiques promotionnelles (voir ci-dessus) ou violait l&#039;esprit de l&#039;accord d&#039;affiliation.<\/li>\n<\/ol>\n\n\n\n<p>Pour les r\u00e9trofacturations sur une transaction pour laquelle un paiement d&#039;affiliation a d\u00e9j\u00e0 \u00e9t\u00e9 effectu\u00e9, nous d\u00e9duirons cela de votre paiement ult\u00e9rieur. S&#039;il n&#039;y a pas de commission le mois prochain, le solde de votre affili\u00e9 deviendra n\u00e9gatif.&nbsp;<\/p>\n\n\n\n<p><strong>Dur\u00e9e de vie du cookie de parrainage<\/strong><\/p>\n\n\n\n<p>Le programme d&#039;affiliation de Rank Math verse une commission de 30% sur toutes les ventes, y compris les mises \u00e0 niveau \u2013 ce qui signifie que si quelqu&#039;un passe \u00e0 Rank Math PRO puis passe au plan Business sur toute la ligne, vous continuerez \u00e0 recevoir 30% de ce que le client que vous avez recommand\u00e9 nous paie.<\/p>\n\n\n\n<p>The cookie lifetime is set to 60 days and is last-click, meaning the last affiliate link clicked will be awarded attribution for referring a user\/customer. Once attributed to an affiliate, that affiliate will earn a commission on all purchases from that customer within 60 days.<\/p>\n\n\n\n<p><strong>Nouvelles et mises \u00e0 jour des affili\u00e9s<\/strong><\/p>\n\n\n\n<p>En devenant affili\u00e9, vous acceptez de recevoir des emails de notre part. Ces e-mails seront envoy\u00e9s aux affili\u00e9s uniquement, de mani\u00e8re ponctuelle, et peuvent contenir des informations importantes concernant le programme d&#039;affiliation Rank Math. Ces e-mails vous fourniront \u00e9galement des informations et mises \u00e0 jour pertinentes pour vous aider \u00e0 promouvoir efficacement le Rank Math.&nbsp;<\/p>\n\n\n\n<p>Veuillez noter qu&#039;en tant qu&#039;affili\u00e9, vous pouvez avoir acc\u00e8s \u00e0 des informations sous embargo ou urgentes dans ces e-mails (ces informations ne peuvent \u00eatre promues qu&#039;apr\u00e8s la lev\u00e9e d&#039;un embargo).&nbsp;<\/p>\n\n\n\n<p><strong>Questions concernant votre candidature<\/strong><\/p>\n\n\n\n<p>Lorsque vous postulez pour devenir affili\u00e9, nous pouvons vous envoyer un e-mail \u00e0 l&#039;adresse e-mail que vous avez fournie avec des questions suppl\u00e9mentaires concernant votre candidature.&nbsp;<\/p>\n\n\n\n<p>Cela peut \u00eatre d\u00fb aux raisons suivantes :&nbsp;<\/p>\n\n\n\n<ul class=\"wp-block-list\">\n<li>Nous n&#039;avons pas compris quelque chose dans votre candidature, ou,<\/li>\n\n\n\n<li>Nous aimerions en savoir un peu plus sur la fa\u00e7on dont vous avez l&#039;intention de promouvoir Rank Math et avons besoin d&#039;un peu plus de d\u00e9tails.&nbsp;<\/li>\n<\/ul>\n\n\n\n<p>Si nous vous contactons et que nous n&#039;avons pas de r\u00e9ponse dans les 7 jours, votre candidature peut \u00eatre rejet\u00e9e. Si votre demande initiale est rejet\u00e9e, vous pouvez pr\u00e9senter une nouvelle demande pour devenir affili\u00e9 et nous fournir plus de d\u00e9tails pour r\u00e9examen.&nbsp;<\/p>\n\n\n\n<p><strong>Comptes d&#039;affiliation inactifs<\/strong><\/p>\n\n\n\n<p>Nous encourageons tous nos affili\u00e9s \u00e0 promouvoir Rank Math afin de continuer \u00e0 gagner activement des commissions de parrainage. Si nous pouvons vous aider \u00e0 trouver des id\u00e9es sur la fa\u00e7on de promouvoir le Rank Math, n&#039;h\u00e9sitez pas \u00e0 nous contacter \u2013 nous sommes l\u00e0 pour vous ! Un compte affili\u00e9 est consid\u00e9r\u00e9 comme inactif si aucune visite n&#039;a \u00e9t\u00e9 g\u00e9n\u00e9r\u00e9e apr\u00e8s une p\u00e9riode de 6 mois. Un compte affili\u00e9 dormant sera temporairement d\u00e9sactiv\u00e9 si aucune visite n&#039;a \u00e9t\u00e9 g\u00e9n\u00e9r\u00e9e apr\u00e8s 6 mois.<\/p>\n\n\n\n<p><em>Derni\u00e8re mise \u00e0 jour le:&nbsp;<\/em>22 ao\u00fbt 2023<\/p>","protected":false},"excerpt":{"rendered":"<p>Nous nous r\u00e9servons le droit d&#039;examiner et de mod\u00e9rer toutes les inscriptions d&#039;affili\u00e9s. Veuillez noter que le processus d&#039;examen peut prendre un certain temps car les candidatures sont prises en consid\u00e9ration - nous savons \u00e0 quel point vous devez \u00eatre impatient de devenir affili\u00e9 et nous appr\u00e9cions votre patience. Comment promouvoir les maths de classement La fa\u00e7on dont vous promouvez Rank Math se refl\u00e8te [\u2026]<\/p>","protected":false},"author":1,"featured_media":0,"parent":0,"menu_order":0,"comment_status":"closed","ping_status":"closed","template":"","meta":{"footnotes":""},"class_list":["post-805672","page","type-page","status-publish"],"_links":{"self":[{"href":"https:\/\/rankmath.com\/fr\/wp-json\/wp\/v2\/pages\/805672","targetHints":{"allow":["GET"]}}],"collection":[{"href":"https:\/\/rankmath.com\/fr\/wp-json\/wp\/v2\/pages"}],"about":[{"href":"https:\/\/rankmath.com\/fr\/wp-json\/wp\/v2\/types\/page"}],"author":[{"embeddable":true,"href":"https:\/\/rankmath.com\/fr\/wp-json\/wp\/v2\/users\/1"}],"replies":[{"embeddable":true,"href":"https:\/\/rankmath.com\/fr\/wp-json\/wp\/v2\/comments?post=805672"}],"version-history":[{"count":3,"href":"https:\/\/rankmath.com\/fr\/wp-json\/wp\/v2\/pages\/805672\/revisions"}],"predecessor-version":[{"id":1426473,"href":"https:\/\/rankmath.com\/fr\/wp-json\/wp\/v2\/pages\/805672\/revisions\/1426473"}],"wp:attachment":[{"href":"https:\/\/rankmath.com\/fr\/wp-json\/wp\/v2\/media?parent=805672"}],"curies":[{"name":"wp","href":"https:\/\/api.w.org\/{rel}","templated":true}]}}