{"id":805302,"date":"2021-03-18T07:59:00","date_gmt":"2021-03-18T11:59:00","guid":{"rendered":"https:\/\/rankmath.com\/?page_id=805302"},"modified":"2023-08-31T10:32:21","modified_gmt":"2023-08-31T10:32:21","slug":"affiliates","status":"publish","type":"page","link":"https:\/\/rankmath.com\/fr\/affiliates\/","title":{"rendered":"Programme d&#039;affiliation Rank Math"},"content":{"rendered":"<div style=\"height:20px\" aria-hidden=\"true\" class=\"wp-block-spacer\"><\/div>\n\n\n<div id=\"rank-math-faq\" class=\"rank-math-block\">\n<div class=\"rank-math-list\">\n<div id=\"faq-question-1616067346704\" class=\"rank-math-list-item\">\n<h3 class=\"rank-math-question\">Existe-t-il un seuil de paiement minimum\u00a0?<\/h3>\n<div class=\"rank-math-answer\">\n\n<p>Oui, nous r\u00e9mun\u00e9rons nos affili\u00e9s chaque fois qu&#039;ils accumulent des gains d&#039;au moins $200. Si nous devions envoyer des paiements au moment de chaque vente individuelle, le nombre de transactions pour vous et pour nous deviendrait rapidement incontr\u00f4lable. <\/p>\n\n<\/div>\n<\/div>\n<div id=\"faq-question-1616067366571\" class=\"rank-math-list-item\">\n<h3 class=\"rank-math-question\">Dois-je \u00eatre un utilisateur Rank Math\u00a0?<\/h3>\n<div class=\"rank-math-answer\">\n\n<p>Pas n\u00e9cessairement. Cependant, nous vous conseillons d&#039;utiliser Rank Math car plus vous vous familiariserez avec Rank Math PRO, plus il vous sera facile de faire une recommandation honn\u00eate et de la pr\u00e9senter dans votre contenu, vos vid\u00e9os YouTube, etc. <\/p>\n\n<\/div>\n<\/div>\n<div id=\"faq-question-1616067390363\" class=\"rank-math-list-item\">\n<h3 class=\"rank-math-question\">Combien de temps un client sera-t-il attribu\u00e9 \u00e0 mon compte\u00a0?<\/h3>\n<div class=\"rank-math-answer\">\n\n<p>Parfois, un client peut prendre quelques prises pour effectuer son achat. Cependant, nous nous assurerons qu&#039;une r\u00e9f\u00e9rence sera attribu\u00e9e \u00e0 votre compte s&#039;ils ach\u00e8tent pendant 60 jours. <\/p>\n\n<\/div>\n<\/div>\n<div id=\"faq-question-1616067544300\" class=\"rank-math-list-item\">\n<h3 class=\"rank-math-question\">Quand suis-je pay\u00e9\u00a0?<\/h3>\n<div class=\"rank-math-answer\">\n\n<p>En raison de notre politique de remboursement de 30 jours - apr\u00e8s cette p\u00e9riode de gr\u00e2ce, nous vous paierons dans les 30 jours (en supposant que vous respectez le seuil de paiement minimum) <\/p>\n\n<\/div>\n<\/div>\n<div id=\"faq-question-1616087158921\" class=\"rank-math-list-item\">\n<h3 class=\"rank-math-question\">Ai-je besoin d&#039;un site Web pour promouvoir Rank Math\u00a0?<\/h3>\n<div class=\"rank-math-answer\">\n\n<p>Non, vous n&#039;avez pas besoin d&#039;un site Web pour promouvoir Rank Math et utiliser notre programme d&#039;affiliation. Si vous faites du marketing payant (apr\u00e8s avoir obtenu notre approbation pr\u00e9alable), du marketing par e-mail ou des blogs invit\u00e9s, vous pouvez demander \u00e0 devenir affili\u00e9. Notez que nous n&#039;autorisons pas le PPC \u2013 ni directement ni via une page de destination. <\/p>\n\n<\/div>\n<\/div>\n<div id=\"faq-question-1616087241681\" class=\"rank-math-list-item\">\n<h3 class=\"rank-math-question\">Puis-je voir les statistiques et les gains\u00a0?<\/h3>\n<div class=\"rank-math-answer\">\n\n<p>Oui, vous aurez acc\u00e8s \u00e0 notre tableau de bord d&#039;affiliation, o\u00f9 vous pourrez suivre vos campagnes, surveiller les statistiques et voir vos revenus augmenter. <\/p>\n\n<\/div>\n<\/div>\n<div id=\"faq-question-1616087296362\" class=\"rank-math-list-item\">\n<h3 class=\"rank-math-question\">Puis-je acheter en utilisant mon propre lien\u00a0?<\/h3>\n<div class=\"rank-math-answer\">\n\n<p>Non, vous ne pouvez pas utiliser votre propre lien pour effectuer un achat. Votre achat ne sera pas \u00e9ligible \u00e0 la commission.<\/p>\n\n<\/div>\n<\/div>\n<div id=\"faq-question-1616087442536\" class=\"rank-math-list-item\">\n<h3 class=\"rank-math-question\">Je fais un site Web pour quelqu&#039;un. Puis-je les r\u00e9f\u00e9rer ?<\/h3>\n<div class=\"rank-math-answer\">\n\n<p>Absolument. Nous vous recommandons de le faire et vous aurez droit \u00e0 une commission. Parrainer quelqu&#039;un pour obtenir Rank Math PRO est un excellent moyen de gagner de l&#039;argent suppl\u00e9mentaire aupr\u00e8s d&#039;un client existant. <\/p>\n\n<\/div>\n<\/div>\n<\/div>\n<\/div>\n\n\n<style>\n.entry-title { text-align: center; }\na.wp-block-button__link {\n    text-decoration: none;\n    padding: .667em 1.825em .777em;\n}\n.rank-math-list {\n    display: flex;\n    flex-flow: row wrap;\n    justify-content: space-between;\n}\n.rank-math-list-item {\n    flex: 0 0 49%;\n}\n.rank-math-question {\n    font-size: 1.25rem;\n    font-weight: 600;\n}\n<\/style>","protected":false},"excerpt":{"rendered":"","protected":false},"author":1,"featured_media":805806,"parent":0,"menu_order":0,"comment_status":"closed","ping_status":"closed","template":"page-affiliates.php","meta":{"footnotes":""},"class_list":["post-805302","page","type-page","status-publish","has-post-thumbnail"],"_links":{"self":[{"href":"https:\/\/rankmath.com\/fr\/wp-json\/wp\/v2\/pages\/805302","targetHints":{"allow":["GET"]}}],"collection":[{"href":"https:\/\/rankmath.com\/fr\/wp-json\/wp\/v2\/pages"}],"about":[{"href":"https:\/\/rankmath.com\/fr\/wp-json\/wp\/v2\/types\/page"}],"author":[{"embeddable":true,"href":"https:\/\/rankmath.com\/fr\/wp-json\/wp\/v2\/users\/1"}],"replies":[{"embeddable":true,"href":"https:\/\/rankmath.com\/fr\/wp-json\/wp\/v2\/comments?post=805302"}],"version-history":[{"count":3,"href":"https:\/\/rankmath.com\/fr\/wp-json\/wp\/v2\/pages\/805302\/revisions"}],"predecessor-version":[{"id":1188641,"href":"https:\/\/rankmath.com\/fr\/wp-json\/wp\/v2\/pages\/805302\/revisions\/1188641"}],"wp:featuredmedia":[{"embeddable":true,"href":"https:\/\/rankmath.com\/fr\/wp-json\/wp\/v2\/media\/805806"}],"wp:attachment":[{"href":"https:\/\/rankmath.com\/fr\/wp-json\/wp\/v2\/media?parent=805302"}],"curies":[{"name":"wp","href":"https:\/\/api.w.org\/{rel}","templated":true}]}}