{"id":554356,"date":"2020-06-03T14:00:35","date_gmt":"2020-06-03T18:00:35","guid":{"rendered":"https:\/\/rankmath.com\/?page_id=554356"},"modified":"2025-08-25T06:32:53","modified_gmt":"2025-08-25T06:32:53","slug":"usage-tracking","status":"publish","type":"page","link":"https:\/\/rankmath.com\/fr\/usage-tracking\/","title":{"rendered":"Politique de suivi de l&#039;utilisation du plugin"},"content":{"rendered":"<p>Par d\u00e9faut, <strong>Les d\u00e9veloppeurs de plugins ne re\u00e7oivent aucune donn\u00e9e d&#039;utilisation de WordPress.org. <\/strong>C&#039;est super parce que<strong>,<\/strong> dans l&#039;esprit de WordPress et de l&#039;open-source en g\u00e9n\u00e9ral, cela signifie que les gens ont un contr\u00f4le total sur leurs donn\u00e9es. <\/p>\n\n\n\n<p>Cela \u00e9tant dit, cela signifie \u00e9galement que Rank Math n&#039;a aucune information sur la fa\u00e7on dont les gens interagissent avec le plug-in, ou identifie les situations courantes dans lesquelles des probl\u00e8mes peuvent survenir lors de l&#039;utilisation de Rank Math, \u00e0 moins qu&#039;ils ne nous le fassent savoir via l&#039;un de nos canaux d&#039;assistance.<\/p>\n\n\n\n<p>Hence, to improve Rank Math, we offer <strong>optional, <a href=\"https:\/\/rankmath.com\/kb\/usage-tracking\/\" data-type=\"ht_kb\" data-id=\"1579918\">anonymous usage tracking<\/a><\/strong>. Enabling usage tracking is entirely <strong>opt-in<\/strong> and disabled by default. When enabled, this data helps us:\u00a0<\/p>\n\n\n\n<ul class=\"wp-block-list\">\n<li>Understand how Rank Math is used in real-world setups<\/li>\n\n\n\n<li>Identify and resolve bugs more quickly<\/li>\n\n\n\n<li>Prioritize development of features that matter most<\/li>\n\n\n\n<li>Improve compatibility across different server and site environments\u00a0<\/li>\n<\/ul>\n\n\n\n<p>Ces pr\u00e9cieux commentaires sont essentiels pour prendre des d\u00e9cisions \u00e9clair\u00e9es qui conduisent \u00e0 une meilleure exp\u00e9rience utilisateur, de nouvelles fonctionnalit\u00e9s, une meilleure documentation et, globalement, une exp\u00e9rience plus agr\u00e9able.<\/p>\n\n\n\n<h2 class=\"wp-block-heading\"><strong>Connexion du compte Rank Math avec le plugin<\/strong><\/h2>\n\n\n\n<p>When someone connects their Rank Math account with the Rank Math plugin during the initial setup process, we store their website URL and display that in your member area, accessible on rankmath.com, for easy client\/ website management.<\/p>\n\n\n\n<h2 class=\"wp-block-heading\"><strong>Donn\u00e9es de la console de recherche<\/strong><\/h2>\n\n\n\n<p>Nous <strong>ne pas <\/strong>stocker ou traiter vos donn\u00e9es Google Analytics, Google Search Console ou Google AdSense sur nos serveurs. Le plugin r\u00e9cup\u00e8re simplement les donn\u00e9es via l&#039;API pour les afficher dans votre zone d&#039;administration WordPress et <strong>stockez-le dans la base de donn\u00e9es de votre site Web<\/strong>.<\/p>\n\n\n\n<h2 class=\"wp-block-heading\"><strong>Votre vie priv\u00e9e d&#039;abord<\/strong><\/h2>\n\n\n\n<p>Nous prenons votre vie priv\u00e9e tr\u00e8s au s\u00e9rieux et veillons \u00e0 ce qu&#039;elle ne soit jamais utilis\u00e9e \u00e0 mauvais escient. Pour plus d&#039;informations sur la fa\u00e7on dont nous prot\u00e9geons vos informations,&nbsp;<a rel=\"noreferrer noopener\" class=\"rank-math-link rank-math-link\" target=\"_blank\" href=\"https:\/\/rankmath.com\/fr\/privacy-policy\/\">Lisez notre politique de confidentialit\u00e9 ici<\/a>.<\/p>\n\n\n\n<p><em>Last Updated On: 25th Aug, 2025<\/em><\/p>","protected":false},"excerpt":{"rendered":"<p>Par d\u00e9faut, les d\u00e9veloppeurs de plugins ne re\u00e7oivent aucune donn\u00e9e d&#039;utilisation de WordPress.org. C&#039;est formidable car, dans l&#039;esprit de WordPress et de l&#039;open source en g\u00e9n\u00e9ral, cela signifie que les gens ont un contr\u00f4le total sur leurs donn\u00e9es. Cela \u00e9tant dit, cela signifie \u00e9galement que Rank Math n&#039;a aucune information sur la fa\u00e7on dont les gens interagissent avec le plugin, ou identifient les [\u2026]<\/p>","protected":false},"author":37,"featured_media":0,"parent":0,"menu_order":0,"comment_status":"closed","ping_status":"closed","template":"","meta":{"footnotes":""},"class_list":["post-554356","page","type-page","status-publish"],"_links":{"self":[{"href":"https:\/\/rankmath.com\/fr\/wp-json\/wp\/v2\/pages\/554356","targetHints":{"allow":["GET"]}}],"collection":[{"href":"https:\/\/rankmath.com\/fr\/wp-json\/wp\/v2\/pages"}],"about":[{"href":"https:\/\/rankmath.com\/fr\/wp-json\/wp\/v2\/types\/page"}],"author":[{"embeddable":true,"href":"https:\/\/rankmath.com\/fr\/wp-json\/wp\/v2\/users\/37"}],"replies":[{"embeddable":true,"href":"https:\/\/rankmath.com\/fr\/wp-json\/wp\/v2\/comments?post=554356"}],"version-history":[{"count":4,"href":"https:\/\/rankmath.com\/fr\/wp-json\/wp\/v2\/pages\/554356\/revisions"}],"predecessor-version":[{"id":1589985,"href":"https:\/\/rankmath.com\/fr\/wp-json\/wp\/v2\/pages\/554356\/revisions\/1589985"}],"wp:attachment":[{"href":"https:\/\/rankmath.com\/fr\/wp-json\/wp\/v2\/media?parent=554356"}],"curies":[{"name":"wp","href":"https:\/\/api.w.org\/{rel}","templated":true}]}}