{"id":396988,"date":"2022-11-02T13:12:17","date_gmt":"2022-11-02T13:12:17","guid":{"rendered":"https:\/\/rankmath.com\/?page_id=396988"},"modified":"2025-07-22T08:30:40","modified_gmt":"2025-07-22T08:30:40","slug":"meta-tag-analyzer","status":"publish","type":"page","link":"https:\/\/rankmath.com\/fr\/tools\/meta-tag-analyzer\/","title":{"rendered":"Analyseur de balises m\u00e9ta"},"content":{"rendered":"<h3 class=\"wp-block-heading\"><strong>Combien de caract\u00e8res puis-je utiliser dans la balise de titre\u00a0?<\/strong><\/h3>\n\n\n\n<p>Consid\u00e9rez la balise Title comme un titre cliquable pour votre page dans les r\u00e9sultats de recherche qui devrait inciter les internautes \u00e0 cliquer.<\/p>\n\n\n\n<p>La longueur id\u00e9ale du m\u00e9ta-titre est de 50 \u00e0 60 caract\u00e8res et 580 pixels. Plus longtemps, vous risquez d&#039;\u00eatre tronqu\u00e9, ce qui r\u00e9duira les clics.<\/p>\n\n\n\n<h3 class=\"wp-block-heading\"><strong>Comment \u00e9crire un bon titre SEO ?<\/strong><\/h3>\n\n\n\n<p>Comprenez la psychologie de votre public cible et concentrez-vous sur la r\u00e9daction d&#039;un titre convaincant sur lequel un chercheur voudrait cliquer. Certaines pratiques bien connues incluraient:<\/p>\n\n\n\n<ol class=\"wp-block-list\"><li><strong>Utiliser un num\u00e9ro<\/strong> \u2013 Les humains aiment les listes. Ils sont faciles \u00e0 lire et \u00e0 dig\u00e9rer. C&#039;est pourquoi les titres qui ont un num\u00e9ro sont si efficaces.<\/li><li><strong>Utilisez un mot de pouvoir<\/strong> &#8211; <a href=\"https:\/\/rankmath.com\/blog\/power-words\/\">Mots de pouvoir<\/a> \u00e9voquent l&#039;\u00e9motion et obligent les gens \u00e0 lire et \u00e0 cliquer. Les utiliser dans votre titre vous permet de vous d\u00e9marquer de la concurrence.<\/li><li>Utilisez une question \u2013 Les titres bas\u00e9s sur des questions sont g\u00e9niaux car ils encouragent les gens \u00e0 cliquer pour trouver la r\u00e9ponse. Vous n&#039;avez pas besoin d&#039;en faire trop.<\/li><\/ol>\n\n\n\n<h3 class=\"wp-block-heading\"><strong>Combien de caract\u00e8res puis-je utiliser dans la description\u00a0?<\/strong><\/h3>\n\n\n\n<p>La longueur id\u00e9ale d&#039;une m\u00e9ta description se situe entre 50 et 160 caract\u00e8res, tandis que Google et d&#039;autres moteurs de recherche les tronqueraient \u00e0 ~ 155-160 caract\u00e8res, compte tenu de la limite de 920 pixels.<\/p>\n\n\n\n<p>Ainsi, m\u00eame si votre m\u00e9ta description ne d\u00e9passe pas 160 caract\u00e8res, si elle d\u00e9passe 920 pixels, Google tronquera toujours votre description avec des points de suspension.<\/p>\n\n\n\n<h3 class=\"wp-block-heading\"><strong>Comment r\u00e9diger une bonne m\u00e9ta description ?<\/strong><\/h3>\n\n\n\n<p>R\u00e9digez une m\u00e9ta description unique qui suit les meilleures pratiques sans laisser les moteurs de recherche choisir eux-m\u00eames.&nbsp;&nbsp;<\/p>\n\n\n\n<ol class=\"wp-block-list\"><li>Utilisez vos mots-cl\u00e9s cibles naturellement et \u00e9crivez en pensant aux lecteurs humains.&nbsp;<\/li><li>R\u00e9sumez le contenu \u2013 d\u00e9crivez les sujets abord\u00e9s dans votre contenu.<\/li><li>La description doit stimuler l&#039;int\u00e9r\u00eat des lecteurs et les amener \u00e0 cliquer sur l&#039;article. Consid\u00e9rez-le comme une mini-publicit\u00e9 pour votre contenu.<\/li><\/ol>","protected":false},"excerpt":{"rendered":"<p>Combien de caract\u00e8res puis-je utiliser dans la balise de titre\u00a0? Consid\u00e9rez la balise Title comme un titre cliquable pour votre page dans les r\u00e9sultats de recherche qui devrait obliger les internautes \u00e0 cliquer. La longueur id\u00e9ale du m\u00e9ta-titre est de 50 \u00e0 60 caract\u00e8res et 580 pixels. Plus longtemps, vous risquez d&#039;\u00eatre tronqu\u00e9, ce qui r\u00e9duira les clics. Comment [\u2026]<\/p>","protected":false},"author":13,"featured_media":0,"parent":388392,"menu_order":0,"comment_status":"closed","ping_status":"closed","template":"page-meta-tag-analyzer.php","meta":{"footnotes":""},"class_list":["post-396988","page","type-page","status-publish"],"_links":{"self":[{"href":"https:\/\/rankmath.com\/fr\/wp-json\/wp\/v2\/pages\/396988","targetHints":{"allow":["GET"]}}],"collection":[{"href":"https:\/\/rankmath.com\/fr\/wp-json\/wp\/v2\/pages"}],"about":[{"href":"https:\/\/rankmath.com\/fr\/wp-json\/wp\/v2\/types\/page"}],"author":[{"embeddable":true,"href":"https:\/\/rankmath.com\/fr\/wp-json\/wp\/v2\/users\/13"}],"replies":[{"embeddable":true,"href":"https:\/\/rankmath.com\/fr\/wp-json\/wp\/v2\/comments?post=396988"}],"version-history":[{"count":4,"href":"https:\/\/rankmath.com\/fr\/wp-json\/wp\/v2\/pages\/396988\/revisions"}],"predecessor-version":[{"id":1569119,"href":"https:\/\/rankmath.com\/fr\/wp-json\/wp\/v2\/pages\/396988\/revisions\/1569119"}],"up":[{"embeddable":true,"href":"https:\/\/rankmath.com\/fr\/wp-json\/wp\/v2\/pages\/388392"}],"wp:attachment":[{"href":"https:\/\/rankmath.com\/fr\/wp-json\/wp\/v2\/media?parent=396988"}],"curies":[{"name":"wp","href":"https:\/\/api.w.org\/{rel}","templated":true}]}}