{"id":421030,"date":"2019-09-23T06:00:21","date_gmt":"2019-09-23T13:00:21","guid":{"rendered":"https:\/\/rankmath.com\/?post_type=product&#038;p=421030"},"modified":"2019-09-24T10:09:20","modified_gmt":"2019-09-24T17:09:20","slug":"instant-indexing","status":"publish","type":"product","link":"https:\/\/rankmath.com\/fi\/wordpress\/plugin\/instant-indexing\/","title":{"rendered":"V\u00e4lit\u00f6n indeksointi"},"content":{"rendered":"","protected":false},"excerpt":{"rendered":"<p>Lopuksi tapa, jolla verkkosivustosi n\u00e4kyy hakukoneissa heti, kun painat julkaisupainiketta tai p\u00e4ivit\u00e4t viesti\u00e4si.<\/p>","protected":false},"featured_media":421204,"template":"","meta":[],"product_brand":[],"product_cat":[15],"product_tag":[],"class_list":{"0":"post-421030","1":"product","2":"type-product","3":"status-publish","4":"has-post-thumbnail","6":"product_cat-free","8":"first","9":"instock","10":"sold-individually","11":"shipping-taxable","12":"purchasable","13":"product-type-variable-subscription","14":"has-default-attributes"},"_links":{"self":[{"href":"https:\/\/rankmath.com\/fi\/wp-json\/wp\/v2\/product\/421030","targetHints":{"allow":["GET"]}}],"collection":[{"href":"https:\/\/rankmath.com\/fi\/wp-json\/wp\/v2\/product"}],"about":[{"href":"https:\/\/rankmath.com\/fi\/wp-json\/wp\/v2\/types\/product"}],"wp:featuredmedia":[{"embeddable":true,"href":"https:\/\/rankmath.com\/fi\/wp-json\/wp\/v2\/media\/421204"}],"wp:attachment":[{"href":"https:\/\/rankmath.com\/fi\/wp-json\/wp\/v2\/media?parent=421030"}],"wp:term":[{"taxonomy":"product_brand","embeddable":true,"href":"https:\/\/rankmath.com\/fi\/wp-json\/wp\/v2\/product_brand?post=421030"},{"taxonomy":"product_cat","embeddable":true,"href":"https:\/\/rankmath.com\/fi\/wp-json\/wp\/v2\/product_cat?post=421030"},{"taxonomy":"product_tag","embeddable":true,"href":"https:\/\/rankmath.com\/fi\/wp-json\/wp\/v2\/product_tag?post=421030"}],"curies":[{"name":"wp","href":"https:\/\/api.w.org\/{rel}","templated":true}]}}