{"id":190,"date":"2019-01-02T18:21:05","date_gmt":"2019-01-02T18:21:05","guid":{"rendered":"https:\/\/rankmath.com\/?post_type=product&#038;p=190"},"modified":"2019-08-20T10:19:56","modified_gmt":"2019-08-20T17:19:56","slug":"404-monitor","status":"publish","type":"product","link":"https:\/\/rankmath.com\/fi\/wordpress\/plugin\/404-monitor\/","title":{"rendered":"404 n\u00e4ytt\u00f6"},"content":{"rendered":"","protected":false},"excerpt":{"rendered":"<p>Tarkkaile verkkosivustosi rikkin\u00e4isi\u00e4 linkkej\u00e4 ja etsi ongelmat reaaliajassa. Yksinkertainen ja edistyksellinen seurantalaite antaa sinulle lintuperspektiivist\u00e4 yleiskatsauksen virheist\u00e4.<\/p>","protected":false},"featured_media":391602,"template":"","meta":[],"product_brand":[],"product_cat":[15],"product_tag":[],"class_list":{"0":"post-190","1":"product","2":"type-product","3":"status-publish","4":"has-post-thumbnail","6":"product_cat-free","8":"first","9":"instock","10":"sold-individually","11":"shipping-taxable","12":"purchasable","13":"product-type-simple"},"_links":{"self":[{"href":"https:\/\/rankmath.com\/fi\/wp-json\/wp\/v2\/product\/190","targetHints":{"allow":["GET"]}}],"collection":[{"href":"https:\/\/rankmath.com\/fi\/wp-json\/wp\/v2\/product"}],"about":[{"href":"https:\/\/rankmath.com\/fi\/wp-json\/wp\/v2\/types\/product"}],"wp:featuredmedia":[{"embeddable":true,"href":"https:\/\/rankmath.com\/fi\/wp-json\/wp\/v2\/media\/391602"}],"wp:attachment":[{"href":"https:\/\/rankmath.com\/fi\/wp-json\/wp\/v2\/media?parent=190"}],"wp:term":[{"taxonomy":"product_brand","embeddable":true,"href":"https:\/\/rankmath.com\/fi\/wp-json\/wp\/v2\/product_brand?post=190"},{"taxonomy":"product_cat","embeddable":true,"href":"https:\/\/rankmath.com\/fi\/wp-json\/wp\/v2\/product_cat?post=190"},{"taxonomy":"product_tag","embeddable":true,"href":"https:\/\/rankmath.com\/fi\/wp-json\/wp\/v2\/product_tag?post=190"}],"curies":[{"name":"wp","href":"https:\/\/api.w.org\/{rel}","templated":true}]}}