{"id":805672,"date":"2021-03-18T15:18:33","date_gmt":"2021-03-18T19:18:33","guid":{"rendered":"https:\/\/rankmath.com\/?page_id=805672"},"modified":"2024-11-27T17:26:28","modified_gmt":"2024-11-27T17:26:28","slug":"affiliate-terms-and-conditions","status":"publish","type":"page","link":"https:\/\/rankmath.com\/fi\/affiliate-terms-and-conditions\/","title":{"rendered":"Yhteisty\u00f6kumppanien k\u00e4ytt\u00f6ehdot"},"content":{"rendered":"<p>Pid\u00e4t\u00e4mme oikeuden tarkastella ja valvoa kaikkia tyt\u00e4ryhti\u00f6iden rekister\u00f6intej\u00e4. Huomaa, ett\u00e4 tarkistusprosessi voi kest\u00e4\u00e4 jonkin aikaa, koska hakemukset otetaan huomioon \u2013 tied\u00e4mme, kuinka innokas sinun tulee olla liitty\u00e4ksesi kumppaniksi, ja arvostamme k\u00e4rsiv\u00e4llisyytt\u00e4si.&nbsp;<\/p>\n\n\n\n<p><strong>Kuinka mainostaa Rank Math:t\u00e4<\/strong><\/p>\n\n\n\n<p>Se, miten mainostat Rank Math:t\u00e4, n\u00e4kyy ansaitsemassasi palkkiossa! Kannustamme k\u00e4ytt\u00e4m\u00e4\u00e4n myynninedist\u00e4mismenetelmi\u00e4, jotka lis\u00e4\u00e4v\u00e4t arvoa Rank Math:lle ja tuovat meille laillisia, uskollisia asiakkaita. Suosittelemme luomaan puolueetonta kirjoitettua sis\u00e4lt\u00f6\u00e4 ja\/tai videoita SEO:st\u00e4 ja markkinoinnista tai tutoriaaleista, joissa Rank Math sopii esille. Yhteisty\u00f6kumppanina sinun on noudatettava kaikkia sovellettavia tietosuojalakeja, mukaan lukien Euroopan unionin yleinen tietosuoja-asetus (GDPR). Muista, ett\u00e4 et saa k\u00e4ytt\u00e4\u00e4 yst\u00e4v\u00e4si tai liikekumppanisi henkil\u00f6tietoja ilman asianmukaista suostumusta mainostaessasi Rank Math:t\u00e4 julkisesti.<\/p>\n\n\n\n<p><strong>T\u00e4ss\u00e4 on muutamia esimerkkej\u00e4 yleisesti k\u00e4ytetyist\u00e4 myynninedist\u00e4mismenetelmist\u00e4, joita menestyneimm\u00e4t tyt\u00e4ryhti\u00f6t k\u00e4ytt\u00e4v\u00e4t inspiraationa:&nbsp;<\/strong><\/p>\n\n\n\n<ul class=\"wp-block-list\">\n<li>Kerro asiakkaille, asiakkaille tai yst\u00e4ville Rank Math:st\u00e4 ja anna heille affiliate-viittauslinkki (anna heille, ett\u00e4 k\u00e4yt\u00e4t sit\u00e4 todella ja voit suositella sit\u00e4, mutta ansaitset pienen palkkion viittauksesta)<\/li>\n\n\n\n<li>Kirjoita arvostelu tai blogikirjoitus tai luo video jostakin SEO:n ja markkinoinnin aiheesta ja mainitse Rank Math silloin, kun se on j\u00e4rkev\u00e4\u00e4, linkitt\u00e4m\u00e4ll\u00e4 takaisin verkkosivustollemme kumppaniyrityksesi viittauslinkin ja asianmukaisen ilmoituksen avulla.<\/li>\n\n\n\n<li>Tavoita laaja yleis\u00f6 sosiaalisen verkoston tileill\u00e4si. Twiittaa meist\u00e4 Twitteriss\u00e4 kumppanilinkin avulla, julkaise meist\u00e4 Facebookissa kumppanilinkill\u00e4si tai ilmoita Linkedin-seuraajillesi affiliate-markkinoinnista affiliate-linkill\u00e4si. Roskapostiton tarjous on loistava tapa saada lis\u00e4\u00e4 viittauksia!<\/li>\n\n\n\n<li>Kirjoita arvostelu tai blogikirjoitus affiliate-markkinoinnista tai Rank Math:st\u00e4 ja linkit\u00e4 sivuillemme viittauslinkill\u00e4si.<\/li>\n\n\n\n<li>Tarjoa arvoa muille vastaamalla aiheeseen liittyviin kysymyksiin yhteis\u00f6iss\u00e4\/henkil\u00f6kohtaisesti ja pyyd\u00e4 heit\u00e4 k\u00e4ytt\u00e4m\u00e4\u00e4n viittauslinkki\u00e4si, jos he p\u00e4\u00e4tt\u00e4v\u00e4t tehd\u00e4 ostoksen.&nbsp;<\/li>\n<\/ul>\n\n\n\n<p><strong>Kaikkien tuotteidemme markkinointitoimenpiteiden yhteydess\u00e4 varmista, ett\u00e4 kaikki mainosmateriaalit noudattavat seuraavia ohjeita.<\/strong><\/p>\n\n\n\n<ol class=\"wp-block-list\">\n<li>Et saa rikkoa lakeja tai s\u00e4\u00e4d\u00f6ksi\u00e4, jotka koskevat (i) v\u00e4\u00e4r\u00e4\u00e4 tai harhaanjohtavaa mainontaa, (ii) arvontoja tai (iii) uhkapelej\u00e4.<\/li>\n\n\n\n<li>Et saa tarjota k\u00e4ytt\u00e4jille kannustimia napsauttaa mainoksia tai suorittaa tarjouksia, jotka antavat heille rahaa, pisteit\u00e4, palkintoja tai osallistuvat automaattisesti kilpailuihin, arvontaan tai arvontoihin.<\/li>\n\n\n\n<li>Mainosmateriaalisi ei saa sis\u00e4lt\u00e4\u00e4 kauppaa halventavaa tai herjaavaa, herjaavaa tai loukkaavaa sis\u00e4lt\u00f6\u00e4. ja\n<ol class=\"wp-block-list\">\n<li>eiv\u00e4t sis\u00e4ll\u00e4 mit\u00e4\u00e4n koneellisesti luettavaa koodia, joka voisi vahingossa ladata vastaanottajan tietokoneelle (kuten mato, virus, Troijan hevonen tai muut itsesuorittavat ohjelmat) ja jotka voivat vahingoittaa tai ottaa haltuunsa vastaanottajan tietokonetta.<\/li>\n<\/ol>\n<\/li>\n\n\n\n<li>Web-sivustosi ja\/tai videosi eiv\u00e4t saa sis\u00e4lt\u00e4\u00e4 materiaalia, joka on:\n<ol class=\"wp-block-list\">\n<li>Rivo tai pornografinen;<\/li>\n\n\n\n<li>Loukkaava, h\u00e4vytt\u00e4v\u00e4, vihamielinen, uhkaava, haitallinen, herjaava, herjaava, h\u00e4iritsev\u00e4 tai syrjiv\u00e4 (joko rotuun, etniseen alkuper\u00e4\u00e4n, uskontoon, uskontoon, sukupuoleen, seksuaaliseen suuntautumiseen, fyysiseen vammaisuuteen tai muuhun).<\/li>\n\n\n\n<li>Graafisesti v\u00e4kivaltainen; tai<\/li>\n\n\n\n<li>Haluaa kaiken laittoman k\u00e4yt\u00f6ksen.<\/li>\n<\/ol>\n<\/li>\n\n\n\n<li>Ennen kaikkea sinun on noudatettava kaikkia lakeja, m\u00e4\u00e4r\u00e4yksi\u00e4, s\u00e4\u00e4nt\u00f6j\u00e4, m\u00e4\u00e4r\u00e4yksi\u00e4, m\u00e4\u00e4r\u00e4yksi\u00e4, lisenssej\u00e4, lupia, tuomioita, p\u00e4\u00e4t\u00f6ksi\u00e4 tai muita sinuun laink\u00e4ytt\u00f6valtaan kuuluvien viranomaisten vaatimuksia, olivatpa kyseiset lait jne. nyt voimassa. tai my\u00f6hemmin, kun olet tyt\u00e4ryhti\u00f6, mukaan lukien vuoden 2003 CAN-SPAM-laki sek\u00e4 FTC:n s\u00e4\u00e4nn\u00f6t ja ohjeet, jotka koskevat suosituksia, ilmoituksia ja suosituksia.&nbsp;<\/li>\n<\/ol>\n\n\n\n<p><strong>Tuotearvostelut<\/strong><\/p>\n\n\n\n<p>Jos luot arvostelun Rank Math:st\u00e4, varmista, ett\u00e4 ilmoitat etuk\u00e4teen, ett\u00e4 saat prosenttiosuuden jokaisesta tehdyst\u00e4 myynnist\u00e4. Lis\u00e4ksi kaikkien suositusten on heijastettava hyv\u00e4ksyj\u00e4n rehellisi\u00e4 mielipiteit\u00e4 tai kokemuksia. Kaikkien ilmoitusten on oltava selkeit\u00e4 ja n\u00e4kyvi\u00e4, eik\u00e4 niit\u00e4 saa piilottaa. T\u00e4rkein periaate on, ett\u00e4 hyv\u00e4ksynn\u00e4n on edustettava hyv\u00e4ksyj\u00e4n tarkkaa kokemusta ja mielipidett\u00e4.&nbsp;<\/p>\n\n\n\n<p>T\u00e4m\u00e4n lis\u00e4ksi sinun on noudatettava seuraavia ohjeita:&nbsp;<\/p>\n\n\n\n<ol class=\"wp-block-list\">\n<li>Et voi puhua kokemuksistasi tuotteesta, jos et ole kokeillut sit\u00e4.&nbsp;<\/li>\n\n\n\n<li>Jos sinulle maksettiin tuotteen kokeilemisesta ja se oli mielest\u00e4si kauhea, et voi sanoa, ett\u00e4 se on loistava.<\/li>\n\n\n\n<li>Et voi esitt\u00e4\u00e4 tuotteesta v\u00e4itteit\u00e4, jotka vaativat todisteita, joita sinulla ei ole. Et esimerkiksi voi sanoa, ett\u00e4 tuote parantaa tietty\u00e4 sairautta, jos ei ole tieteellist\u00e4 n\u00e4ytt\u00f6\u00e4 sen todeksi.&nbsp;<\/li>\n\n\n\n<li>Lis\u00e4ksi t\u00e4llaiset tiedot on esitett\u00e4v\u00e4 selke\u00e4sti, usein ja n\u00e4kyv\u00e4sti. T\u00e4llaiset tiedot varmistavat, ett\u00e4 lukijat voivat muodostaa tietoisen mielipiteen antamistasi tiedoista ymm\u00e4rt\u00e4m\u00e4ll\u00e4 mahdollisen vaikutuksen aineellisella yhteytesi yritykseemme kanssa tuotteidemme suosimiseen.&nbsp;<\/li>\n<\/ol>\n\n\n\n<p><strong>Linkitt\u00e4minen artikkeleihin ja\/tai videoihin<\/strong><\/p>\n\n\n\n<p>Kun k\u00e4yt\u00e4t Rank Math-affiliate-linkki\u00e4si artikkelissa ja\/tai videoissa, sinun on esitett\u00e4v\u00e4 kristallinkirkas ilmoitus kumppanilinkkien luonteesta ja materiaalisesta yhteydest\u00e4, joka sinulla on yritykseemme. N\u00e4iden ilmoitusten on n\u00e4ytett\u00e4v\u00e4 samalla sivulla, jossa linkit n\u00e4kyv\u00e4t, ja niiden on oltava selkeit\u00e4, n\u00e4kyvi\u00e4 eiv\u00e4tk\u00e4 vaadi k\u00e4ytt\u00e4j\u00e4n ylim\u00e4\u00e4r\u00e4ist\u00e4 vuorovaikutusta lukeakseen (kuten linkin napsauttamista, vieritt\u00e4mist\u00e4 tai osoittimen viemist\u00e4 elementin p\u00e4\u00e4lle). FTC:n itsens\u00e4 mukaan &quot;ilmoitusten sijoittaminen ep\u00e4selviin paikkoihin \u2013 esimerkiksi hautaamiseen Tietoja meist\u00e4 tai yleisi\u00e4 tietoja -sivulla tai huonosti merkityn hyperlinkin taakse tai k\u00e4ytt\u00f6ehtosopimukseen ei ole riitt\u00e4v\u00e4\u00e4. Keskivertohenkil\u00f6n, joka vierailee sivustollasi, on pystytt\u00e4v\u00e4 huomaamaan ilmoituksesi, lukemaan se ja ymm\u00e4rt\u00e4m\u00e4\u00e4n se.&quot;&nbsp;<\/p>\n\n\n\n<p>Ja sellaisenaan t\u00e4m\u00e4 tarkoittaa, ett\u00e4 kaikkien ilmoitusten tulee n\u00e4ky\u00e4 kokonaisuudessaan joko ennen itse affiliate-linkki\u00e4 tai sen v\u00e4litt\u00f6m\u00e4ss\u00e4 l\u00e4heisyydess\u00e4.&nbsp;<\/p>\n\n\n\n<p>T\u00e4ss\u00e4 sinulle nopea esimerkki:&nbsp;<\/p>\n\n\n\n<p><strong><em>Paljastus: Jotkut t\u00e4m\u00e4n viestin\/videon linkeist\u00e4 ovat <\/em><\/strong>&quot;<strong><em>affiliate links\u201d \u2013 t\u00e4m\u00e4 tarkoittaa, ett\u00e4 jos napsautat linkki\u00e4 ja p\u00e4\u00e4t\u00e4t tehd\u00e4 ostoksen, saan kumppanipalkkion.<\/em><\/strong><\/p>\n\n\n\n<p><strong>Jakaminen sosiaalisissa verkostoissa<\/strong><\/p>\n\n\n\n<p>Kun k\u00e4yt\u00e4t Rank Math-affiliate-linkki\u00e4si sosiaalisissa verkostoissa, sinun on my\u00f6s esitett\u00e4v\u00e4 selke\u00e4 ilmoitus linkkien luonteesta ja aineellisesta yhteydest\u00e4, joka sinulla on yritykseemme. Sosiaalisen median viestien muodossa n\u00e4iden ilmoitusten on oltava osa julkaisua, joka sis\u00e4lt\u00e4\u00e4 kumppanilinkin.&nbsp;<\/p>\n\n\n\n<p>Esimerkki Twitter-ilmoituksesta:&nbsp;<\/p>\n\n\n\n<p>&quot;Hei kaikki, aloin \u00e4skett\u00e4in k\u00e4ytt\u00e4\u00e4 Rank Math SEO -laajennusta verkkosivustollani, ja siit\u00e4 on ollut todella apua! Jos olet my\u00f6s kiinnostunut tutustumaan siihen, t\u00e4ss\u00e4 on kumppanilinkkini: [insert affiliate link]. T\u00e4ysi paljastaminen: Saan palkkion, jos teet ostoksen t\u00e4m\u00e4n linkin kautta. #ad #affiliate\u201d<\/p>\n\n\n\n<p>T\u00e4ss\u00e4 esimerkiss\u00e4 ilmoitus on selke\u00e4 ja ytimek\u00e4s, ja se sis\u00e4ltyy osana kumppanilinkin sis\u00e4lt\u00e4v\u00e4\u00e4 viesti\u00e4. K\u00e4ytt\u00e4m\u00e4ll\u00e4 hashtageja #ad ja #affiliate seuraajillesi on selv\u00e4\u00e4, ett\u00e4 t\u00e4m\u00e4 on kaupallinen viesti ja ett\u00e4 sinulla on taloudellinen suhde Rank Math:n kanssa.<\/p>\n\n\n\n<p>Lis\u00e4ksi sinun on noudatettava vastaavia palveluehtoja, ehtoja ja kaikkia muita soveltuvia oikeudellisia ehtoja sinun ja k\u00e4ytt\u00e4m\u00e4si verkon v\u00e4lill\u00e4.&nbsp;<\/p>\n\n\n\n<p><strong>Kuinka olla mainostamatta Rank Math:t\u00e4<\/strong><\/p>\n\n\n\n<p>Curating a definitive list of the allowed methods of promotion would be endless because there are tons of opportunities. However, what we can do to put your mind at ease is cover what is absolutely prohibited as a part of Rank Math\u2019s affiliate program. If your promotional methods step outside of these affiliate terms, your referrals may be rejected, and we may disable your affiliate account. We reserve the right to do this and may or may not notify you in the instance that this occurs. Please only use allowed promotional methods and help us help you succeed as an affiliate \u2013&nbsp;we thank you for your understanding &amp; support!&nbsp;<\/p>\n\n\n\n<p>Rakastamme ja tuemme tuotettamme 100%, mink\u00e4 vuoksi olemme entist\u00e4 huolellisempia sen mainostamisessa ja haluamme yhteisty\u00f6kumppaneita, jotka tukevat meit\u00e4 eettisesti:&nbsp;<\/p>\n\n\n\n<ul class=\"wp-block-list\">\n<li><strong>Rank Math:t\u00e4 ei saa mainostaa kuponkisivustoilla<\/strong><br>Asiakkaat, jotka etsiv\u00e4t Rank Math-kuponkia, ovat jo Rank Math:n markkinoilla, joten t\u00e4m\u00e4 menetelm\u00e4 ei lis\u00e4\u00e4 Rank Math:n arvoa.<\/li>\n\n\n\n<li><strong>Maksettu mainonta Rank Math:ll\u00e4<\/strong>&#039;<strong>s tavaramerkki\/tuotenimi on kielletty<\/strong><br>Mainosten ostaminen mink\u00e4 tahansa palvelun kautta, mukaan lukien mutta ei rajoittuen Google AdWordsiin, mainonta sosiaalisessa mediassa tai mainosten uudelleenkohdistaminen tuotemerkkiemme avainsanoilla ja kumppanilinkill\u00e4, johtaa kumppanitilin deaktivointiin.<\/li>\n\n\n\n<li><strong>Pay Per Click -markkinointi on kielletty\u00e4<\/strong><br>Yhteisty\u00f6ohjelmamme ei tue Pay Per Click -markkinointik\u00e4yt\u00e4nt\u00f6j\u00e4. V\u00e4lt\u00e4 osallistumasta mihink\u00e4\u00e4n PPC-mainontaan liittyviin toimiin, kun mainostat tuotteitamme.<\/li>\n\n\n\n<li><strong>V\u00e4\u00e4r\u00e4n tai harhaanjohtavan tiedon mainostaminen<br><\/strong>Mik\u00e4 tahansa mainostoiminta, jossa k\u00e4ytet\u00e4\u00e4n v\u00e4\u00e4ri\u00e4 tai harhaanjohtavia tietoja, johtaa kumppanitilin deaktivointiin. T\u00e4m\u00e4 sis\u00e4lt\u00e4\u00e4 v\u00e4\u00e4ri\u00e4 tietoja, joiden tarkoituksena on houkutella potentiaalisia asiakkaita. Jos olet ep\u00e4varma oikeista tiedoista tai tiedoista Rank Math:n mainostamista varten, ota meihin yhteytt\u00e4 \u2013 autamme aina mielell\u00e4mme.<\/li>\n\n\n\n<li><strong>Kaikenlainen roskaposti on kielletty\u00e4<br><\/strong>Spam in any form \u2013&nbsp;whether it is a link, ad, email, or comment is prohibited. Please respect the posting rules of any 3rd-party websites you use to promote Rank Math. This is not an exhaustive list of spam methods \u2013&nbsp;note that if we deem that your activity is spam, it is spam.<\/li>\n\n\n\n<li><strong>Kaikki laiton toiminta tai toiminta, jota pid\u00e4mme loukkaavana, on kielletty\u00e4<br><\/strong>T\u00e4m\u00e4 on todella sanomattakin selv\u00e4\u00e4 ja johtaa siihen, ett\u00e4 viittaukset hyl\u00e4t\u00e4\u00e4n ja\/tai kumppanitilisi poistetaan k\u00e4yt\u00f6st\u00e4.<\/li>\n\n\n\n<li><strong>Esiintyy edustajana \/ toimii yhdess\u00e4 Rank Math:n kanssa<br><\/strong>Olemme eritt\u00e4in imarreltuja, mutta \u00e4l\u00e4 esit\u00e4 olevasi Rank Math:n ammattilainen. Tyt\u00e4ryhti\u00f6it\u00e4 ei pidet\u00e4 Rank Math:n ty\u00f6ntekij\u00f6in\u00e4, eik\u00e4 niill\u00e4 ole ty\u00f6ntekij\u00f6iden oikeuksia. Jos haluat tarjota Rank Math-optimointipalveluita ja k\u00e4ytt\u00e4\u00e4 affiliate-linkki\u00e4si suositteleessasi Rank Math PRO:t\u00e4, t\u00e4m\u00e4 on hyv\u00e4ksytt\u00e4v\u00e4\u00e4.<\/li>\n\n\n\n<li><strong>Rank Math:n esitt\u00e4minen on ehdottomasti kielletty\u00e4<br><\/strong>Verkkosivustomme kloonaaminen, verkkosivustomme kopioiminen tai mink\u00e4 tahansa tekij\u00e4noikeudella suojatun omaisuutemme k\u00e4ytt\u00e4minen ja luomasi sivuston olettaminen viralliseksi Rank Math-sivustoksi on ep\u00e4eettist\u00e4 ja kielletty\u00e4 (t\u00e4m\u00e4 sis\u00e4lt\u00e4\u00e4 palveluita, jotka kloonaavat automaattisesti verkkosivustoja tai sijoittavat ne iframe-kehyksiin)&nbsp;<\/li>\n<\/ul>\n\n\n\n<p><strong>Ostosten hyvitys<\/strong><\/p>\n\n\n\n<p>Yli 30 p\u00e4iv\u00e4\u00e4 vanhat ja hyv\u00e4ss\u00e4 asemassa olevat suositukset (eli ostosta ei ole palautettu) sis\u00e4llytet\u00e4\u00e4n jokaiseen provisiomaksuun (jos provisiosaldo on $200 tai enemm\u00e4n). Jos osto palautetaan, provisiota ei makseta viittauksesta.<\/p>\n\n\n\n<p>Pid\u00e4t\u00e4mme oikeuden hyl\u00e4t\u00e4 kumppanuuspalkkiot mist\u00e4 tahansa syyst\u00e4. Komission hylk\u00e4\u00e4minen voi johtua seuraavista syist\u00e4:<\/p>\n\n\n\n<ol class=\"wp-block-list\">\n<li>Myynti, johon suositus perustui, palautettiin.<\/li>\n\n\n\n<li>Menetelm\u00e4, jolla viittaus luotiin, rikkoi markkinointik\u00e4yt\u00e4nt\u00f6j\u00e4mme (katso yll\u00e4) tai kumppanuussopimuksen henke\u00e4.<\/li>\n<\/ol>\n\n\n\n<p>Takaisinperinn\u00f6ist\u00e4 tapahtumasta, jolle on jo maksettu tyt\u00e4ryhti\u00f6n maksu \u2013 v\u00e4henn\u00e4mme sen my\u00f6hemm\u00e4st\u00e4 maksustasi. Jos provisiota ei ole seuraavan kuukauden aikana, affiliate-saldosi muuttuu negatiiviseksi.&nbsp;<\/p>\n\n\n\n<p><strong>Viittausev\u00e4steen k\u00e4ytt\u00f6ik\u00e4<\/strong><\/p>\n\n\n\n<p>Rank Math:n kumppanuusohjelma maksaa 30% provisiota kaikesta myynnist\u00e4, mukaan lukien p\u00e4ivitykset \u2013 eli jos joku p\u00e4ivitt\u00e4\u00e4 Rank Math PRO:hen ja p\u00e4ivitt\u00e4\u00e4 sitten liiketoimintasuunnitelmaan, saat jatkossakin 30% siit\u00e4, mit\u00e4 mainitsemasi asiakas meille maksaa.<\/p>\n\n\n\n<p>The cookie lifetime is set to 60 days and is last-click, meaning the last affiliate link clicked will be awarded attribution for referring a user\/customer. Once attributed to an affiliate, that affiliate will earn a commission on all purchases from that customer within 60 days.<\/p>\n\n\n\n<p><strong>Affiliate-uutiset ja -p\u00e4ivitykset<\/strong><\/p>\n\n\n\n<p>Liittym\u00e4ll\u00e4 kumppaniksi hyv\u00e4ksyt s\u00e4hk\u00f6postin vastaanottamisen meilt\u00e4. N\u00e4m\u00e4 s\u00e4hk\u00f6postit l\u00e4hetet\u00e4\u00e4n vain tyt\u00e4ryhti\u00f6ille tapauskohtaisesti, ja ne voivat sis\u00e4lt\u00e4\u00e4 t\u00e4rkeit\u00e4 tietoja Rank Math-kumppaniohjelmasta. N\u00e4m\u00e4 s\u00e4hk\u00f6postit tarjoavat sinulle my\u00f6s asiaankuuluvia uutisia ja p\u00e4ivityksi\u00e4, jotka auttavat sinua mainostamaan tehokkaasti Rank Math:t\u00e4.&nbsp;<\/p>\n\n\n\n<p>Huomaa, ett\u00e4 sisaryrityksen\u00e4 saatat olla tietoinen n\u00e4iden s\u00e4hk\u00f6postiviestien vientikiellosta tai aikaarkaluonteisista tiedoista (n\u00e4it\u00e4 tietoja voidaan mainostaa vain, kun vientikielto on kumottu).&nbsp;<\/p>\n\n\n\n<p><strong>Kysymyksi\u00e4 hakemuksestasi<\/strong><\/p>\n\n\n\n<p>Kun haet kumppaniksi, saatamme l\u00e4hett\u00e4\u00e4 sinulle s\u00e4hk\u00f6postia antamaasi s\u00e4hk\u00f6postiosoitteeseen ja esitt\u00e4\u00e4 lis\u00e4kysymyksi\u00e4 hakemuksestasi.&nbsp;<\/p>\n\n\n\n<p>T\u00e4m\u00e4 voi johtua seuraavista syist\u00e4:&nbsp;<\/p>\n\n\n\n<ul class=\"wp-block-list\">\n<li>Emme ymm\u00e4rt\u00e4neet jotain hakemuksessasi tai<\/li>\n\n\n\n<li>Haluaisimme tiet\u00e4\u00e4 hieman enemm\u00e4n siit\u00e4, kuinka aiot mainostaa Rank Math:t\u00e4, ja tarvitsemme hieman lis\u00e4tietoja.&nbsp;<\/li>\n<\/ul>\n\n\n\n<p>Jos otamme sinuun yhteytt\u00e4 emmek\u00e4 saa vastausta 7 p\u00e4iv\u00e4n kuluessa, hakemuksesi voidaan hyl\u00e4t\u00e4. Jos alkuper\u00e4inen hakemuksesi hyl\u00e4t\u00e4\u00e4n, voit hakea uudelleen liitty\u00e4ksesi kumppaniksi ja toimittaa meille lis\u00e4tietoja uudelleenarviointia varten.&nbsp;<\/p>\n\n\n\n<p><strong>Lepotilassa olevat tyt\u00e4ryhti\u00f6tilit<\/strong><\/p>\n\n\n\n<p>Kannustamme kaikkia tyt\u00e4ryhti\u00f6it\u00e4mme mainostamaan Rank Math:t\u00e4, jotta voimme ansaita aktiivisesti suosittelupalkkioita. Jos voimme auttaa sinua keksim\u00e4\u00e4n ideoita Rank Math:n mainostamiseen, \u00e4l\u00e4 ep\u00e4r\u00f6i ottaa yhteytt\u00e4 \u2013 olemme t\u00e4\u00e4ll\u00e4 sinua varten! Affiliate-tili katsotaan lep\u00e4\u00e4v\u00e4ksi, jos k\u00e4ynti\u00e4 ei ole syntynyt 6 kuukauden jakson j\u00e4lkeen. Lepotilassa oleva kumppanitili poistetaan tilap\u00e4isesti k\u00e4yt\u00f6st\u00e4, jos k\u00e4yntej\u00e4 ei ole luotu 6 kuukauden kuluessa.<\/p>\n\n\n\n<p><em>Viimeksi p\u00e4ivitetty:&nbsp;<\/em>22. elokuuta 2023<\/p>","protected":false},"excerpt":{"rendered":"<p>We reserve the right to review and moderate all affiliate registrations. Please note that the review process may take some time as applications are taken into consideration \u2013&nbsp;we know how eager you must be to become an affiliate, and we appreciate your patience.&nbsp; How To Promote Rank Math How you promote Rank Math is reflected [&hellip;]<\/p>","protected":false},"author":1,"featured_media":0,"parent":0,"menu_order":0,"comment_status":"closed","ping_status":"closed","template":"","meta":{"footnotes":""},"class_list":["post-805672","page","type-page","status-publish"],"_links":{"self":[{"href":"https:\/\/rankmath.com\/fi\/wp-json\/wp\/v2\/pages\/805672","targetHints":{"allow":["GET"]}}],"collection":[{"href":"https:\/\/rankmath.com\/fi\/wp-json\/wp\/v2\/pages"}],"about":[{"href":"https:\/\/rankmath.com\/fi\/wp-json\/wp\/v2\/types\/page"}],"author":[{"embeddable":true,"href":"https:\/\/rankmath.com\/fi\/wp-json\/wp\/v2\/users\/1"}],"replies":[{"embeddable":true,"href":"https:\/\/rankmath.com\/fi\/wp-json\/wp\/v2\/comments?post=805672"}],"version-history":[{"count":3,"href":"https:\/\/rankmath.com\/fi\/wp-json\/wp\/v2\/pages\/805672\/revisions"}],"predecessor-version":[{"id":1426473,"href":"https:\/\/rankmath.com\/fi\/wp-json\/wp\/v2\/pages\/805672\/revisions\/1426473"}],"wp:attachment":[{"href":"https:\/\/rankmath.com\/fi\/wp-json\/wp\/v2\/media?parent=805672"}],"curies":[{"name":"wp","href":"https:\/\/api.w.org\/{rel}","templated":true}]}}