{"id":805302,"date":"2021-03-18T07:59:00","date_gmt":"2021-03-18T11:59:00","guid":{"rendered":"https:\/\/rankmath.com\/?page_id=805302"},"modified":"2023-08-31T10:32:21","modified_gmt":"2023-08-31T10:32:21","slug":"affiliates","status":"publish","type":"page","link":"https:\/\/rankmath.com\/fi\/affiliates\/","title":{"rendered":"Rank Math-kumppaniohjelma"},"content":{"rendered":"<div style=\"height:20px\" aria-hidden=\"true\" class=\"wp-block-spacer\"><\/div>\n\n\n<div id=\"rank-math-faq\" class=\"rank-math-block\">\n<div class=\"rank-math-list\">\n<div id=\"faq-question-1616067346704\" class=\"rank-math-list-item\">\n<h3 class=\"rank-math-question\">Onko olemassa v\u00e4himm\u00e4ismaksuraja?<\/h3>\n<div class=\"rank-math-answer\">\n\n<p>Kyll\u00e4, maksamme tyt\u00e4ryhti\u00f6illemme aina, kun niille kertyy tuloja v\u00e4hint\u00e4\u00e4n $200. Jos l\u00e4hett\u00e4isimme maksut jokaisen yksitt\u00e4isen myynnin yhteydess\u00e4, sek\u00e4 sinun ett\u00e4 meid\u00e4n tapahtumien m\u00e4\u00e4r\u00e4 karkaisisi nopeasti k\u00e4sist\u00e4. <\/p>\n\n<\/div>\n<\/div>\n<div id=\"faq-question-1616067366571\" class=\"rank-math-list-item\">\n<h3 class=\"rank-math-question\">Pit\u00e4\u00e4k\u00f6 minun olla Rank Math-k\u00e4ytt\u00e4j\u00e4?<\/h3>\n<div class=\"rank-math-answer\">\n\n<p>Ei v\u00e4ltt\u00e4m\u00e4tt\u00e4. Suosittelemme kuitenkin k\u00e4ytt\u00e4m\u00e4\u00e4n Rank Math:t\u00e4, koska mit\u00e4 enemm\u00e4n tutustut Rank Math PRO:hen, sit\u00e4 helpompi sinun on antaa rehellinen suositus ja esitell\u00e4 se sis\u00e4ll\u00f6ss\u00e4si, YouTube-videoissasi jne. <\/p>\n\n<\/div>\n<\/div>\n<div id=\"faq-question-1616067390363\" class=\"rank-math-list-item\">\n<h3 class=\"rank-math-question\">Kuinka kauan asiakas liitet\u00e4\u00e4n tiliini?<\/h3>\n<div class=\"rank-math-answer\">\n\n<p>Joskus voi kest\u00e4\u00e4 muutaman, ennen kuin asiakas tekee ostoksensa. Varmistamme kuitenkin, ett\u00e4 tiliisi liitet\u00e4\u00e4n viittaus, jos he ostavat 60 p\u00e4iv\u00e4\u00e4. <\/p>\n\n<\/div>\n<\/div>\n<div id=\"faq-question-1616067544300\" class=\"rank-math-list-item\">\n<h3 class=\"rank-math-question\">Milloin minulle maksetaan?<\/h3>\n<div class=\"rank-math-answer\">\n\n<p>30 p\u00e4iv\u00e4n hyvitysk\u00e4yt\u00e4nt\u00f6mme seurauksena \u2013 t\u00e4m\u00e4n lis\u00e4ajan j\u00e4lkeen maksamme sinulle 30 p\u00e4iv\u00e4n kuluessa (olettaen, ett\u00e4 t\u00e4yt\u00e4t v\u00e4himm\u00e4ismaksurajan) <\/p>\n\n<\/div>\n<\/div>\n<div id=\"faq-question-1616087158921\" class=\"rank-math-list-item\">\n<h3 class=\"rank-math-question\">Tarvitsenko verkkosivuston Rank Math:n mainostamiseksi?<\/h3>\n<div class=\"rank-math-answer\">\n\n<p>Ei, et tarvitse verkkosivustoa mainostaaksesi Rank Math:t\u00e4 ja k\u00e4ytt\u00e4\u00e4ksesi kumppaniohjelmaamme. Jos teet maksullista markkinointia (saatamalla meilt\u00e4 ennakkohyv\u00e4ksynn\u00e4n), s\u00e4hk\u00f6postimarkkinointia tai vierailevaa blogia - voit hakea kumppaniksi. Huomaa, ett\u00e4 emme salli PPC:t\u00e4 - joko suoraan tai aloitussivun kautta. <\/p>\n\n<\/div>\n<\/div>\n<div id=\"faq-question-1616087241681\" class=\"rank-math-list-item\">\n<h3 class=\"rank-math-question\">Voinko n\u00e4hd\u00e4 tilastot ja tulot?<\/h3>\n<div class=\"rank-math-answer\">\n\n<p>Kyll\u00e4, saat p\u00e4\u00e4syn konserniyhti\u00f6idemme hallintapaneeliin, jossa voit seurata kampanjoitasi, seurata tilastoja ja seurata tulojesi kasvua. <\/p>\n\n<\/div>\n<\/div>\n<div id=\"faq-question-1616087296362\" class=\"rank-math-list-item\">\n<h3 class=\"rank-math-question\">Voinko ostaa k\u00e4ytt\u00e4m\u00e4ll\u00e4 omaa linkki\u00e4ni?<\/h3>\n<div class=\"rank-math-answer\">\n\n<p>Ei, et voi k\u00e4ytt\u00e4\u00e4 omaa linkki\u00e4si ostoksen tekemiseen. Ostoksesi ei ole oikeutettu palkkioon.<\/p>\n\n<\/div>\n<\/div>\n<div id=\"faq-question-1616087442536\" class=\"rank-math-list-item\">\n<h3 class=\"rank-math-question\">Olen tekem\u00e4ss\u00e4 verkkosivustoa jollekin. Voinko viitata niihin?<\/h3>\n<div class=\"rank-math-answer\">\n\n<p>Ehdottomasti. Suosittelemme tekem\u00e4\u00e4n niin, ja olet oikeutettu palkkioon. Suosittelemalla jonkun hankkimaan Rank Math PRO on loistava tapa ansaita ylim\u00e4\u00e4r\u00e4ist\u00e4 rahaa olemassa olevalta asiakkaalta. <\/p>\n\n<\/div>\n<\/div>\n<\/div>\n<\/div>\n\n\n<style>\n.entry-title { text-align: center; }\na.wp-block-button__link {\n    text-decoration: none;\n    padding: .667em 1.825em .777em;\n}\n.rank-math-list {\n    display: flex;\n    flex-flow: row wrap;\n    justify-content: space-between;\n}\n.rank-math-list-item {\n    flex: 0 0 49%;\n}\n.rank-math-question {\n    font-size: 1.25rem;\n    font-weight: 600;\n}\n<\/style>","protected":false},"excerpt":{"rendered":"","protected":false},"author":1,"featured_media":805806,"parent":0,"menu_order":0,"comment_status":"closed","ping_status":"closed","template":"page-affiliates.php","meta":{"footnotes":""},"class_list":["post-805302","page","type-page","status-publish","has-post-thumbnail"],"_links":{"self":[{"href":"https:\/\/rankmath.com\/fi\/wp-json\/wp\/v2\/pages\/805302","targetHints":{"allow":["GET"]}}],"collection":[{"href":"https:\/\/rankmath.com\/fi\/wp-json\/wp\/v2\/pages"}],"about":[{"href":"https:\/\/rankmath.com\/fi\/wp-json\/wp\/v2\/types\/page"}],"author":[{"embeddable":true,"href":"https:\/\/rankmath.com\/fi\/wp-json\/wp\/v2\/users\/1"}],"replies":[{"embeddable":true,"href":"https:\/\/rankmath.com\/fi\/wp-json\/wp\/v2\/comments?post=805302"}],"version-history":[{"count":3,"href":"https:\/\/rankmath.com\/fi\/wp-json\/wp\/v2\/pages\/805302\/revisions"}],"predecessor-version":[{"id":1188641,"href":"https:\/\/rankmath.com\/fi\/wp-json\/wp\/v2\/pages\/805302\/revisions\/1188641"}],"wp:featuredmedia":[{"embeddable":true,"href":"https:\/\/rankmath.com\/fi\/wp-json\/wp\/v2\/media\/805806"}],"wp:attachment":[{"href":"https:\/\/rankmath.com\/fi\/wp-json\/wp\/v2\/media?parent=805302"}],"curies":[{"name":"wp","href":"https:\/\/api.w.org\/{rel}","templated":true}]}}