{"id":554356,"date":"2020-06-03T14:00:35","date_gmt":"2020-06-03T18:00:35","guid":{"rendered":"https:\/\/rankmath.com\/?page_id=554356"},"modified":"2025-08-25T06:32:53","modified_gmt":"2025-08-25T06:32:53","slug":"usage-tracking","status":"publish","type":"page","link":"https:\/\/rankmath.com\/fi\/usage-tracking\/","title":{"rendered":"Laajennuksen k\u00e4yt\u00f6n seurantak\u00e4yt\u00e4nt\u00f6"},"content":{"rendered":"<p>Oletuksena, <strong>laajennuskehitt\u00e4j\u00e4t eiv\u00e4t saa mit\u00e4\u00e4n k\u00e4ytt\u00f6tietoja WordPress.org:lta. <\/strong>T\u00e4m\u00e4 on hienoa, koska<strong>,<\/strong> WordPressin ja yleisesti avoimen l\u00e4hdekoodin hengess\u00e4 se tarkoittaa, ett\u00e4 ihmiset voivat hallita tietojaan t\u00e4ysin. <\/p>\n\n\n\n<p>T\u00e4st\u00e4 huolimatta se tarkoittaa my\u00f6s sit\u00e4, ett\u00e4 Rank Math:ll\u00e4 ei ole tietoa siit\u00e4, miten ihmiset ovat vuorovaikutuksessa laajennuksen kanssa, tai tunnistaa yleisi\u00e4 tilanteita, joissa saattaa ilmet\u00e4 ongelmia Rank Math:t\u00e4 k\u00e4ytett\u00e4ess\u00e4, elleiv\u00e4t he ilmoita siit\u00e4 meille jonkin tukikanavamme kautta.<\/p>\n\n\n\n<p>Hence, to improve Rank Math, we offer <strong>optional, <a href=\"https:\/\/rankmath.com\/kb\/usage-tracking\/\" data-type=\"ht_kb\" data-id=\"1579918\">anonymous usage tracking<\/a><\/strong>. Enabling usage tracking is entirely <strong>opt-in<\/strong> and disabled by default. When enabled, this data helps us:\u00a0<\/p>\n\n\n\n<ul class=\"wp-block-list\">\n<li>Understand how Rank Math is used in real-world setups<\/li>\n\n\n\n<li>Identify and resolve bugs more quickly<\/li>\n\n\n\n<li>Prioritize development of features that matter most<\/li>\n\n\n\n<li>Improve compatibility across different server and site environments\u00a0<\/li>\n<\/ul>\n\n\n\n<p>T\u00e4m\u00e4 arvokas palaute on avainasemassa teht\u00e4ess\u00e4 tietoisia p\u00e4\u00e4t\u00f6ksi\u00e4, jotka johtavat parempaan k\u00e4ytt\u00f6kokemukseen, uusiin ominaisuuksiin, parempaan dokumentaatioon ja kaiken kaikkiaan nautittavampaan k\u00e4ytt\u00f6kokemukseen.<\/p>\n\n\n\n<h2 class=\"wp-block-heading\"><strong>Rank Math:n tiliyhteys laajennuksen kanssa<\/strong><\/h2>\n\n\n\n<p>When someone connects their Rank Math account with the Rank Math plugin during the initial setup process, we store their website URL and display that in your member area, accessible on rankmath.com, for easy client\/ website management.<\/p>\n\n\n\n<h2 class=\"wp-block-heading\"><strong>Search Console Data<\/strong><\/h2>\n\n\n\n<p>Me <strong>\u00c4l\u00e4 <\/strong>tallentaa tai k\u00e4sitell\u00e4 mit\u00e4\u00e4n Google Analytics-, Google Search Console- tai Google AdSense -tietojasi palvelimillemme. Laajennus yksinkertaisesti hakee tiedot API:n kautta n\u00e4ytt\u00e4\u00e4kseen ne WordPress-hallinta-alueellasi ja <strong>tallenna se verkkosivustosi tietokantaan<\/strong>.<\/p>\n\n\n\n<h2 class=\"wp-block-heading\"><strong>Yksityisyytesi ensin<\/strong><\/h2>\n\n\n\n<p>Otamme yksityisyytesi eritt\u00e4in vakavasti ja varmistamme, ett\u00e4 sit\u00e4 ei koskaan k\u00e4ytet\u00e4 v\u00e4\u00e4rin. Jos haluat lis\u00e4tietoja tietojesi suojaamisesta,&nbsp;<a rel=\"noreferrer noopener\" class=\"rank-math-link rank-math-link\" target=\"_blank\" href=\"https:\/\/rankmath.com\/fi\/privacy-policy\/\">lue tietosuojak\u00e4yt\u00e4nt\u00f6mme t\u00e4\u00e4lt\u00e4<\/a>.<\/p>\n\n\n\n<p><em>Last Updated On: 25th Aug, 2025<\/em><\/p>","protected":false},"excerpt":{"rendered":"<p>Oletusarvoisesti laajennuskehitt\u00e4j\u00e4t eiv\u00e4t saa mit\u00e4\u00e4n k\u00e4ytt\u00f6tietoja WordPress.org:lta. T\u00e4m\u00e4 on hienoa, koska WordPressin ja yleisesti avoimen l\u00e4hdekoodin hengess\u00e4 se tarkoittaa, ett\u00e4 ihmiset voivat hallita tietojaan t\u00e4ysin. T\u00e4st\u00e4 huolimatta se tarkoittaa my\u00f6s sit\u00e4, ett\u00e4 Rank Math:ll\u00e4 ei ole tietoa siit\u00e4, kuinka ihmiset ovat vuorovaikutuksessa laajennuksen kanssa, tai tunnistaa yleisi\u00e4 [\u2026]<\/p>","protected":false},"author":37,"featured_media":0,"parent":0,"menu_order":0,"comment_status":"closed","ping_status":"closed","template":"","meta":{"footnotes":""},"class_list":["post-554356","page","type-page","status-publish"],"_links":{"self":[{"href":"https:\/\/rankmath.com\/fi\/wp-json\/wp\/v2\/pages\/554356","targetHints":{"allow":["GET"]}}],"collection":[{"href":"https:\/\/rankmath.com\/fi\/wp-json\/wp\/v2\/pages"}],"about":[{"href":"https:\/\/rankmath.com\/fi\/wp-json\/wp\/v2\/types\/page"}],"author":[{"embeddable":true,"href":"https:\/\/rankmath.com\/fi\/wp-json\/wp\/v2\/users\/37"}],"replies":[{"embeddable":true,"href":"https:\/\/rankmath.com\/fi\/wp-json\/wp\/v2\/comments?post=554356"}],"version-history":[{"count":4,"href":"https:\/\/rankmath.com\/fi\/wp-json\/wp\/v2\/pages\/554356\/revisions"}],"predecessor-version":[{"id":1589985,"href":"https:\/\/rankmath.com\/fi\/wp-json\/wp\/v2\/pages\/554356\/revisions\/1589985"}],"wp:attachment":[{"href":"https:\/\/rankmath.com\/fi\/wp-json\/wp\/v2\/media?parent=554356"}],"curies":[{"name":"wp","href":"https:\/\/api.w.org\/{rel}","templated":true}]}}