{"id":396988,"date":"2022-11-02T13:12:17","date_gmt":"2022-11-02T13:12:17","guid":{"rendered":"https:\/\/rankmath.com\/?page_id=396988"},"modified":"2025-07-22T08:30:40","modified_gmt":"2025-07-22T08:30:40","slug":"meta-tag-analyzer","status":"publish","type":"page","link":"https:\/\/rankmath.com\/fi\/tools\/meta-tag-analyzer\/","title":{"rendered":"Meta Tag Analyzer"},"content":{"rendered":"<h3 class=\"wp-block-heading\"><strong>Kuinka monta merkki\u00e4 voin k\u00e4ytt\u00e4\u00e4 otsikkotunnisteessa?<\/strong><\/h3>\n\n\n\n<p>Pid\u00e4 otsikkotunnistetta napsautettavana otsikkona sivullesi hakutuloksissa, jonka pit\u00e4isi pakottaa etsij\u00e4t napsauttamaan.<\/p>\n\n\n\n<p>Metaotsikon ihanteellinen pituus on 50\u201360 merkki\u00e4 ja 580 pikseli\u00e4. Kauempana riskin\u00e4 on katkaistuminen, mik\u00e4 v\u00e4hent\u00e4\u00e4 napsautussuhteita.<\/p>\n\n\n\n<h3 class=\"wp-block-heading\"><strong>Kuinka kirjoittaa hyv\u00e4 SEO-otsikko?<\/strong><\/h3>\n\n\n\n<p>Ymm\u00e4rr\u00e4 kohdeyleis\u00f6si psykologia ja keskity kirjoittamaan houkutteleva otsikko, jota hakija haluaisi napsauttaa. Joitakin tunnettuja k\u00e4yt\u00e4nt\u00f6j\u00e4 ovat mm.<\/p>\n\n\n\n<ol class=\"wp-block-list\"><li><strong>K\u00e4yt\u00e4 numeroa<\/strong> \u2013 Ihmiset rakastavat listoja. Niit\u00e4 on helppo lukea ja sulattaa. Siksi otsikot, joissa on numero, ovat niin tehokkaita.<\/li><li><strong>K\u00e4yt\u00e4 voimasanaa<\/strong> &#8211; <a href=\"https:\/\/rankmath.com\/blog\/power-words\/\">Voima sanat<\/a> her\u00e4tt\u00e4\u00e4 tunteita ja pakottaa ihmiset lukemaan ja napsauttamaan. Niiden k\u00e4ytt\u00e4minen otsikossa erottuu kilpailijoista.<\/li><li>K\u00e4yt\u00e4 kysymyst\u00e4 \u2013 Kysymykseen perustuvat otsikot ovat mahtavia, koska ne rohkaisevat ihmisi\u00e4 l\u00f6yt\u00e4m\u00e4\u00e4n vastauksen napsauttamalla. Sinun ei tarvitse menn\u00e4 yli laidan sen kanssa.<\/li><\/ol>\n\n\n\n<h3 class=\"wp-block-heading\"><strong>Kuinka monta merkki\u00e4 voin k\u00e4ytt\u00e4\u00e4 kuvauksessa?<\/strong><\/h3>\n\n\n\n<p>Ihanteellinen pituus metakuvaukselle on 50\u2013160 merkki\u00e4, kun taas Google ja muut hakukoneet lyhent\u00e4isiv\u00e4t ne ~ 155\u2013160 merkiksi ottaen huomioon 920 pikselin raja.<\/p>\n\n\n\n<p>Joten vaikka metakuvaus ei olisi yli 160 merkki\u00e4, jos se sattuu olemaan yli 920 pikseli\u00e4, Google lyhent\u00e4\u00e4 kuvauksesi silti ellipsill\u00e4.<\/p>\n\n\n\n<h3 class=\"wp-block-heading\"><strong>Kuinka kirjoittaa hyv\u00e4 metakuvaus?<\/strong><\/h3>\n\n\n\n<p>Kirjoita ainutlaatuinen metakuvaus, joka noudattaa parhaita k\u00e4yt\u00e4nt\u00f6j\u00e4 j\u00e4tt\u00e4m\u00e4tt\u00e4 hakukoneita itse valita.&nbsp;&nbsp;<\/p>\n\n\n\n<ol class=\"wp-block-list\"><li>K\u00e4yt\u00e4 kohdeavainsanojasi luonnollisesti ja kirjoita ihmislukijoita ajatellen.&nbsp;<\/li><li>Tee yhteenveto sis\u00e4ll\u00f6st\u00e4 \u2013 kuvaile aiheita, joista sis\u00e4ll\u00f6ss\u00e4si keskustellaan.<\/li><li>Kuvauksen pit\u00e4isi her\u00e4tt\u00e4\u00e4 lukijan kiinnostus ja saada heid\u00e4t napsauttamaan artikkelia. Ajattele sit\u00e4 sis\u00e4lt\u00f6si minimainoksena.<\/li><\/ol>","protected":false},"excerpt":{"rendered":"<p>How Many Characters Can I Use in the Title Tag? Consider the Title tag as a clickable headline for your page in search results that should compel searchers to click through. The ideal length for the meta title is 50\u201360 characters and 580 pixels. Any longer, you&#8217;ll risk getting truncated, reducing the click-throughs. How to [&hellip;]<\/p>","protected":false},"author":13,"featured_media":0,"parent":388392,"menu_order":0,"comment_status":"closed","ping_status":"closed","template":"page-meta-tag-analyzer.php","meta":{"footnotes":""},"class_list":["post-396988","page","type-page","status-publish"],"_links":{"self":[{"href":"https:\/\/rankmath.com\/fi\/wp-json\/wp\/v2\/pages\/396988","targetHints":{"allow":["GET"]}}],"collection":[{"href":"https:\/\/rankmath.com\/fi\/wp-json\/wp\/v2\/pages"}],"about":[{"href":"https:\/\/rankmath.com\/fi\/wp-json\/wp\/v2\/types\/page"}],"author":[{"embeddable":true,"href":"https:\/\/rankmath.com\/fi\/wp-json\/wp\/v2\/users\/13"}],"replies":[{"embeddable":true,"href":"https:\/\/rankmath.com\/fi\/wp-json\/wp\/v2\/comments?post=396988"}],"version-history":[{"count":4,"href":"https:\/\/rankmath.com\/fi\/wp-json\/wp\/v2\/pages\/396988\/revisions"}],"predecessor-version":[{"id":1569119,"href":"https:\/\/rankmath.com\/fi\/wp-json\/wp\/v2\/pages\/396988\/revisions\/1569119"}],"up":[{"embeddable":true,"href":"https:\/\/rankmath.com\/fi\/wp-json\/wp\/v2\/pages\/388392"}],"wp:attachment":[{"href":"https:\/\/rankmath.com\/fi\/wp-json\/wp\/v2\/media?parent=396988"}],"curies":[{"name":"wp","href":"https:\/\/api.w.org\/{rel}","templated":true}]}}