{"id":234,"date":"2019-01-23T09:12:01","date_gmt":"2019-01-23T09:12:01","guid":{"rendered":"https:\/\/rankmath.com\/?page_id=234"},"modified":"2025-02-11T18:40:26","modified_gmt":"2025-02-11T18:40:26","slug":"cookie-policy","status":"publish","type":"page","link":"https:\/\/rankmath.com\/fi\/cookie-policy\/","title":{"rendered":"Ev\u00e4stek\u00e4yt\u00e4nt\u00f6"},"content":{"rendered":"<div name=\"termly-embed\" data-id=\"3beded0d-b899-4596-9895-be94da4f356f\"><\/div>\n<script type=\"text\/javascript\">(function(d, s, id) {\n  var js, tjs = d.getElementsByTagName(s)[0];\n  if (d.getElementById(id)) return;\n  js = d.createElement(s); js.id = id;\n  js.src = \"https:\/\/app.termly.io\/embed-policy.min.js\";\n  tjs.parentNode.insertBefore(js, tjs);\n}(document, 'script', 'termly-jssdk'));<\/script>","protected":false},"excerpt":{"rendered":"","protected":false},"author":1,"featured_media":0,"parent":0,"menu_order":0,"comment_status":"closed","ping_status":"closed","template":"page-policies.php","meta":{"footnotes":""},"class_list":["post-234","page","type-page","status-publish"],"_links":{"self":[{"href":"https:\/\/rankmath.com\/fi\/wp-json\/wp\/v2\/pages\/234","targetHints":{"allow":["GET"]}}],"collection":[{"href":"https:\/\/rankmath.com\/fi\/wp-json\/wp\/v2\/pages"}],"about":[{"href":"https:\/\/rankmath.com\/fi\/wp-json\/wp\/v2\/types\/page"}],"author":[{"embeddable":true,"href":"https:\/\/rankmath.com\/fi\/wp-json\/wp\/v2\/users\/1"}],"replies":[{"embeddable":true,"href":"https:\/\/rankmath.com\/fi\/wp-json\/wp\/v2\/comments?post=234"}],"version-history":[{"count":3,"href":"https:\/\/rankmath.com\/fi\/wp-json\/wp\/v2\/pages\/234\/revisions"}],"predecessor-version":[{"id":1472294,"href":"https:\/\/rankmath.com\/fi\/wp-json\/wp\/v2\/pages\/234\/revisions\/1472294"}],"wp:attachment":[{"href":"https:\/\/rankmath.com\/fi\/wp-json\/wp\/v2\/media?parent=234"}],"curies":[{"name":"wp","href":"https:\/\/api.w.org\/{rel}","templated":true}]}}