{"id":995589,"date":"2021-10-29T15:46:16","date_gmt":"2021-10-29T15:46:16","guid":{"rendered":"https:\/\/rankmath.com\/?post_type=product&#038;p=995589"},"modified":"2021-11-04T14:14:50","modified_gmt":"2021-11-04T14:14:50","slug":"content-ai","status":"publish","type":"product","link":"https:\/\/rankmath.com\/es\/wordpress\/plugin\/content-ai\/","title":{"rendered":"Content AI"},"content":{"rendered":"","protected":false},"excerpt":{"rendered":"<p>No m\u00e1s conjeturas. Escriba su contenido basado en datos s\u00f3lidos y llegue a la parte superior de las p\u00e1ginas de resultados del motor de b\u00fasqueda.<\/p>","protected":false},"featured_media":1000448,"template":"","meta":[],"product_brand":[],"product_cat":[15],"product_tag":[],"class_list":{"0":"post-995589","1":"product","2":"type-product","3":"status-publish","4":"has-post-thumbnail","6":"product_cat-free","8":"first","9":"instock","10":"sold-individually","11":"shipping-taxable","12":"purchasable","13":"product-type-variable-subscription"},"_links":{"self":[{"href":"https:\/\/rankmath.com\/es\/wp-json\/wp\/v2\/product\/995589","targetHints":{"allow":["GET"]}}],"collection":[{"href":"https:\/\/rankmath.com\/es\/wp-json\/wp\/v2\/product"}],"about":[{"href":"https:\/\/rankmath.com\/es\/wp-json\/wp\/v2\/types\/product"}],"wp:featuredmedia":[{"embeddable":true,"href":"https:\/\/rankmath.com\/es\/wp-json\/wp\/v2\/media\/1000448"}],"wp:attachment":[{"href":"https:\/\/rankmath.com\/es\/wp-json\/wp\/v2\/media?parent=995589"}],"wp:term":[{"taxonomy":"product_brand","embeddable":true,"href":"https:\/\/rankmath.com\/es\/wp-json\/wp\/v2\/product_brand?post=995589"},{"taxonomy":"product_cat","embeddable":true,"href":"https:\/\/rankmath.com\/es\/wp-json\/wp\/v2\/product_cat?post=995589"},{"taxonomy":"product_tag","embeddable":true,"href":"https:\/\/rankmath.com\/es\/wp-json\/wp\/v2\/product_tag?post=995589"}],"curies":[{"name":"wp","href":"https:\/\/api.w.org\/{rel}","templated":true}]}}