{"id":805672,"date":"2021-03-18T15:18:33","date_gmt":"2021-03-18T19:18:33","guid":{"rendered":"https:\/\/rankmath.com\/?page_id=805672"},"modified":"2024-11-27T17:26:28","modified_gmt":"2024-11-27T17:26:28","slug":"affiliate-terms-and-conditions","status":"publish","type":"page","link":"https:\/\/rankmath.com\/es\/affiliate-terms-and-conditions\/","title":{"rendered":"T\u00e9rminos de Servicio de Afiliados"},"content":{"rendered":"<p>Nos reservamos el derecho de revisar y moderar todos los registros de afiliados. Tenga en cuenta que el proceso de revisi\u00f3n puede llevar alg\u00fan tiempo, ya que se tienen en cuenta las solicitudes. Sabemos lo ansioso que debe estar por convertirse en afiliado y apreciamos su paciencia.&nbsp;<\/p>\n\n\n\n<p><strong>C\u00f3mo promocionar Rank Math<\/strong><\/p>\n\n\n\n<p>\u00a1La forma en que promociona Rank Math se refleja en la comisi\u00f3n que gana! Fomentamos el uso de m\u00e9todos promocionales que agreguen valor a Rank Math y nos aporten clientes leg\u00edtimos y leales. Recomendamos crear contenido escrito imparcial o videos sobre SEO y marketing o tutoriales, donde sea adecuado mostrar Rank Math. Como afiliado, debe cumplir con todas las leyes de privacidad aplicables, incluido el Reglamento General de Protecci\u00f3n de Datos (GDPR) de la Uni\u00f3n Europea. Recuerde que no puede utilizar los datos personales de un amigo o socio comercial sin el consentimiento adecuado al promocionar Rank Math p\u00fablicamente.<\/p>\n\n\n\n<p><strong>Aqu\u00ed hay algunos ejemplos de m\u00e9todos promocionales com\u00fanmente utilizados por los afiliados m\u00e1s exitosos para inspirarse:&nbsp;<\/strong><\/p>\n\n\n\n<ul class=\"wp-block-list\">\n<li>Informe a los clientes, clientes o amigos sobre Rank Math y proporci\u00f3neles su enlace de referencia de afiliado (haci\u00e9ndoles saber que realmente lo usa y puede recomendarlo, pero que ganar\u00eda una peque\u00f1a comisi\u00f3n por la referencia)<\/li>\n\n\n\n<li>Escriba una rese\u00f1a o una publicaci\u00f3n de blog o cree un video sobre un tema en SEO y marketing y mencione Rank Math donde tenga sentido hacerlo enlazando a nuestro sitio web con su enlace de referencia de afiliado y la divulgaci\u00f3n adecuada.<\/li>\n\n\n\n<li>Llegue a una amplia audiencia con sus cuentas de redes sociales. Tuitee sobre nosotros en Twitter con su enlace de referencia de afiliado, publique sobre nosotros en Facebook con su enlace de afiliado o comun\u00edquese con sus seguidores de Linkedin sobre el marketing de afiliaci\u00f3n con su enlace de afiliado. \u00a1La promoci\u00f3n sin spam es una excelente manera de obtener m\u00e1s referencias!<\/li>\n\n\n\n<li>Escriba una rese\u00f1a o una publicaci\u00f3n de blog sobre marketing de afiliaci\u00f3n o Rank Math y enlace a nuestro sitio con su enlace de referencia.<\/li>\n\n\n\n<li>Proporcione valor a otros respondiendo preguntas relacionadas en comunidades\/personalmente y solic\u00edteles que usen su enlace de referencia si eligen hacer una compra.&nbsp;<\/li>\n<\/ul>\n\n\n\n<p><strong>En relaci\u00f3n con cualquier esfuerzo de marketing que elija realizar para nuestros productos, aseg\u00farese de que todos los materiales promocionales cumplan con las siguientes pautas.<\/strong><\/p>\n\n\n\n<ol class=\"wp-block-list\">\n<li>No debe violar ninguna ley o regulaci\u00f3n que rija (i) la publicidad falsa o enga\u00f1osa, (ii) los sorteos o (iii) los juegos de azar.<\/li>\n\n\n\n<li>No debe ofrecer incentivos a los usuarios para que hagan clic en anuncios o completen ofertas que les otorguen dinero en efectivo, puntos, premios o que los inscriban autom\u00e1ticamente en concursos, sorteos o sorteos.<\/li>\n\n\n\n<li>Sus materiales promocionales no deben contener ning\u00fan desprecio comercial o contenido calumnioso, difamatorio o infractor; y\n<ol class=\"wp-block-list\">\n<li>no contienen ning\u00fan c\u00f3digo legible por m\u00e1quina que podr\u00eda descargarse involuntariamente en la computadora del destinatario (como un gusano, un virus, un caballo de Troya u otros programas autoejecutables) y da\u00f1ar o apoderarse de la computadora del destinatario.<\/li>\n<\/ol>\n<\/li>\n\n\n\n<li>Sus sitios web y\/o videos no deben contener ning\u00fan material que sea:\n<ol class=\"wp-block-list\">\n<li>Obsceno o pornogr\u00e1fico;<\/li>\n\n\n\n<li>Ofensivo, profano, odioso, amenazante, da\u00f1ino, difamatorio, calumnioso, acosador o discriminatorio (ya sea por motivos de raza, etnia, credo, religi\u00f3n, g\u00e9nero, orientaci\u00f3n sexual, discapacidad f\u00edsica o de otra manera);<\/li>\n\n\n\n<li>Gr\u00e1ficamente violento; o<\/li>\n\n\n\n<li>Sol\u00edcito de cualquier conducta il\u00edcita.<\/li>\n<\/ol>\n<\/li>\n\n\n\n<li>Sobre todo, debe cumplir con todas las leyes, ordenanzas, reglas, reglamentos, \u00f3rdenes, licencias, permisos, sentencias, decisiones u otros requisitos de cualquier autoridad gubernamental que tenga jurisdicci\u00f3n sobre usted, ya sea que esas leyes, etc., est\u00e9n vigentes ahora o m\u00e1s adelante. entrar\u00e1n en vigencia durante el tiempo que sea un afiliado, incluida la Ley CAN-SPAM de 2003, as\u00ed como las reglas y pautas de la FTC con respecto a los endosos, divulgaciones y testimonios.&nbsp;<\/li>\n<\/ol>\n\n\n\n<p><strong>Rese\u00f1as de productos<\/strong><\/p>\n\n\n\n<p>En el caso de que cree una rese\u00f1a de Rank Math, debe asegurarse de revelar por adelantado que recibe un porcentaje de cada venta realizada. Adem\u00e1s, todos los endosos deben reflejar las opiniones o experiencias honestas del patrocinador. Cualquier divulgaci\u00f3n debe ser clara y conspicua y no oculta. El principio m\u00e1s importante es que un endoso debe representar la experiencia y la opini\u00f3n precisas del endosante.&nbsp;<\/p>\n\n\n\n<p>M\u00e1s all\u00e1 de esto, debe cumplir con la siguiente orientaci\u00f3n:&nbsp;<\/p>\n\n\n\n<ol class=\"wp-block-list\">\n<li>No puedes hablar de tu experiencia con un producto si no lo has probado.&nbsp;<\/li>\n\n\n\n<li>Si le pagaron para probar un producto y pens\u00f3 que era terrible, no puede decir que es fant\u00e1stico.<\/li>\n\n\n\n<li>No puede hacer afirmaciones sobre un producto que requieran pruebas que no tiene. Por ejemplo, no se puede decir que un producto curar\u00e1 una enfermedad en particular si no hay evidencia cient\u00edfica que demuestre que es cierto.&nbsp;<\/li>\n\n\n\n<li>Adem\u00e1s, dichas divulgaciones deben hacerse de manera clara, frecuente y notoria. Dichas divulgaciones aseguran que los lectores puedan formular una opini\u00f3n informada sobre la informaci\u00f3n que usted proporciona al comprender la posible influencia que su conexi\u00f3n material con nuestra empresa podr\u00eda tener en su respaldo a nuestros productos.&nbsp;<\/li>\n<\/ol>\n\n\n\n<p><strong>Vinculaci\u00f3n en Art\u00edculos y\/o V\u00eddeos<\/strong><\/p>\n\n\n\n<p>Al usar su enlace de afiliado de Rank Math en un art\u00edculo y\/o en videos, debe mostrar una divulgaci\u00f3n clara sobre la naturaleza de sus enlaces de afiliado y la conexi\u00f3n material que tiene con nuestra empresa. Estas divulgaciones deben aparecer en la misma p\u00e1gina donde aparecen los enlaces, y deben ser claras, visibles y no requieren interacci\u00f3n adicional del usuario para leer (como hacer clic en un enlace, desplazarse o pasar el mouse sobre un elemento). De acuerdo con la propia FTC, \u201cPoner las divulgaciones en lugares oscuros, por ejemplo, entierros en una p\u00e1gina Acerca de nosotros o Informaci\u00f3n general, o detr\u00e1s de un hiperv\u00ednculo mal etiquetado o en un acuerdo de T\u00e9rminos de servicio no es suficiente. La persona promedio que visita su sitio debe poder notar su divulgaci\u00f3n, leerla y entenderla\u201d.&nbsp;<\/p>\n\n\n\n<p>Y como tal, esto significa que todas las divulgaciones deben aparecer en su totalidad antes o muy cerca del enlace de afiliado en s\u00ed.&nbsp;<\/p>\n\n\n\n<p>Aqu\u00ed hay un ejemplo r\u00e1pido para usted:&nbsp;<\/p>\n\n\n\n<p><strong><em>Divulgaci\u00f3n: algunos de los enlaces en esta publicaci\u00f3n\/video son <\/em><\/strong>\u201c<strong><em>enlaces de afiliados\u201d: lo que esto significa es que si hace clic en el enlace y elige realizar una compra, recibir\u00e9 una comisi\u00f3n de afiliado.<\/em><\/strong><\/p>\n\n\n\n<p><strong>Compartir en Redes Sociales<\/strong><\/p>\n\n\n\n<p>Al utilizar su enlace de afiliado de Rank Math en las redes sociales, tambi\u00e9n debe mostrar una declaraci\u00f3n clara sobre la naturaleza de los enlaces y la conexi\u00f3n material que tiene con nuestra empresa. En forma de publicaciones en redes sociales, estas divulgaciones deben ser parte de la publicaci\u00f3n que contiene el enlace de afiliado.&nbsp;<\/p>\n\n\n\n<p>Ejemplo de divulgaci\u00f3n de Twitter:&nbsp;<\/p>\n\n\n\n<p>\u201cHola a todos, recientemente comenc\u00e9 a usar el complemento Rank Math SEO en mi sitio web y \u00a1ha sido realmente \u00fatil! Si usted tambi\u00e9n est\u00e1 interesado en verlo, aqu\u00ed est\u00e1 mi enlace de afiliado: [insertar enlace de afiliado]. Divulgaci\u00f3n completa: recibo una comisi\u00f3n si realiza una compra a trav\u00e9s de este enlace. #ad #afiliado\u201d<\/p>\n\n\n\n<p>En este ejemplo, la divulgaci\u00f3n es clara y concisa y se incluye como parte de la publicaci\u00f3n que contiene el enlace de afiliado. Al utilizar los hashtags #ad y #affiliate, sus seguidores tienen claro que se trata de una publicaci\u00f3n comercial y que tiene una relaci\u00f3n financiera con Rank Math\u201d.<\/p>\n\n\n\n<p>Adem\u00e1s, debe cumplir con los respectivos t\u00e9rminos de servicios, t\u00e9rminos de condiciones y cualquier otro t\u00e9rmino legal aplicable entre usted y la red que utiliza.&nbsp;<\/p>\n\n\n\n<p><strong>C\u00f3mo no promocionar Rank Math<\/strong><\/p>\n\n\n\n<p>Curating a definitive list of the allowed methods of promotion would be endless because there are tons of opportunities. However, what we can do to put your mind at ease is cover what is absolutely prohibited as a part of Rank Math\u2019s affiliate program. If your promotional methods step outside of these affiliate terms, your referrals may be rejected, and we may disable your affiliate account. We reserve the right to do this and may or may not notify you in the instance that this occurs. Please only use allowed promotional methods and help us help you succeed as an affiliate \u2013&nbsp;we thank you for your understanding &amp; support!&nbsp;<\/p>\n\n\n\n<p>Amamos y respaldamos nuestro producto 100%, por lo que somos a\u00fan m\u00e1s cuidadosos con la forma en que se promociona y queremos afiliados que nos apoyen de manera \u00e9tica:&nbsp;<\/p>\n\n\n\n<ul class=\"wp-block-list\">\n<li><strong>Es posible que Rank Math no se promocione en sitios web de cupones<\/strong><br>Los clientes que buscan un cup\u00f3n Rank Math ya est\u00e1n en el mercado para Rank Math, por lo que este m\u00e9todo no agrega valor a Rank Math.<\/li>\n\n\n\n<li><strong>Publicidad pagada usando Rank Math<\/strong>&#039;<strong>La marca registrada\/el nombre de marca est\u00e1 prohibido.<\/strong><br>La compra de anuncios a trav\u00e9s de cualquier servicio, incluidos, entre otros, Google AdWords, publicidad en redes sociales o anuncios de redireccionamiento utilizando las palabras clave de nuestra marca y su enlace de afiliado, dar\u00e1 como resultado la desactivaci\u00f3n de la cuenta de afiliado.<\/li>\n\n\n\n<li><strong>El marketing de pago por clic est\u00e1 prohibido<\/strong><br>Nuestro programa de afiliados no admite pr\u00e1cticas de marketing de pago por clic. Abstenerse de participar en cualquier actividad relacionada con la publicidad PPC mientras promociona nuestros productos.<\/li>\n\n\n\n<li><strong>Promover informaci\u00f3n incorrecta o enga\u00f1osa<br><\/strong>Cualquier actividad promocional que haga uso de informaci\u00f3n incorrecta o enga\u00f1osa resultar\u00e1 en la desactivaci\u00f3n de la cuenta de afiliado. Esto incluye informaci\u00f3n falsa destinada a hacer clickbait a clientes potenciales. Si no est\u00e1 seguro de la informaci\u00f3n o los detalles correctos para promocionar Rank Math, comun\u00edquese con nosotros; siempre estaremos encantados de ayudarle.<\/li>\n\n\n\n<li><strong>Prohibido cualquier tipo de spam<br><\/strong>Spam in any form \u2013&nbsp;whether it is a link, ad, email, or comment is prohibited. Please respect the posting rules of any 3rd-party websites you use to promote Rank Math. This is not an exhaustive list of spam methods \u2013&nbsp;note that if we deem that your activity is spam, it is spam.<\/li>\n\n\n\n<li><strong>Cualquier actividad ilegal o considerada ofensiva por nosotros est\u00e1 prohibida.<br><\/strong>Este realmente es evidente y resultar\u00e1 en el rechazo de las referencias y\/o la desactivaci\u00f3n de su cuenta de afiliado.<\/li>\n\n\n\n<li><strong>Haci\u00e9ndose pasar por representante\/actuando en asociaci\u00f3n con Rank Math<br><\/strong>Nos sentimos muy halagados, pero por favor no pretenda ser un profesional asociado con Rank Math. Los afiliados no se consideran empleados de Rank Math y no tienen derechos de empleado. Si desea ofrecer servicios de optimizaci\u00f3n de Rank Math y utilizar su enlace de afiliado al recomendar Rank Math PRO, esto es aceptable.<\/li>\n\n\n\n<li><strong>Pretender ser Rank Math est\u00e1 estrictamente prohibido.<br><\/strong>La clonaci\u00f3n de nuestro sitio web, la copia de nuestro sitio web o el uso de cualquiera de nuestros activos protegidos por derechos de autor, y pretender que un sitio creado por usted es un sitio web oficial de Rank Math no es \u00e9tico y est\u00e1 prohibido (esto incluye el uso de servicios que clonan sitios web autom\u00e1ticamente o los colocan en iframes)&nbsp;<\/li>\n<\/ul>\n\n\n\n<p><strong>Reembolso de compras<\/strong><\/p>\n\n\n\n<p>Las referencias que tengan m\u00e1s de 30 d\u00edas y est\u00e9n al d\u00eda (es decir, la compra no ha sido reembolsada) se incluir\u00e1n con cada pago de comisi\u00f3n (si el saldo de la comisi\u00f3n asciende a $200 o m\u00e1s). Si se reembolsa una compra, no se pagar\u00e1 una comisi\u00f3n por esa referencia.<\/p>\n\n\n\n<p>Nos reservamos el derecho de rechazar las comisiones de los afiliados por cualquier motivo. Los rechazos de la Comisi\u00f3n pueden ocurrir por las siguientes razones:<\/p>\n\n\n\n<ol class=\"wp-block-list\">\n<li>Se reembols\u00f3 la venta en la que se bas\u00f3 la recomendaci\u00f3n.<\/li>\n\n\n\n<li>El m\u00e9todo por el cual se gener\u00f3 la referencia viol\u00f3 nuestras pol\u00edticas promocionales (ver arriba) o viol\u00f3 el esp\u00edritu del Acuerdo de Afiliaci\u00f3n.<\/li>\n<\/ol>\n\n\n\n<p>Para las devoluciones de cargo en una transacci\u00f3n para la que ya se realiz\u00f3 un pago de afiliado, lo deduciremos de su pago posterior. Si no hay comisi\u00f3n en el pr\u00f3ximo mes, su saldo de afiliado se volver\u00e1 negativo.&nbsp;<\/p>\n\n\n\n<p><strong>Duraci\u00f3n de la cookie de referencia<\/strong><\/p>\n\n\n\n<p>El programa de afiliados de Rank Math paga una comisi\u00f3n de 30% en todas las ventas, incluidas las actualizaciones, lo que significa que si alguien se actualiza a Rank Math PRO y luego se actualiza al plan Business en el futuro, seguir\u00e1 recibiendo 30% de lo que nos pague el cliente que refiri\u00f3.<\/p>\n\n\n\n<p>The cookie lifetime is set to 60 days and is last-click, meaning the last affiliate link clicked will be awarded attribution for referring a user\/customer. Once attributed to an affiliate, that affiliate will earn a commission on all purchases from that customer within 60 days.<\/p>\n\n\n\n<p><strong>Noticias y actualizaciones de afiliados<\/strong><\/p>\n\n\n\n<p>Al convertirse en afiliado, acepta recibir nuestros correos electr\u00f3nicos. Estos correos electr\u00f3nicos se enviar\u00e1n \u00fanicamente a los afiliados, de forma ad hoc, y pueden incluir informaci\u00f3n importante sobre el programa de afiliados de Rank Math. Estos correos electr\u00f3nicos tambi\u00e9n le brindar\u00e1n noticias y actualizaciones relevantes para ayudarlo a promover Rank Math de manera efectiva.&nbsp;<\/p>\n\n\n\n<p>Tenga en cuenta que, como afiliado, puede estar al tanto de informaci\u00f3n embargada o urgente en estos correos electr\u00f3nicos (esta informaci\u00f3n solo puede promocionarse despu\u00e9s de que se levante el embargo).&nbsp;<\/p>\n\n\n\n<p><strong>Preguntas sobre su solicitud<\/strong><\/p>\n\n\n\n<p>Cuando solicita convertirse en afiliado, podemos enviarle un correo electr\u00f3nico a la direcci\u00f3n de correo electr\u00f3nico que ha proporcionado con algunas preguntas adicionales con respecto a su solicitud.&nbsp;<\/p>\n\n\n\n<p>Esto puede deberse a las siguientes razones:&nbsp;<\/p>\n\n\n\n<ul class=\"wp-block-list\">\n<li>No entendimos algo en su solicitud, o,<\/li>\n\n\n\n<li>Nos gustar\u00eda saber un poco m\u00e1s sobre c\u00f3mo pretende promocionar Rank Math y necesitamos un poco m\u00e1s de detalles.&nbsp;<\/li>\n<\/ul>\n\n\n\n<p>Si nos comunicamos con usted y no recibimos respuesta dentro de los 7 d\u00edas, es posible que se rechace su solicitud. Si su solicitud inicial es rechazada, puede volver a presentar una solicitud para convertirse en afiliado y proporcionarnos m\u00e1s detalles para su reconsideraci\u00f3n.&nbsp;<\/p>\n\n\n\n<p><strong>Cuentas de afiliados inactivas<\/strong><\/p>\n\n\n\n<p>Alentamos a todos nuestros afiliados a promover activamente Rank Math para seguir ganando comisiones por referencias. Si podemos ayudarlo a encontrar ideas sobre c\u00f3mo promover Rank Math, no dude en comunicarse, \u00a1estamos aqu\u00ed para ayudarlo! Una cuenta de afiliado se considera inactiva si no se han generado visitas despu\u00e9s de un per\u00edodo de 6 meses. Una cuenta de afiliado inactiva se desactivar\u00e1 temporalmente si no se han generado visitas despu\u00e9s de 6 meses.<\/p>\n\n\n\n<p><em>Ultima actualizaci\u00f3n en:&nbsp;<\/em>22 de agosto de 2023<\/p>","protected":false},"excerpt":{"rendered":"<p>Nos reservamos el derecho de revisar y moderar todos los registros de afiliados. Tenga en cuenta que el proceso de revisi\u00f3n puede llevar alg\u00fan tiempo, ya que se tienen en cuenta las solicitudes. Sabemos lo ansioso que debe estar por convertirse en afiliado y apreciamos su paciencia. C\u00f3mo promocionar las matem\u00e1ticas de rango C\u00f3mo promocionas Rank Math se refleja [\u2026]<\/p>","protected":false},"author":1,"featured_media":0,"parent":0,"menu_order":0,"comment_status":"closed","ping_status":"closed","template":"","meta":{"footnotes":""},"class_list":["post-805672","page","type-page","status-publish"],"_links":{"self":[{"href":"https:\/\/rankmath.com\/es\/wp-json\/wp\/v2\/pages\/805672","targetHints":{"allow":["GET"]}}],"collection":[{"href":"https:\/\/rankmath.com\/es\/wp-json\/wp\/v2\/pages"}],"about":[{"href":"https:\/\/rankmath.com\/es\/wp-json\/wp\/v2\/types\/page"}],"author":[{"embeddable":true,"href":"https:\/\/rankmath.com\/es\/wp-json\/wp\/v2\/users\/1"}],"replies":[{"embeddable":true,"href":"https:\/\/rankmath.com\/es\/wp-json\/wp\/v2\/comments?post=805672"}],"version-history":[{"count":3,"href":"https:\/\/rankmath.com\/es\/wp-json\/wp\/v2\/pages\/805672\/revisions"}],"predecessor-version":[{"id":1426473,"href":"https:\/\/rankmath.com\/es\/wp-json\/wp\/v2\/pages\/805672\/revisions\/1426473"}],"wp:attachment":[{"href":"https:\/\/rankmath.com\/es\/wp-json\/wp\/v2\/media?parent=805672"}],"curies":[{"name":"wp","href":"https:\/\/api.w.org\/{rel}","templated":true}]}}