{"id":805302,"date":"2021-03-18T07:59:00","date_gmt":"2021-03-18T11:59:00","guid":{"rendered":"https:\/\/rankmath.com\/?page_id=805302"},"modified":"2023-08-31T10:32:21","modified_gmt":"2023-08-31T10:32:21","slug":"affiliates","status":"publish","type":"page","link":"https:\/\/rankmath.com\/es\/affiliates\/","title":{"rendered":"Programa de afiliados Rank Math"},"content":{"rendered":"<div style=\"height:20px\" aria-hidden=\"true\" class=\"wp-block-spacer\"><\/div>\n\n\n<div id=\"rank-math-faq\" class=\"rank-math-block\">\n<div class=\"rank-math-list\">\n<div id=\"faq-question-1616067346704\" class=\"rank-math-list-item\">\n<h3 class=\"rank-math-question\">\u00bfExiste un umbral de pago m\u00ednimo?<\/h3>\n<div class=\"rank-math-answer\">\n\n<p>S\u00ed, pagamos a nuestros afiliados cada vez que acumulan ganancias de al menos $200. Si envi\u00e1ramos los pagos en el momento de cada venta individual, la cantidad de transacciones tanto para usted como para nosotros se saldr\u00eda r\u00e1pidamente de control. <\/p>\n\n<\/div>\n<\/div>\n<div id=\"faq-question-1616067366571\" class=\"rank-math-list-item\">\n<h3 class=\"rank-math-question\">\u00bfNecesito ser un usuario de Rank Math?<\/h3>\n<div class=\"rank-math-answer\">\n\n<p>No necesariamente. Sin embargo, recomendamos usar Rank Math porque cuanto m\u00e1s se familiarice con Rank Math PRO, m\u00e1s f\u00e1cil le resultar\u00e1 hacer una recomendaci\u00f3n honesta y exhibirla en su contenido, videos de YouTube, etc. <\/p>\n\n<\/div>\n<\/div>\n<div id=\"faq-question-1616067390363\" class=\"rank-math-list-item\">\n<h3 class=\"rank-math-question\">\u00bfPor cu\u00e1nto tiempo se atribuir\u00e1 un cliente a mi cuenta?<\/h3>\n<div class=\"rank-math-answer\">\n\n<p>A veces, un cliente puede tardar un par de veces en realizar su compra. Sin embargo, nos aseguraremos de que se atribuya una referencia a su cuenta si realizan compras durante 60 d\u00edas. <\/p>\n\n<\/div>\n<\/div>\n<div id=\"faq-question-1616067544300\" class=\"rank-math-list-item\">\n<h3 class=\"rank-math-question\">\u00bfCuando me pagan?<\/h3>\n<div class=\"rank-math-answer\">\n\n<p>Como resultado de nuestra pol\u00edtica de reembolso de 30 d\u00edas, luego de ese per\u00edodo de gracia, le pagaremos dentro de los 30 d\u00edas (suponiendo que alcance el umbral de pago m\u00ednimo) <\/p>\n\n<\/div>\n<\/div>\n<div id=\"faq-question-1616087158921\" class=\"rank-math-list-item\">\n<h3 class=\"rank-math-question\">\u00bfNecesito un sitio web para promocionar Rank Math?<\/h3>\n<div class=\"rank-math-answer\">\n\n<p>No, no necesita un sitio web para promocionar Rank Math y utilizar nuestro programa de afiliados. Si realiza marketing pago (despu\u00e9s de obtener nuestra aprobaci\u00f3n previa), marketing por correo electr\u00f3nico o blogs invitados, puede postularse para ser afiliado. Tenga en cuenta que no permitimos PPC, ni directamente ni a trav\u00e9s de una p\u00e1gina de destino. <\/p>\n\n<\/div>\n<\/div>\n<div id=\"faq-question-1616087241681\" class=\"rank-math-list-item\">\n<h3 class=\"rank-math-question\">\u00bfPuedo ver las estad\u00edsticas y las ganancias?<\/h3>\n<div class=\"rank-math-answer\">\n\n<p>S\u00ed, obtendr\u00e1 acceso a nuestro panel de afiliados, donde podr\u00e1 realizar un seguimiento de sus campa\u00f1as, monitorear estad\u00edsticas y ver crecer sus ganancias. <\/p>\n\n<\/div>\n<\/div>\n<div id=\"faq-question-1616087296362\" class=\"rank-math-list-item\">\n<h3 class=\"rank-math-question\">\u00bfPuedo comprar usando mi propio enlace?<\/h3>\n<div class=\"rank-math-answer\">\n\n<p>No, no puede utilizar su propio enlace para realizar una compra. Su compra no ser\u00e1 elegible para la comisi\u00f3n.<\/p>\n\n<\/div>\n<\/div>\n<div id=\"faq-question-1616087442536\" class=\"rank-math-list-item\">\n<h3 class=\"rank-math-question\">Estoy haciendo un sitio web para alguien. \u00bfPuedo referirlos?<\/h3>\n<div class=\"rank-math-answer\">\n\n<p>Absolutamente. Recomendamos hacerlo y ser\u00e1 elegible para recibir una comisi\u00f3n. Recomendar a alguien para que obtenga Rank Math PRO es una excelente manera de ganar dinero extra con un cliente existente. <\/p>\n\n<\/div>\n<\/div>\n<\/div>\n<\/div>\n\n\n<style>\n.entry-title { text-align: center; }\na.wp-block-button__link {\n    text-decoration: none;\n    padding: .667em 1.825em .777em;\n}\n.rank-math-list {\n    display: flex;\n    flex-flow: row wrap;\n    justify-content: space-between;\n}\n.rank-math-list-item {\n    flex: 0 0 49%;\n}\n.rank-math-question {\n    font-size: 1.25rem;\n    font-weight: 600;\n}\n<\/style>","protected":false},"excerpt":{"rendered":"","protected":false},"author":1,"featured_media":805806,"parent":0,"menu_order":0,"comment_status":"closed","ping_status":"closed","template":"page-affiliates.php","meta":{"footnotes":""},"class_list":["post-805302","page","type-page","status-publish","has-post-thumbnail"],"_links":{"self":[{"href":"https:\/\/rankmath.com\/es\/wp-json\/wp\/v2\/pages\/805302","targetHints":{"allow":["GET"]}}],"collection":[{"href":"https:\/\/rankmath.com\/es\/wp-json\/wp\/v2\/pages"}],"about":[{"href":"https:\/\/rankmath.com\/es\/wp-json\/wp\/v2\/types\/page"}],"author":[{"embeddable":true,"href":"https:\/\/rankmath.com\/es\/wp-json\/wp\/v2\/users\/1"}],"replies":[{"embeddable":true,"href":"https:\/\/rankmath.com\/es\/wp-json\/wp\/v2\/comments?post=805302"}],"version-history":[{"count":5,"href":"https:\/\/rankmath.com\/es\/wp-json\/wp\/v2\/pages\/805302\/revisions"}],"predecessor-version":[{"id":1732851,"href":"https:\/\/rankmath.com\/es\/wp-json\/wp\/v2\/pages\/805302\/revisions\/1732851"}],"wp:featuredmedia":[{"embeddable":true,"href":"https:\/\/rankmath.com\/es\/wp-json\/wp\/v2\/media\/805806"}],"wp:attachment":[{"href":"https:\/\/rankmath.com\/es\/wp-json\/wp\/v2\/media?parent=805302"}],"curies":[{"name":"wp","href":"https:\/\/api.w.org\/{rel}","templated":true}]}}