{"id":554356,"date":"2020-06-03T14:00:35","date_gmt":"2020-06-03T18:00:35","guid":{"rendered":"https:\/\/rankmath.com\/?page_id=554356"},"modified":"2025-08-25T06:32:53","modified_gmt":"2025-08-25T06:32:53","slug":"usage-tracking","status":"publish","type":"page","link":"https:\/\/rankmath.com\/es\/usage-tracking\/","title":{"rendered":"Pol\u00edtica de seguimiento de uso del complemento"},"content":{"rendered":"<p>Por defecto, <strong>Los desarrolladores de complementos no reciben datos de uso de WordPress.org en absoluto. <\/strong>esto es genial porque<strong>,<\/strong> en el esp\u00edritu de WordPress y el c\u00f3digo abierto en general, significa que las personas tienen el control total de sus datos. <\/p>\n\n\n\n<p>Dicho esto, tambi\u00e9n significa que Rank Math no tiene informaci\u00f3n sobre c\u00f3mo las personas interact\u00faan con el complemento, o identifica situaciones comunes en las que pueden surgir problemas al usar Rank Math a menos que nos informen a trav\u00e9s de uno de nuestros canales de soporte.<\/p>\n\n\n\n<p>Hence, to improve Rank Math, we offer <strong>optional, <a href=\"https:\/\/rankmath.com\/kb\/usage-tracking\/\" data-type=\"ht_kb\" data-id=\"1579918\">anonymous usage tracking<\/a><\/strong>. Enabling usage tracking is entirely <strong>opt-in<\/strong> and disabled by default. When enabled, this data helps us:\u00a0<\/p>\n\n\n\n<ul class=\"wp-block-list\">\n<li>Understand how Rank Math is used in real-world setups<\/li>\n\n\n\n<li>Identify and resolve bugs more quickly<\/li>\n\n\n\n<li>Prioritize development of features that matter most<\/li>\n\n\n\n<li>Improve compatibility across different server and site environments\u00a0<\/li>\n<\/ul>\n\n\n\n<p>Estos valiosos comentarios son clave para tomar decisiones informadas que conduzcan a una mejor experiencia de usuario, nuevas funciones, mejor documentaci\u00f3n y, en general, una experiencia m\u00e1s agradable.<\/p>\n\n\n\n<h2 class=\"wp-block-heading\"><strong>Conexi\u00f3n de la cuenta de Rank Math con el complemento<\/strong><\/h2>\n\n\n\n<p>When someone connects their Rank Math account with the Rank Math plugin during the initial setup process, we store their website URL and display that in your member area, accessible on rankmath.com, for easy client\/ website management.<\/p>\n\n\n\n<h2 class=\"wp-block-heading\"><strong>Datos de la consola de b\u00fasqueda<\/strong><\/h2>\n\n\n\n<p>Nosotros <strong>no <\/strong>almacenar o procesar cualquiera de sus datos de Google Analytics, Google Search Console o Google AdSense en nuestros servidores. El complemento simplemente obtiene los datos a trav\u00e9s de la API para mostrarlos en su \u00e1rea de administraci\u00f3n de WordPress y <strong>almacenarlo en la base de datos de su sitio web<\/strong>.<\/p>\n\n\n\n<h2 class=\"wp-block-heading\"><strong>Tu privacidad primero<\/strong><\/h2>\n\n\n\n<p>Nos tomamos muy en serio su privacidad y nos aseguramos de que nunca se haga un mal uso de ella. Para obtener m\u00e1s informaci\u00f3n sobre c\u00f3mo protegemos su informaci\u00f3n,&nbsp;<a rel=\"noreferrer noopener\" class=\"rank-math-link rank-math-link\" target=\"_blank\" href=\"https:\/\/rankmath.com\/es\/privacy-policy\/\">Lea nuestra pol\u00edtica de privacidad aqu\u00ed<\/a>.<\/p>\n\n\n\n<p><em>Last Updated On: 25th Aug, 2025<\/em><\/p>","protected":false},"excerpt":{"rendered":"<p>De forma predeterminada, los desarrolladores de complementos no reciben datos de uso de WordPress.org en absoluto. Esto es genial porque, en el esp\u00edritu de WordPress y el c\u00f3digo abierto en general, significa que las personas tienen el control total de sus datos. Dicho esto, tambi\u00e9n significa que Rank Math no tiene informaci\u00f3n sobre c\u00f3mo las personas interact\u00faan con el complemento, o identifican [\u2026]<\/p>","protected":false},"author":37,"featured_media":0,"parent":0,"menu_order":0,"comment_status":"closed","ping_status":"closed","template":"","meta":{"footnotes":""},"class_list":["post-554356","page","type-page","status-publish"],"_links":{"self":[{"href":"https:\/\/rankmath.com\/es\/wp-json\/wp\/v2\/pages\/554356","targetHints":{"allow":["GET"]}}],"collection":[{"href":"https:\/\/rankmath.com\/es\/wp-json\/wp\/v2\/pages"}],"about":[{"href":"https:\/\/rankmath.com\/es\/wp-json\/wp\/v2\/types\/page"}],"author":[{"embeddable":true,"href":"https:\/\/rankmath.com\/es\/wp-json\/wp\/v2\/users\/37"}],"replies":[{"embeddable":true,"href":"https:\/\/rankmath.com\/es\/wp-json\/wp\/v2\/comments?post=554356"}],"version-history":[{"count":4,"href":"https:\/\/rankmath.com\/es\/wp-json\/wp\/v2\/pages\/554356\/revisions"}],"predecessor-version":[{"id":1589985,"href":"https:\/\/rankmath.com\/es\/wp-json\/wp\/v2\/pages\/554356\/revisions\/1589985"}],"wp:attachment":[{"href":"https:\/\/rankmath.com\/es\/wp-json\/wp\/v2\/media?parent=554356"}],"curies":[{"name":"wp","href":"https:\/\/api.w.org\/{rel}","templated":true}]}}