{"id":396988,"date":"2022-11-02T13:12:17","date_gmt":"2022-11-02T13:12:17","guid":{"rendered":"https:\/\/rankmath.com\/?page_id=396988"},"modified":"2025-07-22T08:30:40","modified_gmt":"2025-07-22T08:30:40","slug":"meta-tag-analyzer","status":"publish","type":"page","link":"https:\/\/rankmath.com\/es\/tools\/meta-tag-analyzer\/","title":{"rendered":"Analizador de etiquetas meta"},"content":{"rendered":"<h3 class=\"wp-block-heading\"><strong>\u00bfCu\u00e1ntos caracteres puedo usar en la etiqueta de t\u00edtulo?<\/strong><\/h3>\n\n\n\n<p>Considere la etiqueta T\u00edtulo como un t\u00edtulo en el que se puede hacer clic para su p\u00e1gina en los resultados de b\u00fasqueda que deber\u00eda obligar a los buscadores a hacer clic.<\/p>\n\n\n\n<p>La longitud ideal para el metat\u00edtulo es de 50 a 60 caracteres y 580 p\u00edxeles. Por m\u00e1s tiempo, correr\u00e1 el riesgo de verse truncado, lo que reducir\u00e1 los clics.<\/p>\n\n\n\n<h3 class=\"wp-block-heading\"><strong>\u00bfC\u00f3mo escribir un buen t\u00edtulo SEO?<\/strong><\/h3>\n\n\n\n<p>Comprenda la psicolog\u00eda de su p\u00fablico objetivo y conc\u00e9ntrese en escribir un t\u00edtulo convincente en el que un buscador quiera hacer clic. Algunas pr\u00e1cticas bien conocidas incluir\u00edan:<\/p>\n\n\n\n<ol class=\"wp-block-list\"><li><strong>usa un numero<\/strong> \u2013 Las listas de amor de los humanos. Son f\u00e1ciles de leer y digerir. Es por eso que los t\u00edtulos que tienen un n\u00famero son tan efectivos.<\/li><li><strong>Usa una palabra poderosa<\/strong> &#8211; <a href=\"https:\/\/rankmath.com\/blog\/power-words\/\">palabras de poder<\/a> evocar emociones y obligar a las personas a seguir leyendo y hacer clic. Usarlos en tu t\u00edtulo te hace destacar entre la competencia.<\/li><li>Use una pregunta: los t\u00edtulos basados en preguntas son excelentes porque alientan a las personas a hacer clic para encontrar la respuesta. No es necesario que te excedas con eso.<\/li><\/ol>\n\n\n\n<h3 class=\"wp-block-heading\"><strong>\u00bfCu\u00e1ntos caracteres puedo usar en la descripci\u00f3n?<\/strong><\/h3>\n\n\n\n<p>La longitud ideal para una meta descripci\u00f3n es entre 50 y 160 caracteres, mientras que Google y otros motores de b\u00fasqueda la reducir\u00edan a ~ 155 a 160 caracteres, considerando el l\u00edmite de 920 p\u00edxeles.<\/p>\n\n\n\n<p>Entonces, incluso si su meta descripci\u00f3n no supera los 160 caracteres, si supera los 920 p\u00edxeles, Google truncar\u00e1 su descripci\u00f3n con puntos suspensivos.<\/p>\n\n\n\n<h3 class=\"wp-block-heading\"><strong>\u00bfC\u00f3mo escribir una buena meta descripci\u00f3n?<\/strong><\/h3>\n\n\n\n<p>Escriba una meta descripci\u00f3n \u00fanica que siga las mejores pr\u00e1cticas sin dejar que los motores de b\u00fasqueda seleccionen por su cuenta.&nbsp;&nbsp;<\/p>\n\n\n\n<ol class=\"wp-block-list\"><li>Use sus palabras clave de destino de forma natural y escriba pensando en los lectores humanos.&nbsp;<\/li><li>Resuma el contenido: describa los temas que trata su contenido.<\/li><li>La descripci\u00f3n debe estimular el inter\u00e9s de los lectores y hacer que hagan clic en el art\u00edculo. Piense en ello como un mini-anuncio para su contenido.<\/li><\/ol>","protected":false},"excerpt":{"rendered":"<p>\u00bfCu\u00e1ntos caracteres puedo usar en la etiqueta de t\u00edtulo? Considere la etiqueta T\u00edtulo como un t\u00edtulo en el que se puede hacer clic para su p\u00e1gina en los resultados de b\u00fasqueda que deber\u00eda obligar a los buscadores a hacer clic. La longitud ideal para el metat\u00edtulo es de 50 a 60 caracteres y 580 p\u00edxeles. Por m\u00e1s tiempo, correr\u00e1 el riesgo de verse truncado, lo que reducir\u00e1 los clics. C\u00f3mo [\u2026]<\/p>","protected":false},"author":13,"featured_media":0,"parent":388392,"menu_order":0,"comment_status":"closed","ping_status":"closed","template":"page-meta-tag-analyzer.php","meta":{"footnotes":""},"class_list":["post-396988","page","type-page","status-publish"],"_links":{"self":[{"href":"https:\/\/rankmath.com\/es\/wp-json\/wp\/v2\/pages\/396988","targetHints":{"allow":["GET"]}}],"collection":[{"href":"https:\/\/rankmath.com\/es\/wp-json\/wp\/v2\/pages"}],"about":[{"href":"https:\/\/rankmath.com\/es\/wp-json\/wp\/v2\/types\/page"}],"author":[{"embeddable":true,"href":"https:\/\/rankmath.com\/es\/wp-json\/wp\/v2\/users\/13"}],"replies":[{"embeddable":true,"href":"https:\/\/rankmath.com\/es\/wp-json\/wp\/v2\/comments?post=396988"}],"version-history":[{"count":4,"href":"https:\/\/rankmath.com\/es\/wp-json\/wp\/v2\/pages\/396988\/revisions"}],"predecessor-version":[{"id":1569119,"href":"https:\/\/rankmath.com\/es\/wp-json\/wp\/v2\/pages\/396988\/revisions\/1569119"}],"up":[{"embeddable":true,"href":"https:\/\/rankmath.com\/es\/wp-json\/wp\/v2\/pages\/388392"}],"wp:attachment":[{"href":"https:\/\/rankmath.com\/es\/wp-json\/wp\/v2\/media?parent=396988"}],"curies":[{"name":"wp","href":"https:\/\/api.w.org\/{rel}","templated":true}]}}