{"id":805672,"date":"2021-03-18T15:18:33","date_gmt":"2021-03-18T19:18:33","guid":{"rendered":"https:\/\/rankmath.com\/?page_id=805672"},"modified":"2024-11-27T17:26:28","modified_gmt":"2024-11-27T17:26:28","slug":"affiliate-terms-and-conditions","status":"publish","type":"page","link":"https:\/\/rankmath.com\/de\/affiliate-terms-and-conditions\/","title":{"rendered":"Affiliate-Nutzungsbedingungen"},"content":{"rendered":"<p>Wir behalten uns das Recht vor, alle Registrierungen von Partnern zu \u00fcberpr\u00fcfen und zu moderieren. Bitte beachten Sie, dass der \u00dcberpr\u00fcfungsprozess einige Zeit in Anspruch nehmen kann, da Bewerbungen ber\u00fccksichtigt werden \u2013 wir wissen, wie eifrig Sie sein m\u00fcssen, ein Partner zu werden, und wir wissen Ihre Geduld zu sch\u00e4tzen.&nbsp;<\/p>\n\n\n\n<p><strong>So bewerben Sie Rank Math<\/strong><\/p>\n\n\n\n<p>Wie Sie f\u00fcr Rank Math werben, spiegelt sich in der Provision wider, die Sie verdienen! Wir f\u00f6rdern den Einsatz von Werbemethoden, die einen Mehrwert f\u00fcr Rank Math schaffen und uns legitime, treue Kunden bringen. Wir empfehlen, unvoreingenommene schriftliche Inhalte und\/oder Videos \u00fcber SEO und Marketing oder Tutorials zu erstellen, in denen Rank Math vorgestellt werden kann. Als Affiliate sind Sie verpflichtet, alle geltenden Datenschutzgesetze einzuhalten, einschlie\u00dflich der Datenschutz-Grundverordnung (DSGVO) der Europ\u00e4ischen Union. Denken Sie daran, dass Sie die personenbezogenen Daten eines Freundes oder Gesch\u00e4ftspartners nicht ohne entsprechende Einwilligung verwenden d\u00fcrfen, wenn Sie \u00f6ffentlich f\u00fcr Rank Math werben.<\/p>\n\n\n\n<p><strong>Hier sind einige Beispiele f\u00fcr h\u00e4ufig verwendete Werbemethoden, die von den erfolgreichsten Affiliates zur Inspiration verwendet werden:&nbsp;<\/strong><\/p>\n\n\n\n<ul class=\"wp-block-list\">\n<li>Erz\u00e4hlen Sie Kunden, Kunden oder Freunden von Rank Math und geben Sie ihnen Ihren Affiliate-Empfehlungslink (lassen Sie sie wissen, dass Sie ihn tats\u00e4chlich verwenden und ihn w\u00e4rmstens empfehlen k\u00f6nnen, aber Sie w\u00fcrden eine kleine Provision f\u00fcr die Empfehlung verdienen).<\/li>\n\n\n\n<li>Schreiben Sie eine Bewertung oder einen Blogbeitrag oder erstellen Sie ein Video zu einem Thema in SEO &amp; Marketing und erw\u00e4hnen Sie Rank Math, wo es sinnvoll ist, indem Sie mit Ihrem Affiliate-Empfehlungslink und einer ordnungsgem\u00e4\u00dfen Offenlegung auf unsere Website verlinken.<\/li>\n\n\n\n<li>Erreichen Sie ein breites Publikum mit Ihren Konten in sozialen Netzwerken. Twittern Sie \u00fcber uns auf Twitter mit Ihrem Affiliate-Empfehlungslink, posten Sie \u00fcber uns auf Facebook mit Ihrem Affiliate-Link oder kommunizieren Sie mit Ihren LinkedIn-Followern \u00fcber Affiliate-Marketing mit Ihrem Affiliate-Link. Werbung ohne Spam ist eine gro\u00dfartige M\u00f6glichkeit, mehr Empfehlungen zu erhalten!<\/li>\n\n\n\n<li>Schreiben Sie eine Bewertung oder einen Blogbeitrag \u00fcber Affiliate-Marketing oder Rank Math und verlinken Sie mit Ihrem Empfehlungslink auf unsere Website.<\/li>\n\n\n\n<li>Bieten Sie anderen einen Mehrwert, indem Sie verwandte Fragen in Communities\/pers\u00f6nlich beantworten und sie auffordern, Ihren Empfehlungslink zu verwenden, wenn sie sich f\u00fcr einen Kauf entscheiden.&nbsp;<\/li>\n<\/ul>\n\n\n\n<p><strong>Stellen Sie im Zusammenhang mit Marketingma\u00dfnahmen, die Sie f\u00fcr unsere Produkte unternehmen m\u00f6chten, bitte sicher, dass alle Werbematerialien den folgenden Richtlinien entsprechen.<\/strong><\/p>\n\n\n\n<ol class=\"wp-block-list\">\n<li>Sie d\u00fcrfen keine Gesetze oder Vorschriften verletzen, die (i) falsche oder irref\u00fchrende Werbung, (ii) Gewinnspiele oder (iii) Gl\u00fccksspiele regeln.<\/li>\n\n\n\n<li>Sie d\u00fcrfen Nutzern keine Anreize bieten, auf Anzeigen zu klicken oder Angebote abzuschlie\u00dfen, die ihnen Bargeld, Punkte oder Preise einbringen oder sie automatisch an Wettbewerben, Verlosungen oder Gewinnspielen teilnehmen lassen.<\/li>\n\n\n\n<li>Ihre Werbematerialien d\u00fcrfen keine verunglimpfenden oder verleumderischen, verleumderischen oder verletzenden Inhalte enthalten; und\n<ol class=\"wp-block-list\">\n<li>keinen maschinenlesbaren Code enthalten, der unbeabsichtigt auf den Computer eines Empf\u00e4ngers heruntergeladen werden k\u00f6nnte (z. B. ein Wurm, ein Virus, ein Trojanisches Pferd oder andere selbstausf\u00fchrende Programme) und den Computer des Empf\u00e4ngers besch\u00e4digen oder \u00fcbernehmen k\u00f6nnte.<\/li>\n<\/ol>\n<\/li>\n\n\n\n<li>Ihre Websites und\/oder Videos d\u00fcrfen keine Materialien enthalten, die:\n<ol class=\"wp-block-list\">\n<li>Obsz\u00f6n oder pornographisch;<\/li>\n\n\n\n<li>Beleidigend, profan, hasserf\u00fcllt, bedrohlich, sch\u00e4dlich, verleumderisch, verleumderisch, bel\u00e4stigend oder diskriminierend (unabh\u00e4ngig davon, ob aufgrund von Rasse, ethnischer Zugeh\u00f6rigkeit, Glauben, Religion, Geschlecht, sexueller Orientierung, k\u00f6rperlicher Behinderung oder anderweitig);<\/li>\n\n\n\n<li>Grafisch gewaltt\u00e4tig; oder<\/li>\n\n\n\n<li>Besorgt von jeglichem rechtswidrigen Verhalten.<\/li>\n<\/ol>\n<\/li>\n\n\n\n<li>Vor allem m\u00fcssen Sie alle Gesetze, Verordnungen, Vorschriften, Anordnungen, Lizenzen, Genehmigungen, Urteile, Entscheidungen oder andere Anforderungen einer f\u00fcr Sie zust\u00e4ndigen Regierungsbeh\u00f6rde einhalten, unabh\u00e4ngig davon, ob diese Gesetze usw. jetzt oder sp\u00e4ter in Kraft treten w\u00e4hrend der Zeit, in der Sie ein Partner sind, in Kraft treten, einschlie\u00dflich des CAN-SPAM-Gesetzes von 2003 sowie der FTC-Regeln und -Richtlinien in Bezug auf Bef\u00fcrwortungen, Offenlegungen und Testimonials.&nbsp;<\/li>\n<\/ol>\n\n\n\n<p><strong>Produktrezensionen<\/strong><\/p>\n\n\n\n<p>Falls Sie eine Bewertung von Rank Math erstellen, sollten Sie sicherstellen, dass Sie im Voraus offenlegen, dass Sie einen Prozentsatz von jedem get\u00e4tigten Verkauf erhalten. Dar\u00fcber hinaus m\u00fcssen alle Empfehlungen die ehrliche Meinung oder Erfahrung des Unterst\u00fctzers widerspiegeln. Alle Offenlegungen m\u00fcssen klar und auff\u00e4llig und nicht versteckt sein. Der wichtigste Grundsatz ist, dass ein Endorsement die genaue Erfahrung und Meinung des Endorsers widerspiegeln muss.&nbsp;<\/p>\n\n\n\n<p>Dar\u00fcber hinaus m\u00fcssen Sie sich an folgende Hinweise halten:&nbsp;<\/p>\n\n\n\n<ol class=\"wp-block-list\">\n<li>Sie k\u00f6nnen nicht \u00fcber Ihre Erfahrungen mit einem Produkt sprechen, wenn Sie es nicht ausprobiert haben.&nbsp;<\/li>\n\n\n\n<li>Wenn Sie daf\u00fcr bezahlt wurden, ein Produkt auszuprobieren, und Sie dachten, es sei schrecklich, k\u00f6nnen Sie nicht sagen, dass es gro\u00dfartig ist.<\/li>\n\n\n\n<li>Sie k\u00f6nnen keine Behauptungen \u00fcber ein Produkt aufstellen, f\u00fcr die ein Nachweis erforderlich w\u00e4re, den Sie nicht haben. Sie k\u00f6nnen beispielsweise nicht sagen, dass ein Produkt eine bestimmte Krankheit heilen wird, wenn es keine wissenschaftlichen Beweise gibt, die dies belegen.&nbsp;<\/li>\n\n\n\n<li>Dar\u00fcber hinaus m\u00fcssen solche Offenlegungen klar, h\u00e4ufig und auff\u00e4llig erfolgen. Solche Offenlegungen stellen sicher, dass die Leser sich eine fundierte Meinung zu den von Ihnen bereitgestellten Informationen bilden k\u00f6nnen, indem sie verstehen, welchen m\u00f6glichen Einfluss Ihre materielle Verbindung zu unserem Unternehmen auf Ihre Bef\u00fcrwortung unserer Produkte haben k\u00f6nnte.&nbsp;<\/li>\n<\/ol>\n\n\n\n<p><strong>Verlinkung in Artikeln und\/oder Videos<\/strong><\/p>\n\n\n\n<p>Wenn Sie Ihren Rank Math-Affiliate-Link in einem Artikel und\/oder in Videos verwenden, m\u00fcssen Sie eine glasklare Offenlegung \u00fcber die Art Ihrer Affiliate-Links und die materielle Verbindung, die Sie mit unserem Unternehmen haben, anzeigen. Diese Offenlegungen m\u00fcssen auf derselben Seite erscheinen, auf der die Links erscheinen, und sie m\u00fcssen klar und deutlich sein und erfordern keine zus\u00e4tzliche Benutzerinteraktion zum Lesen (z. B. Klicken auf einen Link, Scrollen oder Bewegen der Maus \u00fcber ein Element). Laut der FTC selbst \u201eist es nicht gut genug, Offenlegungen an undurchsichtigen Stellen zu platzieren \u2013 zum Beispiel Begr\u00e4bnisse auf einer \u201e\u00dcber uns\u201c- oder \u201eAllgemeine Info\u201c-Seite oder hinter einem schlecht gekennzeichneten Hyperlink oder in einer Vereinbarung \u00fcber die Nutzungsbedingungen. Die durchschnittliche Person, die Ihre Website besucht, muss in der Lage sein, Ihre Offenlegung zu bemerken, sie zu lesen und zu verstehen\u201c.&nbsp;<\/p>\n\n\n\n<p>Das bedeutet, dass alle Offenlegungen vollst\u00e4ndig entweder vor oder in unmittelbarer N\u00e4he des Affiliate-Links selbst erscheinen sollten.&nbsp;<\/p>\n\n\n\n<p>Hier ist ein kurzes Beispiel f\u00fcr Sie:&nbsp;<\/p>\n\n\n\n<p><strong><em>Offenlegung: Einige der Links in diesem Beitrag\/Video sind <\/em><\/strong>\u201e<strong><em>Affiliate-Links\u201c \u2013 das bedeutet, dass ich eine Affiliate-Provision erhalte, wenn Sie auf den Link klicken und sich f\u00fcr einen Kauf entscheiden.<\/em><\/strong><\/p>\n\n\n\n<p><strong>Teilen in sozialen Netzwerken<\/strong><\/p>\n\n\n\n<p>Wenn Sie Ihren Rank Math-Affiliate-Link in sozialen Netzwerken verwenden, m\u00fcssen Sie auch eine klare Offenlegung \u00fcber die Art der Links und die materielle Verbindung, die Sie mit unserem Unternehmen haben, anzeigen. In Form von Social-Media-Beitr\u00e4gen m\u00fcssen diese Angaben Teil des Beitrags sein, der den Affiliate-Link enth\u00e4lt.&nbsp;<\/p>\n\n\n\n<p>Beispiel f\u00fcr eine Twitter-Offenlegung:&nbsp;<\/p>\n\n\n\n<p>\u201eHallo zusammen, ich habe vor kurzem damit begonnen, das Rank Math SEO-Plugin auf meiner Website zu verwenden, und es war wirklich hilfreich! Wenn Sie daran interessiert sind, es auch auszuprobieren, finden Sie hier meinen Affiliate-Link: [Affiliate-Link einf\u00fcgen]. Vollst\u00e4ndige Offenlegung: Ich erhalte eine Provision, wenn Sie \u00fcber diesen Link einen Kauf t\u00e4tigen. #ad #affiliate\u201c<\/p>\n\n\n\n<p>In diesem Beispiel ist die Offenlegung klar und pr\u00e4gnant und wird als Teil des Beitrags eingef\u00fcgt, der den Affiliate-Link enth\u00e4lt. Durch die Verwendung der Hashtags #ad und #affiliate wird Ihren Followern klar, dass es sich um einen kommerziellen Beitrag handelt und Sie in einer finanziellen Beziehung zu Rank Math stehen.\u201c<\/p>\n\n\n\n<p>Dar\u00fcber hinaus m\u00fcssen Sie sich an die jeweiligen Nutzungsbedingungen, Gesch\u00e4ftsbedingungen und alle anderen anwendbaren rechtlichen Bedingungen zwischen Ihnen und dem von Ihnen verwendeten Netzwerk halten.&nbsp;<\/p>\n\n\n\n<p><strong>Wie man Rank Math nicht f\u00f6rdert<\/strong><\/p>\n\n\n\n<p>Curating a definitive list of the allowed methods of promotion would be endless because there are tons of opportunities. However, what we can do to put your mind at ease is cover what is absolutely prohibited as a part of Rank Math\u2019s affiliate program. If your promotional methods step outside of these affiliate terms, your referrals may be rejected, and we may disable your affiliate account. We reserve the right to do this and may or may not notify you in the instance that this occurs. Please only use allowed promotional methods and help us help you succeed as an affiliate \u2013&nbsp;we thank you for your understanding &amp; support!&nbsp;<\/p>\n\n\n\n<p>Wir lieben und unterst\u00fctzen unser Produkt 100%, weshalb wir umso vorsichtiger damit umgehen, wie es beworben wird, und Partner suchen, die uns auf ethische Weise unterst\u00fctzen:&nbsp;<\/p>\n\n\n\n<ul class=\"wp-block-list\">\n<li><strong>Rank Math darf nicht auf Coupon-Websites beworben werden<\/strong><br>Kunden, die nach einem Rank Math-Gutschein suchen, sind bereits auf dem Markt f\u00fcr Rank Math, sodass diese Methode Rank Math keinen Mehrwert bringt.<\/li>\n\n\n\n<li><strong>Bezahlte Werbung mit Rank Math<\/strong>&#039;<strong>s Warenzeichen\/Markenname ist verboten<\/strong><br>Der Kauf von Anzeigen \u00fcber einen Dienst, einschlie\u00dflich, aber nicht beschr\u00e4nkt auf Google AdWords, Social-Media-Werbung oder Retargeting-Anzeigen mit unseren Marken-Keywords und Ihrem Affiliate-Link, f\u00fchrt zur Deaktivierung des Affiliate-Kontos.<\/li>\n\n\n\n<li><strong>Pay-per-Click-Marketing ist verboten<\/strong><br>Unser Partnerprogramm unterst\u00fctzt keine Pay-per-Click-Marketingpraktiken. Unterlassen Sie bei der Werbung f\u00fcr unsere Produkte jegliche Aktivit\u00e4ten im Zusammenhang mit PPC-Werbung.<\/li>\n\n\n\n<li><strong>F\u00f6rderung falscher oder irref\u00fchrender Informationen<br><\/strong>Jede Werbeaktivit\u00e4t, die falsche oder irref\u00fchrende Informationen verwendet, f\u00fchrt zur Deaktivierung des Affiliate-Kontos. Dazu geh\u00f6ren falsche Informationen, die darauf abzielen, potenzielle Kunden anzuklicken. Wenn Sie sich bez\u00fcglich der korrekten Informationen oder Details zur Bewerbung von Rank Math nicht sicher sind, kontaktieren Sie uns bitte \u2013 wir helfen Ihnen gerne weiter.<\/li>\n\n\n\n<li><strong>Jede Art von Spam ist verboten<br><\/strong>Spam in any form \u2013&nbsp;whether it is a link, ad, email, or comment is prohibited. Please respect the posting rules of any 3rd-party websites you use to promote Rank Math. This is not an exhaustive list of spam methods \u2013&nbsp;note that if we deem that your activity is spam, it is spam.<\/li>\n\n\n\n<li><strong>Jegliche illegale oder von uns als anst\u00f6\u00dfig erachtete Aktivit\u00e4t ist verboten<br><\/strong>Dieser ist wirklich selbstverst\u00e4ndlich und f\u00fchrt dazu, dass Empfehlungen abgelehnt und\/oder Ihr Affiliate-Konto deaktiviert werden.<\/li>\n\n\n\n<li><strong>Sich als Vertreter ausgeben\/in Verbindung mit Rank Math handeln<br><\/strong>Wir f\u00fchlen uns sehr geschmeichelt, aber geben Sie bitte nicht vor, ein Profi zu sein, der mit Rank Math in Verbindung gebracht wird. Verbundene Unternehmen gelten nicht als Mitarbeiter von Rank Math und haben keine Mitarbeiterrechte. Wenn Sie Rank Math-Optimierungsdienste anbieten und Ihren Affiliate-Link verwenden m\u00f6chten, wenn Sie Rank Math PRO empfehlen, ist dies akzeptabel.<\/li>\n\n\n\n<li><strong>Sich als Rank Math auszugeben ist strengstens verboten<br><\/strong>Das Klonen unserer Website, das Kopieren unserer Website oder das Verwenden eines unserer urheberrechtlich gesch\u00fctzten Verm\u00f6genswerte und das Vorgeben, dass eine von Ihnen erstellte Website eine offizielle Rank Math-Website ist, ist unethisch und verboten (dies schlie\u00dft die Verwendung von Diensten ein, die Websites automatisch klonen oder sie in iFrames platzieren).&nbsp;<\/li>\n<\/ul>\n\n\n\n<p><strong>Eink\u00e4ufe erstatten<\/strong><\/p>\n\n\n\n<p>Empfehlungen, die \u00e4lter als 30 Tage sind und sich in gutem Zustand befinden (dh der Kauf wurde nicht zur\u00fcckerstattet) werden bei jeder Provisionsauszahlung ber\u00fccksichtigt (wenn der Provisionssaldo $200 oder mehr betr\u00e4gt). Wenn ein Kauf erstattet wird, wird f\u00fcr diese Empfehlung keine Provision ausgezahlt.<\/p>\n\n\n\n<p>Wir behalten uns das Recht vor, Affiliate-Provisionen aus beliebigen Gr\u00fcnden abzulehnen. Ablehnungen von Provisionen k\u00f6nnen aus folgenden Gr\u00fcnden auftreten:<\/p>\n\n\n\n<ol class=\"wp-block-list\">\n<li>Der Verkauf, auf dem die Empfehlung basierte, wurde erstattet.<\/li>\n\n\n\n<li>Die Methode, mit der die Empfehlung generiert wurde, verstie\u00df gegen unsere Werberichtlinien (siehe oben) oder gegen den Geist der Partnervereinbarung.<\/li>\n<\/ol>\n\n\n\n<p>Bei R\u00fcckbuchungen f\u00fcr eine Transaktion, f\u00fcr die bereits eine Affiliate-Auszahlung vorgenommen wurde, ziehen wir diese von Ihrer nachfolgenden Auszahlung ab. Wenn es im n\u00e4chsten Monat keine Provision gibt, wird Ihr Affiliate-Guthaben negativ.&nbsp;<\/p>\n\n\n\n<p><strong>Lebensdauer des Empfehlungs-Cookies<\/strong><\/p>\n\n\n\n<p>Das Affiliate-Programm von Rank Math zahlt eine 30%-Provision auf alle Verk\u00e4ufe, einschlie\u00dflich Upgrades \u2013 das hei\u00dft, wenn jemand auf Rank Math PRO und sp\u00e4ter auf den Business-Plan upgradet, erhalten Sie weiterhin 30% von dem, was der von Ihnen geworbene Kunde uns bezahlt.<\/p>\n\n\n\n<p>The cookie lifetime is set to 60 days and is last-click, meaning the last affiliate link clicked will be awarded attribution for referring a user\/customer. Once attributed to an affiliate, that affiliate will earn a commission on all purchases from that customer within 60 days.<\/p>\n\n\n\n<p><strong>Affiliate-News &amp; Updates<\/strong><\/p>\n\n\n\n<p>Indem Sie ein Partner werden, stimmen Sie zu, E-Mails von uns zu erhalten. Diese E-Mails werden nur auf Ad-hoc-Basis an Partner gesendet und k\u00f6nnen wichtige Informationen zum Rank Math-Partnerprogramm enthalten. Diese E-Mails werden Sie auch mit relevanten Neuigkeiten und Updates versorgen, um Ihnen zu helfen, Rank Math effektiv zu bewerben.&nbsp;<\/p>\n\n\n\n<p>Bitte beachten Sie, dass Sie als Partner m\u00f6glicherweise in diese E-Mails mit gesperrten oder zeitkritischen Informationen eingeweiht sind (diese Informationen d\u00fcrfen nur beworben werden, nachdem ein Embargo aufgehoben wurde).&nbsp;<\/p>\n\n\n\n<p><strong>Fragen zu Ihrer Bewerbung<\/strong><\/p>\n\n\n\n<p>Wenn Sie sich als Partner bewerben, senden wir Ihnen m\u00f6glicherweise eine E-Mail an die von Ihnen angegebene E-Mail-Adresse mit einigen zus\u00e4tzlichen Fragen zu Ihrer Bewerbung.&nbsp;<\/p>\n\n\n\n<p>Dies kann folgende Gr\u00fcnde haben:&nbsp;<\/p>\n\n\n\n<ul class=\"wp-block-list\">\n<li>Wir haben etwas in Ihrer Bewerbung nicht verstanden, oder<\/li>\n\n\n\n<li>Wir w\u00fcrden gerne etwas mehr dar\u00fcber erfahren, wie Sie Rank Math bewerben m\u00f6chten, und ben\u00f6tigen dazu ein paar weitere Details.&nbsp;<\/li>\n<\/ul>\n\n\n\n<p>Wenn wir uns mit Ihnen in Verbindung setzen und innerhalb von 7 Tagen keine Antwort erhalten haben, kann Ihre Bewerbung abgelehnt werden. Wenn Ihre urspr\u00fcngliche Bewerbung abgelehnt wird, k\u00f6nnen Sie sich gerne erneut bewerben, um ein Partner zu werden, und uns weitere Einzelheiten zur erneuten Pr\u00fcfung mitteilen.&nbsp;<\/p>\n\n\n\n<p><strong>Ruhende Affiliate-Konten<\/strong><\/p>\n\n\n\n<p>Wir ermutigen alle unsere Partner, Rank Math aktiv zu bewerben, um weiterhin Empfehlungsprovisionen zu verdienen. Wenn wir Ihnen helfen k\u00f6nnen, Ideen zur F\u00f6rderung von Rank Math zu entwickeln, z\u00f6gern Sie bitte nicht, uns zu kontaktieren \u2013 wir sind f\u00fcr Sie da! Ein Affiliate-Konto gilt als ruhend, wenn nach einem Zeitraum von 6 Monaten keine Besuche generiert wurden. Ein ruhendes Affiliate-Konto wird vor\u00fcbergehend deaktiviert, wenn nach 6 Monaten keine Besuche generiert wurden.<\/p>\n\n\n\n<p><em>Zuletzt aktualisiert am:&nbsp;<\/em>22. August 2023<\/p>","protected":false},"excerpt":{"rendered":"<p>Wir behalten uns das Recht vor, alle Registrierungen von Partnern zu \u00fcberpr\u00fcfen und zu moderieren. Bitte beachten Sie, dass der \u00dcberpr\u00fcfungsprozess einige Zeit in Anspruch nehmen kann, da Bewerbungen ber\u00fccksichtigt werden \u2013 wir wissen, wie eifrig Sie sein m\u00fcssen, ein Partner zu werden, und wir wissen Ihre Geduld zu sch\u00e4tzen. So f\u00f6rdern Sie Rangmathematik Wie Sie Rank Math f\u00f6rdern, spiegelt sich wider [\u2026]<\/p>","protected":false},"author":1,"featured_media":0,"parent":0,"menu_order":0,"comment_status":"closed","ping_status":"closed","template":"","meta":{"footnotes":""},"class_list":["post-805672","page","type-page","status-publish"],"_links":{"self":[{"href":"https:\/\/rankmath.com\/de\/wp-json\/wp\/v2\/pages\/805672","targetHints":{"allow":["GET"]}}],"collection":[{"href":"https:\/\/rankmath.com\/de\/wp-json\/wp\/v2\/pages"}],"about":[{"href":"https:\/\/rankmath.com\/de\/wp-json\/wp\/v2\/types\/page"}],"author":[{"embeddable":true,"href":"https:\/\/rankmath.com\/de\/wp-json\/wp\/v2\/users\/1"}],"replies":[{"embeddable":true,"href":"https:\/\/rankmath.com\/de\/wp-json\/wp\/v2\/comments?post=805672"}],"version-history":[{"count":3,"href":"https:\/\/rankmath.com\/de\/wp-json\/wp\/v2\/pages\/805672\/revisions"}],"predecessor-version":[{"id":1426473,"href":"https:\/\/rankmath.com\/de\/wp-json\/wp\/v2\/pages\/805672\/revisions\/1426473"}],"wp:attachment":[{"href":"https:\/\/rankmath.com\/de\/wp-json\/wp\/v2\/media?parent=805672"}],"curies":[{"name":"wp","href":"https:\/\/api.w.org\/{rel}","templated":true}]}}