{"id":805302,"date":"2021-03-18T07:59:00","date_gmt":"2021-03-18T11:59:00","guid":{"rendered":"https:\/\/rankmath.com\/?page_id=805302"},"modified":"2023-08-31T10:32:21","modified_gmt":"2023-08-31T10:32:21","slug":"affiliates","status":"publish","type":"page","link":"https:\/\/rankmath.com\/de\/affiliates\/","title":{"rendered":"Rank Math-Partnerprogramm"},"content":{"rendered":"<div style=\"height:20px\" aria-hidden=\"true\" class=\"wp-block-spacer\"><\/div>\n\n\n<div id=\"rank-math-faq\" class=\"rank-math-block\">\n<div class=\"rank-math-list\">\n<div id=\"faq-question-1616067346704\" class=\"rank-math-list-item\">\n<h3 class=\"rank-math-question\">Gibt es eine Mindestauszahlungsschwelle?<\/h3>\n<div class=\"rank-math-answer\">\n\n<p>Ja, wir bezahlen unsere Partner jedes Mal, wenn sie Einnahmen von mindestens $200 erzielen. Wenn wir Auszahlungen zum Zeitpunkt jedes einzelnen Verkaufs senden w\u00fcrden, w\u00fcrde die Anzahl der Transaktionen sowohl f\u00fcr Sie als auch f\u00fcr uns schnell au\u00dfer Kontrolle geraten. <\/p>\n\n<\/div>\n<\/div>\n<div id=\"faq-question-1616067366571\" class=\"rank-math-list-item\">\n<h3 class=\"rank-math-question\">Muss ich ein Rank Math-Benutzer sein?<\/h3>\n<div class=\"rank-math-answer\">\n\n<p>Nicht unbedingt. Wir empfehlen jedoch die Verwendung von Rank Math, denn je mehr Sie sich mit Rank Math PRO vertraut machen, desto einfacher wird es f\u00fcr Sie, eine ehrliche Empfehlung auszusprechen und diese in Ihren Inhalten, YouTube-Videos usw. zu pr\u00e4sentieren. <\/p>\n\n<\/div>\n<\/div>\n<div id=\"faq-question-1616067390363\" class=\"rank-math-list-item\">\n<h3 class=\"rank-math-question\">Wie lange wird ein Kunde meinem Konto zugeordnet?<\/h3>\n<div class=\"rank-math-answer\">\n\n<p>Manchmal kann es einige Tage dauern, bis ein Kunde einen Kauf t\u00e4tigt. Wir stellen jedoch sicher, dass eine Empfehlung Ihrem Konto gutgeschrieben wird, wenn der Kunde innerhalb von 60 Tagen einen Kauf t\u00e4tigt. <\/p>\n\n<\/div>\n<\/div>\n<div id=\"faq-question-1616067544300\" class=\"rank-math-list-item\">\n<h3 class=\"rank-math-question\">Wann werde ich bezahlt?<\/h3>\n<div class=\"rank-math-answer\">\n\n<p>Im Rahmen unserer 30-Tage-R\u00fcckerstattungsrichtlinie zahlen wir Ihnen den Betrag nach Ablauf dieser Frist innerhalb von 30 Tagen aus (unter der Voraussetzung, dass Sie die Mindestauszahlungsgrenze erreicht haben). <\/p>\n\n<\/div>\n<\/div>\n<div id=\"faq-question-1616087158921\" class=\"rank-math-list-item\">\n<h3 class=\"rank-math-question\">Ben\u00f6tige ich eine Website, um Rank Math zu bewerben?<\/h3>\n<div class=\"rank-math-answer\">\n\n<p>Nein, Sie ben\u00f6tigen keine Website, um f\u00fcr Rank Math zu werben und unser Partnerprogramm zu nutzen. Wenn Sie bezahltes Marketing (nach vorheriger Genehmigung durch uns), E-Mail-Marketing oder Gastblogging betreiben, k\u00f6nnen Sie sich als Affiliate bewerben. Bitte beachten Sie, dass wir PPC nicht zulassen \u2013 weder direkt noch \u00fcber eine Landingpage. <\/p>\n\n<\/div>\n<\/div>\n<div id=\"faq-question-1616087241681\" class=\"rank-math-list-item\">\n<h3 class=\"rank-math-question\">Kann ich die Statistiken und Einnahmen sehen?<\/h3>\n<div class=\"rank-math-answer\">\n\n<p>Ja, Sie erhalten Zugriff auf unser Affiliate-Dashboard, wo Sie Ihre Kampagnen verfolgen, Statistiken \u00fcberwachen und Ihre Einnahmen wachsen sehen k\u00f6nnen. <\/p>\n\n<\/div>\n<\/div>\n<div id=\"faq-question-1616087296362\" class=\"rank-math-list-item\">\n<h3 class=\"rank-math-question\">Kann ich \u00fcber meinen eigenen Link kaufen?<\/h3>\n<div class=\"rank-math-answer\">\n\n<p>Nein, Sie k\u00f6nnen Ihren eigenen Link nicht verwenden, um einen Kauf zu t\u00e4tigen. Ihr Kauf ist nicht f\u00fcr die Provision berechtigt.<\/p>\n\n<\/div>\n<\/div>\n<div id=\"faq-question-1616087442536\" class=\"rank-math-list-item\">\n<h3 class=\"rank-math-question\">Ich erstelle eine Website f\u00fcr jemanden. Kann ich sie verweisen?<\/h3>\n<div class=\"rank-math-answer\">\n\n<p>Absolut. Wir empfehlen Ihnen, dies zu tun, und Sie haben Anspruch auf eine Provision. Wenn Sie jemandem Rank Math PRO empfehlen, k\u00f6nnen Sie mit einem bestehenden Kunden zus\u00e4tzliches Geld verdienen. <\/p>\n\n<\/div>\n<\/div>\n<\/div>\n<\/div>\n\n\n<style>\n.entry-title { text-align: center; }\na.wp-block-button__link {\n    text-decoration: none;\n    padding: .667em 1.825em .777em;\n}\n.rank-math-list {\n    display: flex;\n    flex-flow: row wrap;\n    justify-content: space-between;\n}\n.rank-math-list-item {\n    flex: 0 0 49%;\n}\n.rank-math-question {\n    font-size: 1.25rem;\n    font-weight: 600;\n}\n<\/style>","protected":false},"excerpt":{"rendered":"","protected":false},"author":1,"featured_media":805806,"parent":0,"menu_order":0,"comment_status":"closed","ping_status":"closed","template":"page-affiliates.php","meta":{"footnotes":""},"class_list":["post-805302","page","type-page","status-publish","has-post-thumbnail"],"_links":{"self":[{"href":"https:\/\/rankmath.com\/de\/wp-json\/wp\/v2\/pages\/805302","targetHints":{"allow":["GET"]}}],"collection":[{"href":"https:\/\/rankmath.com\/de\/wp-json\/wp\/v2\/pages"}],"about":[{"href":"https:\/\/rankmath.com\/de\/wp-json\/wp\/v2\/types\/page"}],"author":[{"embeddable":true,"href":"https:\/\/rankmath.com\/de\/wp-json\/wp\/v2\/users\/1"}],"replies":[{"embeddable":true,"href":"https:\/\/rankmath.com\/de\/wp-json\/wp\/v2\/comments?post=805302"}],"version-history":[{"count":3,"href":"https:\/\/rankmath.com\/de\/wp-json\/wp\/v2\/pages\/805302\/revisions"}],"predecessor-version":[{"id":1188641,"href":"https:\/\/rankmath.com\/de\/wp-json\/wp\/v2\/pages\/805302\/revisions\/1188641"}],"wp:featuredmedia":[{"embeddable":true,"href":"https:\/\/rankmath.com\/de\/wp-json\/wp\/v2\/media\/805806"}],"wp:attachment":[{"href":"https:\/\/rankmath.com\/de\/wp-json\/wp\/v2\/media?parent=805302"}],"curies":[{"name":"wp","href":"https:\/\/api.w.org\/{rel}","templated":true}]}}