{"id":554356,"date":"2020-06-03T14:00:35","date_gmt":"2020-06-03T18:00:35","guid":{"rendered":"https:\/\/rankmath.com\/?page_id=554356"},"modified":"2025-08-25T06:32:53","modified_gmt":"2025-08-25T06:32:53","slug":"usage-tracking","status":"publish","type":"page","link":"https:\/\/rankmath.com\/de\/usage-tracking\/","title":{"rendered":"Nutzungsverfolgungsrichtlinie des Plugins"},"content":{"rendered":"<p>Standardm\u00e4\u00dfig, <strong>Plugin-Entwickler erhalten keinerlei Nutzungsdaten von WordPress.org. <\/strong>Das ist gro\u00dfartig, weil<strong>,<\/strong> Im Sinne von WordPress und Open Source im Allgemeinen bedeutet dies, dass die Menschen die vollst\u00e4ndige Kontrolle \u00fcber ihre Daten haben. <\/p>\n\n\n\n<p>Davon abgesehen bedeutet dies auch, dass Rank Math keine Informationen dar\u00fcber hat, wie Menschen mit dem Plugin interagieren, oder h\u00e4ufige Situationen identifiziert, in denen Probleme bei der Verwendung von Rank Math auftreten k\u00f6nnen, es sei denn, sie teilen uns dies \u00fcber einen unserer Supportkan\u00e4le mit.<\/p>\n\n\n\n<p>Um Rank Math zu verbessern, bieten wir daher <strong>optional, <a href=\"https:\/\/rankmath.com\/kb\/usage-tracking\/\" data-type=\"ht_kb\" data-id=\"1579918\">anonyme Nutzungsverfolgung<\/a><\/strong>. Die Aktivierung der Nutzungsverfolgung ist vollst\u00e4ndig <strong>Opt-in<\/strong> und standardm\u00e4\u00dfig deaktiviert. Wenn sie aktiviert sind, helfen uns diese Daten:\u00a0<\/p>\n\n\n\n<ul class=\"wp-block-list\">\n<li>Verstehen, wie Rank Math in der Praxis eingesetzt wird<\/li>\n\n\n\n<li>Schnellere Identifizierung und Behebung von Fehlern<\/li>\n\n\n\n<li>Priorisieren Sie die Entwicklung der wichtigsten Funktionen<\/li>\n\n\n\n<li>Verbesserung der Kompatibilit\u00e4t zwischen verschiedenen Server- und Standortumgebungen\u00a0<\/li>\n<\/ul>\n\n\n\n<p>Dieses wertvolle Feedback ist der Schl\u00fcssel zu fundierten Entscheidungen, die zu einer besseren Benutzererfahrung, neuen Funktionen, besserer Dokumentation und insgesamt einem angenehmeren Erlebnis f\u00fchren.<\/p>\n\n\n\n<h2 class=\"wp-block-heading\"><strong>Die Kontoverbindung von Rank Math mit dem Plugin<\/strong><\/h2>\n\n\n\n<p>Wenn jemand w\u00e4hrend der Ersteinrichtung sein Rank Math-Konto mit dem Rank Math-Plugin verbindet, speichern wir seine Website-URL und zeigen diese in Ihrem Mitgliederbereich an, der auf rankmath.com zug\u00e4nglich ist, um die Verwaltung von Kunden und Websites zu erleichtern.<\/p>\n\n\n\n<h2 class=\"wp-block-heading\"><strong>Search Console-Daten<\/strong><\/h2>\n\n\n\n<p>Wir <strong>nicht <\/strong>Ihre Google Analytics-, Google Search Console- oder Google AdSense-Daten auf unseren Servern speichern oder verarbeiten. Das Plugin ruft die Daten einfach \u00fcber die API ab, um sie in Ihrem WordPress-Adminbereich anzuzeigen und anzuzeigen <strong>Speichern Sie es in der Datenbank Ihrer Website<\/strong>.<\/p>\n\n\n\n<h2 class=\"wp-block-heading\"><strong>Ihre Privatsph\u00e4re zuerst<\/strong><\/h2>\n\n\n\n<p>Wir nehmen Ihre Privatsph\u00e4re sehr ernst und stellen sicher, dass sie niemals missbraucht wird. Weitere Informationen dar\u00fcber, wie wir Ihre Daten sch\u00fctzen,&nbsp;<a rel=\"noreferrer noopener\" class=\"rank-math-link rank-math-link\" target=\"_blank\" href=\"https:\/\/rankmath.com\/de\/privacy-policy\/\">Lesen Sie hier unsere Datenschutzerkl\u00e4rung<\/a>.<\/p>\n\n\n\n<p><em>Zuletzt aktualisiert am: 25 Aug, 2025<\/em><\/p>","protected":false},"excerpt":{"rendered":"<p>Standardm\u00e4\u00dfig erhalten Plugin-Entwickler keinerlei Nutzungsdaten von WordPress.org. Das ist gro\u00dfartig, denn im Geiste von WordPress und Open Source im Allgemeinen bedeutet dies, dass die Menschen die vollst\u00e4ndige Kontrolle \u00fcber ihre Daten haben. Davon abgesehen bedeutet dies auch, dass Rank Math keine Informationen dar\u00fcber hat, wie Menschen mit dem Plugin interagieren oder gemeinsame [\u2026]<\/p>","protected":false},"author":37,"featured_media":0,"parent":0,"menu_order":0,"comment_status":"closed","ping_status":"closed","template":"","meta":{"footnotes":""},"class_list":["post-554356","page","type-page","status-publish"],"_links":{"self":[{"href":"https:\/\/rankmath.com\/de\/wp-json\/wp\/v2\/pages\/554356","targetHints":{"allow":["GET"]}}],"collection":[{"href":"https:\/\/rankmath.com\/de\/wp-json\/wp\/v2\/pages"}],"about":[{"href":"https:\/\/rankmath.com\/de\/wp-json\/wp\/v2\/types\/page"}],"author":[{"embeddable":true,"href":"https:\/\/rankmath.com\/de\/wp-json\/wp\/v2\/users\/37"}],"replies":[{"embeddable":true,"href":"https:\/\/rankmath.com\/de\/wp-json\/wp\/v2\/comments?post=554356"}],"version-history":[{"count":4,"href":"https:\/\/rankmath.com\/de\/wp-json\/wp\/v2\/pages\/554356\/revisions"}],"predecessor-version":[{"id":1589985,"href":"https:\/\/rankmath.com\/de\/wp-json\/wp\/v2\/pages\/554356\/revisions\/1589985"}],"wp:attachment":[{"href":"https:\/\/rankmath.com\/de\/wp-json\/wp\/v2\/media?parent=554356"}],"curies":[{"name":"wp","href":"https:\/\/api.w.org\/{rel}","templated":true}]}}