{"id":396988,"date":"2022-11-02T13:12:17","date_gmt":"2022-11-02T13:12:17","guid":{"rendered":"https:\/\/rankmath.com\/?page_id=396988"},"modified":"2025-07-22T08:30:40","modified_gmt":"2025-07-22T08:30:40","slug":"meta-tag-analyzer","status":"publish","type":"page","link":"https:\/\/rankmath.com\/de\/tools\/meta-tag-analyzer\/","title":{"rendered":"Meta-Tag-Analysator"},"content":{"rendered":"<h3 class=\"wp-block-heading\"><strong>Wie viele Zeichen kann ich im Titel-Tag verwenden?<\/strong><\/h3>\n\n\n\n<p>Betrachten Sie den Titel-Tag als anklickbare \u00dcberschrift f\u00fcr Ihre Seite in den Suchergebnissen, die die Suchenden zum Anklicken anregen soll.<\/p>\n\n\n\n<p>Die ideale L\u00e4nge des Metatitels betr\u00e4gt 50-60 Zeichen und 580 Pixel. Ist der Metatitel l\u00e4nger, besteht die Gefahr, dass er abgeschnitten wird und die Klickrate sinkt.<\/p>\n\n\n\n<h3 class=\"wp-block-heading\"><strong>Wie schreibe ich einen guten SEO-Titel?<\/strong><\/h3>\n\n\n\n<p>Verstehen Sie die Psychologie Ihrer Zielgruppe und formulieren Sie einen packenden Titel, der das Interesse der Leser weckt. Hier sind einige bew\u00e4hrte Methoden:<\/p>\n\n\n\n<ol class=\"wp-block-list\"><li><strong>Verwenden Sie eine Zahl<\/strong> \u2013 Menschen m\u00f6gen Zahlen. Sie sind leicht zu lesen und zu verstehen. Deshalb sind \u00dcberschriften mit Zahlen so effektiv.<\/li><li><strong>Verwenden Sie ein Signalwort<\/strong> &#8211; <a href=\"https:\/\/rankmath.com\/blog\/power-words\/\">Signalw\u00f6rter<\/a> wecken Emotionen und verleiten zum Weiterlesen und Anklicken. Wenn Sie sie in Ihrem Titel verwenden, heben Sie sich von der Konkurrenz ab.<\/li><li>Verwenden Sie eine Frage - Titel, die auf Fragen basieren, sind gro\u00dfartig, da sie die Leute dazu anregen, auf die Frage zu klicken, um die Antwort zu finden. \u00dcbertreiben Sie es nicht.<\/li><\/ol>\n\n\n\n<h3 class=\"wp-block-heading\"><strong>Wie viele Zeichen kann ich in der Beschreibung verwenden?<\/strong><\/h3>\n\n\n\n<p>Die ideale L\u00e4nge f\u00fcr eine Meta-Beschreibung liegt zwischen 50-160 Zeichen, w\u00e4hrend Google und andere Suchmaschinen sie unter Ber\u00fccksichtigung der 920-Pixel-Grenze auf ~ 155-160 Zeichen k\u00fcrzen w\u00fcrden.<\/p>\n\n\n\n<p>Selbst wenn Ihre Meta-Beschreibung 160 Zeichen nicht \u00fcberschreitet, wird Google Ihre Beschreibung dennoch mit Auslassungspunkten abschneiden, wenn sie 920 Pixel \u00fcberschreitet.<\/p>\n\n\n\n<h3 class=\"wp-block-heading\"><strong>Wie schreibe ich eine gute Meta-Beschreibung?<\/strong><\/h3>\n\n\n\n<p>Schreiben Sie eine einzigartige Meta-Beschreibung, die den Best Practices entspricht. \u00dcberlassen Sie die Auswahl nicht den Suchmaschinen.&nbsp;&nbsp;<\/p>\n\n\n\n<ol class=\"wp-block-list\"><li>Verwenden Sie Ihre Zielschl\u00fcsselw\u00f6rter auf nat\u00fcrliche Weise und schreiben Sie mit Blick auf menschliche Leser.&nbsp;<\/li><li>Fassen Sie den Inhalt zusammen \u2013 beschreiben Sie die Themen, die Ihr Inhalt behandelt.<\/li><li>Die Beschreibung soll das Interesse des Lesers wecken und ihn dazu bringen, auf den Artikel zu klicken. Betrachten Sie es als Mini-Werbung f\u00fcr Ihre Inhalte.<\/li><\/ol>","protected":false},"excerpt":{"rendered":"<p>Wie viele Zeichen kann ich im Titel-Tag verwenden? Betrachten Sie das Titel-Tag als anklickbare \u00dcberschrift f\u00fcr Ihre Seite in den Suchergebnissen, die die Suchenden zum Durchklicken anregen sollte. Die ideale L\u00e4nge f\u00fcr den Metatitel betr\u00e4gt 50\u201360 Zeichen und 580 Pixel. Wenn Sie l\u00e4nger bleiben, riskieren Sie, abgeschnitten zu werden und die Klickraten zu verringern. Wie man [\u2026]<\/p>","protected":false},"author":13,"featured_media":0,"parent":388392,"menu_order":0,"comment_status":"closed","ping_status":"closed","template":"page-meta-tag-analyzer.php","meta":{"footnotes":""},"class_list":["post-396988","page","type-page","status-publish"],"_links":{"self":[{"href":"https:\/\/rankmath.com\/de\/wp-json\/wp\/v2\/pages\/396988","targetHints":{"allow":["GET"]}}],"collection":[{"href":"https:\/\/rankmath.com\/de\/wp-json\/wp\/v2\/pages"}],"about":[{"href":"https:\/\/rankmath.com\/de\/wp-json\/wp\/v2\/types\/page"}],"author":[{"embeddable":true,"href":"https:\/\/rankmath.com\/de\/wp-json\/wp\/v2\/users\/13"}],"replies":[{"embeddable":true,"href":"https:\/\/rankmath.com\/de\/wp-json\/wp\/v2\/comments?post=396988"}],"version-history":[{"count":4,"href":"https:\/\/rankmath.com\/de\/wp-json\/wp\/v2\/pages\/396988\/revisions"}],"predecessor-version":[{"id":1569119,"href":"https:\/\/rankmath.com\/de\/wp-json\/wp\/v2\/pages\/396988\/revisions\/1569119"}],"up":[{"embeddable":true,"href":"https:\/\/rankmath.com\/de\/wp-json\/wp\/v2\/pages\/388392"}],"wp:attachment":[{"href":"https:\/\/rankmath.com\/de\/wp-json\/wp\/v2\/media?parent=396988"}],"curies":[{"name":"wp","href":"https:\/\/api.w.org\/{rel}","templated":true}]}}